{"id":724888,"date":"2025-08-27T19:41:14","date_gmt":"2025-08-27T16:41:14","guid":{"rendered":"https:\/\/roveyayinevi.com.tr\/index.php\/urun\/misir-hanefiligi\/"},"modified":"2026-04-16T02:32:47","modified_gmt":"2026-04-15T23:32:47","slug":"misir-hanefiligi","status":"publish","type":"product","link":"https:\/\/roveyayinevi.com.tr\/index.php\/urun\/misir-hanefiligi\/","title":{"rendered":"M\u0131s\u0131r Hanefili\u011fi"},"content":{"rendered":"<p>Hanef\u00ee mezhebi, te\u015fekk\u00fcl etmeye ba\u015flad\u0131\u011f\u0131 ilk d\u00f6nemlerden itibaren M\u00fcsl\u00fcmanlar\u0131n ya\u015fad\u0131\u011f\u0131 bir\u00e7ok co\u011frafyada yay\u0131lma imkan\u0131 bulmu\u015ftur. Erken d\u00f6nemlerden itibaren Hanefi mezhebinin yay\u0131ld\u0131\u011f\u0131 \u00f6nemli bir havza da M\u0131s\u0131r ve \u00e7evresi olmu\u015ftur. F\u00e2t\u0131m\u00eelerin b\u00f6lgeye h\u00e2kim olmas\u0131yla birlikte Hanefi mezhebi bu havzada uzun bir sure kaybolmu\u015fken, Eyy\u00fbb\u00eelerin M\u0131s\u0131r\u2019\u0131 ele ge\u00e7irmesi, yeni bir d\u00f6nemin ba\u015flang\u0131c\u0131 olmu\u015ftur. Zeng\u00eeler, Eyy\u00fbb\u00eeler ve \u00f6zellikle de Meml\u00fckler d\u00f6neminde ya\u015fan Hanef\u00ee fakihler, M\u0131s\u0131r ve \u00e7evresinde mezhebi tekrar canland\u0131rarak farkl\u0131 bir anlay\u0131\u015f geli\u015ftirmi\u015flerdir. Bu d\u00f6nemdeki Hanefi fakihler, mezhep birikimini hadis merkezli f\u0131k\u0131h d\u00fc\u015f\u00fcncesi ile yeniden yorumlay\u0131p g\u00fcncellemi\u015flerdir.Bu \u00e7al\u0131\u015fmada Meml\u00fckler d\u00f6nemindeki Hanefi fakihlerin olu\u015fturdu\u011fu &#8220;M\u0131s\u0131r Hanef\u00eeli\u011fi ekol\u00fc\u201d incelenmi\u015f, ekol\u00fcn olu\u015fumunda etkili olan sebepler, \u015fah\u0131slar ve onlar\u0131n f\u0131khi d\u00fc\u015f\u00fcnceleri \u00fczerinde durulmu\u015ftur.<\/p>\n","protected":false},"excerpt":{"rendered":"<p>Hanef\u00ee mezhebi, te\u015fekk\u00fcl etmeye ba\u015flad\u0131\u011f\u0131 ilk d\u00f6nemlerden itibaren M\u00fcsl\u00fcmanlar\u0131n ya\u015fad\u0131\u011f\u0131 bir\u00e7ok co\u011frafyada yay\u0131lma imkan\u0131 bulmu\u015ftur. Erken d\u00f6nemlerden itibaren Hanefi mezhebinin yay\u0131ld\u0131\u011f\u0131 \u00f6nemli bir havza da M\u0131s\u0131r<span class=\"excerpt-hellip\"> [\u2026]<\/span><\/p>\n","protected":false},"featured_media":0,"template":"","meta":{"_monsterinsights_skip_tracking":false,"_monsterinsights_sitenote_active":false,"_monsterinsights_sitenote_note":"","_monsterinsights_sitenote_category":0},"product_brand":[],"product_cat":[12718,12719],"product_tag":[],"class_list":{"0":"post-724888","1":"product","2":"type-product","3":"status-publish","5":"product_cat-din","6":"product_cat-islam","7":"pa_cilt-ciltsiz","8":"pa_tur-kitap","9":"pa_yayinevi-astana-yayinlari","10":"pa_yazar-bekir-karadag","12":"first","13":"instock","14":"sale","15":"shipping-taxable","16":"purchasable","17":"product-type-simple"},"_links":{"self":[{"href":"https:\/\/roveyayinevi.com.tr\/index.php\/wp-json\/wp\/v2\/product\/724888","targetHints":{"allow":["GET"]}}],"collection":[{"href":"https:\/\/roveyayinevi.com.tr\/index.php\/wp-json\/wp\/v2\/product"}],"about":[{"href":"https:\/\/roveyayinevi.com.tr\/index.php\/wp-json\/wp\/v2\/types\/product"}],"wp:attachment":[{"href":"https:\/\/roveyayinevi.com.tr\/index.php\/wp-json\/wp\/v2\/media?parent=724888"}],"wp:term":[{"taxonomy":"product_brand","embeddable":true,"href":"https:\/\/roveyayinevi.com.tr\/index.php\/wp-json\/wp\/v2\/product_brand?post=724888"},{"taxonomy":"product_cat","embeddable":true,"href":"https:\/\/roveyayinevi.com.tr\/index.php\/wp-json\/wp\/v2\/product_cat?post=724888"},{"taxonomy":"product_tag","embeddable":true,"href":"https:\/\/roveyayinevi.com.tr\/index.php\/wp-json\/wp\/v2\/product_tag?post=724888"}],"curies":[{"name":"wp","href":"https:\/\/api.w.org\/{rel}","templated":true}]}}