{"id":724887,"date":"2025-08-27T19:41:13","date_gmt":"2025-08-27T16:41:13","guid":{"rendered":"https:\/\/roveyayinevi.com.tr\/index.php\/urun\/ogretmen-ve-ogrenci-el-kitabi\/"},"modified":"2026-04-15T02:43:31","modified_gmt":"2026-04-14T23:43:31","slug":"ogretmen-ve-ogrenci-el-kitabi","status":"publish","type":"product","link":"https:\/\/roveyayinevi.com.tr\/index.php\/urun\/ogretmen-ve-ogrenci-el-kitabi\/","title":{"rendered":"\u00d6\u011fretmen ve \u00d6\u011frenci El Kitab\u0131"},"content":{"rendered":"<p>\u00dclkemizde gerekti\u011fi kadar \u00f6nem g\u00f6sterilmeyen \u00f6\u011fretmenlik mesle\u011fi nedir? Nas\u0131l olmal\u0131d\u0131r? E\u011fitim fak\u00fclteleri, \u00f6\u011fretmenlik maa\u015flar\u0131 ve benzeri konular\u0131 ele alarak \u00f6\u011fretmenlik mesle\u011fine g\u00fcn\u00fcm\u00fczde verilen \u00f6nemi anlayabiliriz. Mustafa Kemal ATAT\u00dcRK zaman\u0131nda e\u011fitimde bir\u00e7ok yenilik yap\u0131p bu kutsal meslek i\u00e7in &#8220;\u00d6\u011fretmenler!&#8230; Cumhuriyet, fikren, ilmen, fennen, bedenen kuvvetli ve y\u00fcksek seviyeli muhaf\u0131zlar ister. Yeni nesli bu nitelik ve kabiliyette yeti\u015ftirmek sizin elinizdedir.\u201d  S\u00f6z\u00fcn\u00fc s\u00f6ylemi\u015ftir. Ulu \u00d6nder Atat\u00fcrk\u2019\u00fcn bu s\u00f6zlerine ra\u011fmen ne yaz\u0131k ki g\u00fcn\u00fcm\u00fczde \u00f6\u011fretmenlik mesle\u011fine verilen de\u011fer \u00e7ok az.\u00d6\u011fretmenler bizim \u00e7al\u0131\u015fkan, ahlakl\u0131 bireyler olmam\u0131z\u0131 sa\u011flarlar. \u0130\u015fte bu y\u00fczden bu kadar kutsal bir meslektir. Herkes \u00f6\u011fretmen olmamal\u0131. E\u011fer bir \u00fclkede herkes \u00f6\u011fretmen olabiliyorsa o \u00fclkede verilen e\u011fitimin g\u00f6zden ge\u00e7irilmesi gerekmektedir. \u00d6\u011fretmenli\u011fin en kolay ve rahat mesleklerden biri oldu\u011funu zanneder insanlar ama bir \u00f6\u011fretmenin o \u00fclkenin gelece\u011fini de\u011fi\u015ftirebilme g\u00fcc\u00fc oldu\u011funun fark\u0131nda de\u011fildir bu d\u00fc\u015f\u00fcnenler. Mustafa Kemal Atat\u00fcrk\u2019\u00fcn hayat\u0131n\u0131, fikir ve d\u00fc\u015f\u00fcnce \u015feklini etkileyen ki\u015filer \u00f6\u011fretmenleriydi. Bizler Mustafa Kemal Atat\u00fcrk\u2019\u00fcn modern ve yenilik\u00e7i fikirlerini, askeri zekas\u0131n\u0131 geli\u015ftirmede \u00f6\u011fretmenlerinin yads\u0131nmaz etkisi sayesine T\u00fcrkiye Cumhuriyeti vatanda\u015f\u0131y\u0131z. <\/p>\n","protected":false},"excerpt":{"rendered":"<p>\u00dclkemizde gerekti\u011fi kadar \u00f6nem g\u00f6sterilmeyen \u00f6\u011fretmenlik mesle\u011fi nedir? Nas\u0131l olmal\u0131d\u0131r? E\u011fitim fak\u00fclteleri, \u00f6\u011fretmenlik maa\u015flar\u0131 ve benzeri konular\u0131 ele alarak \u00f6\u011fretmenlik mesle\u011fine g\u00fcn\u00fcm\u00fczde verilen \u00f6nemi anlayabiliriz. Mustafa<span class=\"excerpt-hellip\"> [\u2026]<\/span><\/p>\n","protected":false},"featured_media":0,"template":"","meta":{"_monsterinsights_skip_tracking":false,"_monsterinsights_sitenote_active":false,"_monsterinsights_sitenote_note":"","_monsterinsights_sitenote_category":0},"product_brand":[],"product_cat":[12364,12376],"product_tag":[],"class_list":{"0":"post-724887","1":"product","2":"type-product","3":"status-publish","5":"product_cat-genel-konular","6":"product_cat-kisisel-gelisim","7":"pa_cilt-ciltsiz","8":"pa_tur-kitap","9":"pa_yayinevi-omca-yayinlari","10":"pa_yazar-harunhan-remzi-ozturk","12":"first","13":"instock","14":"sale","15":"shipping-taxable","16":"purchasable","17":"product-type-simple"},"_links":{"self":[{"href":"https:\/\/roveyayinevi.com.tr\/index.php\/wp-json\/wp\/v2\/product\/724887","targetHints":{"allow":["GET"]}}],"collection":[{"href":"https:\/\/roveyayinevi.com.tr\/index.php\/wp-json\/wp\/v2\/product"}],"about":[{"href":"https:\/\/roveyayinevi.com.tr\/index.php\/wp-json\/wp\/v2\/types\/product"}],"wp:attachment":[{"href":"https:\/\/roveyayinevi.com.tr\/index.php\/wp-json\/wp\/v2\/media?parent=724887"}],"wp:term":[{"taxonomy":"product_brand","embeddable":true,"href":"https:\/\/roveyayinevi.com.tr\/index.php\/wp-json\/wp\/v2\/product_brand?post=724887"},{"taxonomy":"product_cat","embeddable":true,"href":"https:\/\/roveyayinevi.com.tr\/index.php\/wp-json\/wp\/v2\/product_cat?post=724887"},{"taxonomy":"product_tag","embeddable":true,"href":"https:\/\/roveyayinevi.com.tr\/index.php\/wp-json\/wp\/v2\/product_tag?post=724887"}],"curies":[{"name":"wp","href":"https:\/\/api.w.org\/{rel}","templated":true}]}}