{"id":724886,"date":"2025-08-27T19:41:12","date_gmt":"2025-08-27T16:41:12","guid":{"rendered":"https:\/\/roveyayinevi.com.tr\/index.php\/urun\/k-orona-ve-sonrasi-icin-guclu-bagisiklik\/"},"modified":"2026-04-16T02:32:46","modified_gmt":"2026-04-15T23:32:46","slug":"k-orona-ve-sonrasi-icin-guclu-bagisiklik","status":"publish","type":"product","link":"https:\/\/roveyayinevi.com.tr\/index.php\/urun\/k-orona-ve-sonrasi-icin-guclu-bagisiklik\/","title":{"rendered":"K orona Ve Sonras\u0131 \u0130\u00e7in G\u00fc\u00e7l\u00fc Ba\u011f\u0131\u015f\u0131kl\u0131k"},"content":{"rendered":"<p>Ve \u015fu ger\u00e7ek net olarak anla\u015f\u0131ld\u0131: Koruyucu a\u015f\u0131 da bulunsa, tedavi eden ila\u00e7lar da geli\u015ftirilse insanl\u0131\u011f\u0131n elindeki en b\u00fcy\u00fck silah kendi ba\u011f\u0131\u015f\u0131kl\u0131k sistemi!   \u0130\u015fte bu kitap tam da bu amaca hizmet etmek i\u00e7in yaz\u0131ld\u0131. Co*vid19 ve sonras\u0131nda ortaya \u00e7\u0131kabilecek t\u00fcm bula\u015f\u0131c\u0131 vir\u00fcsler i\u00e7in \u015fimdiden kuvvetli bir ba\u011f\u0131\u015f\u0131kl\u0131k sistemi in\u015fa etmenin yollar\u0131n\u0131 anlat\u0131yor.   Ba\u011f\u0131\u015f\u0131kl\u0131k sistemi beslenme, uyku, spor, g\u00fcne\u015flenme, stres gibi bir\u00e7ok fakt\u00f6rden etkileniyor. Ki\u015finin ileri ya\u015fta olmas\u0131; obezite, kronik hastal\u0131klar, diyabet, b\u00f6brek yetmezli\u011fi, hipertansiyon, kanser, kalp ve akci\u011fer hastal\u0131klar\u0131 gibi rahats\u0131zl\u0131klar\u0131 bulunmas\u0131 da, enfeksiyona olan e\u011filimini art\u0131r\u0131yor.   Ko*rona ve Sonras\u0131 \u0130\u00e7in G\u00fc\u00e7l\u00fc Ba\u011f\u0131\u015f\u0131kl\u0131k kitab\u0131nda, Co*vid19 enfeksiyonu ile ilgili ara\u015ft\u0131rmalar \u0131\u015f\u0131\u011f\u0131nda, hem ba\u011f\u0131\u015f\u0131kl\u0131k sistemimizi desteklemek i\u00e7in daha \u00e7ok hangi besinlere ve g\u0131da takviyelerine ihtiyac\u0131m\u0131z oldu\u011fu hem de Co*vid19\u2019un v\u00fccutta \u00f6zellikle etkiledi\u011fi alanlar\u0131 nas\u0131l destekleyece\u011fimiz, savunma potansiyelimizi nas\u0131l geli\u015ftirece\u011fimiz ele al\u0131n\u0131yor.   Bu kitap, Co*vid19 ve sonras\u0131ndaki olas\u0131 t\u00fcm vir\u00fcslere kar\u015f\u0131 bilin\u00e7lenip korkular\u0131m\u0131zdan kurtulmak ad\u0131na g\u00fczel bir hediye&#8230;   (Arka Kapaktan) YAZAR HAKKINDA: Prof. Dr. Metin \u00d6zata 1958 y\u0131l\u0131nda Burdur\u2019da do\u011fdu. \u0130lkokul, orta ve lise tahsilini Burdur\u2019da tamamlad\u0131. Burdur Lisesi\u2019nden birincilikle mezun oldu. Ege \u00dcniversitesi T\u0131p Fak\u00fcltesi\u2019nde 5 y\u0131l okuduktan sonra nakledildi\u011fi G\u00fclhane Askeri T\u0131p Akademisi\u2019nden (GATA) birincilikle mezun oldu. 1990 y\u0131l\u0131nda \u0130\u00e7 Hastal\u0131klar\u0131 Uzman\u0131, 1992 y\u0131l\u0131nda Endokrinoloji ve Metabolizma Hastal\u0131klar\u0131 Uzman\u0131, 1994 y\u0131l\u0131nda do\u00e7ent, 2003 y\u0131l\u0131nda profes\u00f6r oldu. 2008 y\u0131l\u0131nda kendi iste\u011fiyle GATA\u2019dan emekli oldu. Halen \u0130stanbul\u2019da serbest hekimlik yapmaktad\u0131r. 1986 y\u0131l\u0131nda Federal Almanya\u2019n\u0131n Wiesbaden \u015fehrinde USAF Regional Medical Center\u2019de, 1992-1993 y\u0131llar\u0131nda Chicago \u00dcniversitesi Endokrinoloji-Tiroid \u00dcnitesi\u2019nde \u00e7al\u0131\u015ft\u0131. 2018 y\u0131l\u0131nda yap\u0131lan de\u011ferlendirmede T\u00fcrkiye\u2019de t\u0131p bilimine y\u00f6n veren ilk 100 bilim insan\u0131 i\u00e7inde 52. s\u0131rada yer alm\u0131\u015ft\u0131r. Yurtd\u0131\u015f\u0131ndaki \u00f6nemli t\u0131p dergilerinde yay\u0131nlanm\u0131\u015f ara\u015ft\u0131rma makaleleri, tebli\u011fleri ve T\u00fcrk\u00e7e yay\u0131nlanm\u0131\u015f kitaplar\u0131 vard\u0131r.   Prof. \u00d6zata\u2019n\u0131n yapt\u0131\u011f\u0131 bilimsel ara\u015ft\u0131rmalar nedeniyle ald\u0131\u011f\u0131 16 bilim \u00f6d\u00fcl\u00fcnden ba\u00acz\u0131lar\u0131 \u015funlard\u0131r: 1998 y\u0131l\u0131 T\u00dcB\u0130TAK Bilim Te\u015fvik \u00d6d\u00fcl\u00fc 2001 y\u0131l\u0131 T\u00dcB\u0130TAK T\u00fcrkiye T\u0131p Ara\u015ft\u0131rma \u00d6d\u00fcl\u00fc 1996 T\u00fcrk Diyabet Cemiyeti Prof. Celal \u00d6ker Bilim \u00d6d\u00fcl\u00fc 1997 y\u0131l\u0131 Bay\u0131nd\u0131r T\u0131p Merkezi Bilim Te\u015fvik \u00d6d\u00fcl\u00fc 2000 y\u0131l\u0131 Roche T\u0131p \u00d6d\u00fclleri yar\u0131\u015fmas\u0131 birincilik \u00f6d\u00fcl\u00fc 2001 y\u0131l\u0131 Metabolik Sendrom X Bilimsel Yar\u0131\u015fmas\u0131 birincilik \u00f6d\u00fcl\u00fc 2003 y\u0131l\u0131 \u0130stanbul \u00dcniversitesi Bilim \u00d6d\u00fcl\u00fc 2003 y\u0131l\u0131 Bay\u0131nd\u0131r T\u0131p Merkezi Bilim \u00d6d\u00fcl\u00fc. &lt;img src=&quot;https:\/\/s3-eu-west-1.amazonaws.com\/dia\/kitadagitim\/ckeditorco<\/p>\n","protected":false},"excerpt":{"rendered":"<p>Ve \u015fu ger\u00e7ek net olarak anla\u015f\u0131ld\u0131: Koruyucu a\u015f\u0131 da bulunsa, tedavi eden ila\u00e7lar da geli\u015ftirilse insanl\u0131\u011f\u0131n elindeki en b\u00fcy\u00fck silah kendi ba\u011f\u0131\u015f\u0131kl\u0131k sistemi! \u0130\u015fte bu kitap<span class=\"excerpt-hellip\"> [\u2026]<\/span><\/p>\n","protected":false},"featured_media":0,"template":"","meta":{"_monsterinsights_skip_tracking":false,"_monsterinsights_sitenote_active":false,"_monsterinsights_sitenote_note":"","_monsterinsights_sitenote_category":0},"product_brand":[],"product_cat":[13402,13365],"product_tag":[],"class_list":{"0":"post-724886","1":"product","2":"type-product","3":"status-publish","5":"product_cat-beslenme-ve-diyet","6":"product_cat-saglik","7":"pa_cilt-ciltsiz","8":"pa_tur-kitap","9":"pa_yayinevi-hayykitap","10":"pa_yazar-metin-ozata","12":"first","13":"instock","14":"sale","15":"shipping-taxable","16":"purchasable","17":"product-type-simple"},"_links":{"self":[{"href":"https:\/\/roveyayinevi.com.tr\/index.php\/wp-json\/wp\/v2\/product\/724886","targetHints":{"allow":["GET"]}}],"collection":[{"href":"https:\/\/roveyayinevi.com.tr\/index.php\/wp-json\/wp\/v2\/product"}],"about":[{"href":"https:\/\/roveyayinevi.com.tr\/index.php\/wp-json\/wp\/v2\/types\/product"}],"wp:attachment":[{"href":"https:\/\/roveyayinevi.com.tr\/index.php\/wp-json\/wp\/v2\/media?parent=724886"}],"wp:term":[{"taxonomy":"product_brand","embeddable":true,"href":"https:\/\/roveyayinevi.com.tr\/index.php\/wp-json\/wp\/v2\/product_brand?post=724886"},{"taxonomy":"product_cat","embeddable":true,"href":"https:\/\/roveyayinevi.com.tr\/index.php\/wp-json\/wp\/v2\/product_cat?post=724886"},{"taxonomy":"product_tag","embeddable":true,"href":"https:\/\/roveyayinevi.com.tr\/index.php\/wp-json\/wp\/v2\/product_tag?post=724886"}],"curies":[{"name":"wp","href":"https:\/\/api.w.org\/{rel}","templated":true}]}}