{"id":724885,"date":"2025-08-27T19:41:12","date_gmt":"2025-08-27T16:41:12","guid":{"rendered":"https:\/\/roveyayinevi.com.tr\/index.php\/urun\/doktor-mutfakta\/"},"modified":"2026-04-16T02:32:46","modified_gmt":"2026-04-15T23:32:46","slug":"doktor-mutfakta","status":"publish","type":"product","link":"https:\/\/roveyayinevi.com.tr\/index.php\/urun\/doktor-mutfakta\/","title":{"rendered":"Doktor Mutfakta"},"content":{"rendered":"<p>Beslenmenin Felsefesi ve Sa\u011fl\u0131kl\u0131 Yemek Tarifleri\u201cG\u0131dan\u0131z ilac\u0131n\u0131z, ilac\u0131n\u0131z g\u0131dan\u0131z olsun\u201d dedik ve bu kitab\u0131 haz\u0131rlad\u0131k. Prof. Dr. Yavuz Y\u00f6r\u00fcko\u011flu \u00f6nce doktor kimli\u011fiyle, o herkesin anlayabilece\u011fi net, yal\u0131n ve basit diliyle sa\u011fl\u0131kl\u0131 beslenmenin felsefesini anlat\u0131yor. Makro g\u0131dalardan mikro g\u0131dalara, antioksindanlardan fitokimyasallara, baharat ve otlardan s\u00fcper g\u0131dalara, probiyotiklerden prebiyotiklere, s\u0131k s\u0131k yemekten oru\u00e7la \u015fifa bulmaya, ya\u011flardan \u015fekere, yumurtadan kolesterole, konvansiyonel g\u0131dalardan organik tar\u0131m \u00fcr\u00fcnlerine kadar merak edilen t\u00fcm konular\u0131 ele al\u0131yor, sorular\u0131 cevapl\u0131yor.   Ard\u0131ndan kendi uzmanl\u0131k konusuna yo\u011funla\u015farak kalp, hipertansiyon ve \u015feker hastal\u0131klar\u0131nda beslenme konusunu \u00f6zel bir b\u00f6l\u00fcmde i\u015fliyor.Son olarak da doktor \u00f6nl\u00fc\u011f\u00fcn\u00fc \u00e7\u0131kar\u0131p mutfak \u00f6nl\u00fc\u011f\u00fcn\u00fc giyerek bizleri sa\u011fl\u0131kl\u0131, enerji veren, kilo ald\u0131rmayan yemek tarifleriyle tan\u0131\u015ft\u0131r\u0131yor. Sadece tarif vermekle kalm\u0131yor, yemeklerin \u00f6zelliklerini, bunlar\u0131n nas\u0131l daha lezzetli ve nas\u0131l \u2018sa\u011fl\u0131ktan \u00e7atlatan\u2019 hale getirilebilece\u011fini anlat\u0131yor. Her yemek tarifi ile birlikte bu yemeklerin faydal\u0131 y\u00f6nlerini bilimsel ve t\u0131bbi bir perspektiften tart\u0131\u015f\u0131yor.Siz de \u201cke\u015fke mutfa\u011f\u0131mda bir doktor olsa\u201d diyorsan\u0131z, 30 G\u00fcnde 10 Y\u0131l ve 45\u2019ten Sonra kitaplar\u0131yla g\u00fcndeme damgas\u0131n\u0131 vuran Kalp-Damar Cerrahisi Uzman\u0131 Prof. Dr. Yavuz Y\u00f6r\u00fcko\u011flu\u2019nun bu kitab\u0131n\u0131 ka\u00e7\u0131rmay\u0131n. Afiyetle yiyin ama \u00f6l\u00e7\u00fcy\u00fc de ka\u00e7\u0131rmay\u0131n!(Arka Kapaktan)YAZAR HAKKINDA:Prof. Dr. Yavuz Y\u00f6r\u00fcko\u011flu1955 y\u0131l\u0131nda Ankara\u2019da do\u011fdu. \u00dclkemizin \u00fcnl\u00fc bilim adamlar\u0131ndan, \u00c7ocuk Psikiyatrisi Uzman\u0131 rahmetli Prof. Dr. Atalay Y\u00f6r\u00fcko\u011flu\u2019nun o\u011fludur. \u00c7ocukluk y\u0131llar\u0131 ve ilkokulun ilk 3 senesi ABD\u2019de ge\u00e7ti. \u0130lkokul, ortaokul ve liseyi TED Ankara Koleji\u2019nde okuyarak bitirdi.1979 y\u0131l\u0131nda \u0130stanbul T\u0131p Fak\u00fcltesi\u2019nden mezun oldu. Uzmanl\u0131k e\u011fitimini Hacettepe \u00dcniversitesi Kalp-Damar Cerrahisi B\u00f6l\u00fcm\u00fc\u2019nde tamamlad\u0131.Vatani g\u00f6revini tamamlad\u0131ktan sonra 1 y\u0131l \u0130ngiltere\u2019de Cambridge \u00dcniversitesi, Papworth Hospital\u2019da, 2 y\u0131l da Londra St. Thomas Hastanesi\u2019nde \u00e7al\u0131\u015ft\u0131. Yurda d\u00f6n\u00fc\u015f\u00fcnde SSK Ankara Hastanesi\u2019nde \u015fef muavini ve \u015fef olarak \u00e7al\u0131\u015ft\u0131. 1984 y\u0131l\u0131nda Do\u00e7ent oldu. SSK Etlik \u0130htisas Hastanesi\u2019nde kurucu Ba\u015fhekim olarak g\u00f6rev ald\u0131. 1998 y\u0131l\u0131nda ABD Alabama \u00dcniversitesi T\u0131p Fak\u00fcltesi\u2019nde misafir \u00f6\u011fretim \u00fcyesi olarak \u00e7al\u0131\u015ft\u0131.Yurda d\u00f6n\u00fc\u015f\u00fcnde mesle\u011fine \u00f6zel sekt\u00f6rde devam etti. 2005 y\u0131l\u0131nda Ankara Ufuk \u00dcniversitesi T\u0131p Fak\u00fcltesi Kalp Damar Cerrahisi ABD kurucu kadrosunda yer ald\u0131, 2006 y\u0131l\u0131nda Profes\u00f6r oldu, 7 y\u0131l bu \u00fcniversitede \u00f6\u011fretim \u00fcyesi olarak g\u00f6rev ald\u0131.Prof. Y\u00f6r\u00fcko\u011flu, halen TOBB Ekonomi ve Teknoloji \u00dcniversitesi, T\u0131p Fak\u00fcltesi Hastanesi\u2019nde Kalp-Damar Cerrahisi uzman\u0131  ve EECP \u00fcnitesi sorumlusu olarak \u00e7al\u0131\u015fmaktad\u0131r. Prof. Y\u00f6r\u00fcko\u011flu\u2019nun 60\u2019\u0131n \u00fczerinde yay\u0131nlanm\u0131\u015f bilimsel \u00e7al\u0131\u015fmas\u0131 bulunmaktad\u0131r.<\/p>\n","protected":false},"excerpt":{"rendered":"<p>Beslenmenin Felsefesi ve Sa\u011fl\u0131kl\u0131 Yemek Tarifleri\u201cG\u0131dan\u0131z ilac\u0131n\u0131z, ilac\u0131n\u0131z g\u0131dan\u0131z olsun\u201d dedik ve bu kitab\u0131 haz\u0131rlad\u0131k. Prof. Dr. Yavuz Y\u00f6r\u00fcko\u011flu \u00f6nce doktor kimli\u011fiyle, o herkesin anlayabilece\u011fi net,<span class=\"excerpt-hellip\"> [\u2026]<\/span><\/p>\n","protected":false},"featured_media":0,"template":"","meta":{"_monsterinsights_skip_tracking":false,"_monsterinsights_sitenote_active":false,"_monsterinsights_sitenote_note":"","_monsterinsights_sitenote_category":0},"product_brand":[],"product_cat":[13402,13365],"product_tag":[],"class_list":{"0":"post-724885","1":"product","2":"type-product","3":"status-publish","5":"product_cat-beslenme-ve-diyet","6":"product_cat-saglik","7":"pa_cilt-ciltsiz","8":"pa_tur-kitap","9":"pa_yayinevi-hayykitap","10":"pa_yazar-yavuz-yorukoglu","12":"first","13":"instock","14":"sale","15":"shipping-taxable","16":"purchasable","17":"product-type-simple"},"_links":{"self":[{"href":"https:\/\/roveyayinevi.com.tr\/index.php\/wp-json\/wp\/v2\/product\/724885","targetHints":{"allow":["GET"]}}],"collection":[{"href":"https:\/\/roveyayinevi.com.tr\/index.php\/wp-json\/wp\/v2\/product"}],"about":[{"href":"https:\/\/roveyayinevi.com.tr\/index.php\/wp-json\/wp\/v2\/types\/product"}],"wp:attachment":[{"href":"https:\/\/roveyayinevi.com.tr\/index.php\/wp-json\/wp\/v2\/media?parent=724885"}],"wp:term":[{"taxonomy":"product_brand","embeddable":true,"href":"https:\/\/roveyayinevi.com.tr\/index.php\/wp-json\/wp\/v2\/product_brand?post=724885"},{"taxonomy":"product_cat","embeddable":true,"href":"https:\/\/roveyayinevi.com.tr\/index.php\/wp-json\/wp\/v2\/product_cat?post=724885"},{"taxonomy":"product_tag","embeddable":true,"href":"https:\/\/roveyayinevi.com.tr\/index.php\/wp-json\/wp\/v2\/product_tag?post=724885"}],"curies":[{"name":"wp","href":"https:\/\/api.w.org\/{rel}","templated":true}]}}