{"id":724884,"date":"2025-08-27T19:41:11","date_gmt":"2025-08-27T16:41:11","guid":{"rendered":"https:\/\/roveyayinevi.com.tr\/index.php\/urun\/diasporada-kafkas-hikayeleri\/"},"modified":"2026-04-16T02:32:46","modified_gmt":"2026-04-15T23:32:46","slug":"diasporada-kafkas-hikayeleri","status":"publish","type":"product","link":"https:\/\/roveyayinevi.com.tr\/index.php\/urun\/diasporada-kafkas-hikayeleri\/","title":{"rendered":"Diasporada Kafkas Hikayeleri"},"content":{"rendered":"<p>Sonsuz sevgi! Ge\u00e7mi\u015f kusurlar\u0131n listesini tutmayan; \u015fehveti, nefreti olmayan; kibri, k\u0131skan\u00e7l\u0131\u011f\u0131 bulunmayan; inanc\u0131, umudu t\u00fckenmeyen; sab\u0131rl\u0131 ve iyilik dolu bir sevgi! Bu sevgi ile bir\u00e7ok k\u0131z sevdim! Onlar da beni sevdi! Kimisini g\u00fczel oldu\u011fu i\u00e7in kalbimle, kimisini bilge buldum i\u00e7in akl\u0131mla, ama sadece birisini ruhumla sevdim. Ve hi\u00e7 birisini unutmad\u0131m!<\/p>\n","protected":false},"excerpt":{"rendered":"<p>Sonsuz sevgi! Ge\u00e7mi\u015f kusurlar\u0131n listesini tutmayan; \u015fehveti, nefreti olmayan; kibri, k\u0131skan\u00e7l\u0131\u011f\u0131 bulunmayan; inanc\u0131, umudu t\u00fckenmeyen; sab\u0131rl\u0131 ve iyilik dolu bir sevgi! Bu sevgi ile bir\u00e7ok k\u0131z<span class=\"excerpt-hellip\"> [\u2026]<\/span><\/p>\n","protected":false},"featured_media":0,"template":"","meta":{"_monsterinsights_skip_tracking":false,"_monsterinsights_sitenote_active":false,"_monsterinsights_sitenote_note":"","_monsterinsights_sitenote_category":0},"product_brand":[],"product_cat":[12291,18202],"product_tag":[],"class_list":{"0":"post-724884","1":"product","2":"type-product","3":"status-publish","5":"product_cat-edebiyat","6":"product_cat-hikaye","7":"pa_cilt-ciltsiz","8":"pa_tur-kitap","9":"pa_yayinevi-omca-yayinlari","10":"pa_yazar-harunhan-remzi-ozturk","12":"first","13":"instock","14":"sale","15":"shipping-taxable","16":"purchasable","17":"product-type-simple"},"_links":{"self":[{"href":"https:\/\/roveyayinevi.com.tr\/index.php\/wp-json\/wp\/v2\/product\/724884","targetHints":{"allow":["GET"]}}],"collection":[{"href":"https:\/\/roveyayinevi.com.tr\/index.php\/wp-json\/wp\/v2\/product"}],"about":[{"href":"https:\/\/roveyayinevi.com.tr\/index.php\/wp-json\/wp\/v2\/types\/product"}],"wp:attachment":[{"href":"https:\/\/roveyayinevi.com.tr\/index.php\/wp-json\/wp\/v2\/media?parent=724884"}],"wp:term":[{"taxonomy":"product_brand","embeddable":true,"href":"https:\/\/roveyayinevi.com.tr\/index.php\/wp-json\/wp\/v2\/product_brand?post=724884"},{"taxonomy":"product_cat","embeddable":true,"href":"https:\/\/roveyayinevi.com.tr\/index.php\/wp-json\/wp\/v2\/product_cat?post=724884"},{"taxonomy":"product_tag","embeddable":true,"href":"https:\/\/roveyayinevi.com.tr\/index.php\/wp-json\/wp\/v2\/product_tag?post=724884"}],"curies":[{"name":"wp","href":"https:\/\/api.w.org\/{rel}","templated":true}]}}