{"id":724880,"date":"2025-08-27T19:41:08","date_gmt":"2025-08-27T16:41:08","guid":{"rendered":"https:\/\/roveyayinevi.com.tr\/index.php\/urun\/schadenfreude\/"},"modified":"2026-04-16T02:32:46","modified_gmt":"2026-04-15T23:32:46","slug":"schadenfreude","status":"publish","type":"product","link":"https:\/\/roveyayinevi.com.tr\/index.php\/urun\/schadenfreude\/","title":{"rendered":"Schadenfreude"},"content":{"rendered":"<p>Karizmatik patronumuz kendisini g\u00fcl\u00fcn\u00e7 duruma d\u00fc\u015f\u00fcrd\u00fc\u011f\u00fcnde, rakiplerimiz t\u00f6kezledi\u011finde, d\u00fczenbaz siyaset\u00e7ilerin foyalar\u0131 meydana \u00e7\u0131kt\u0131\u011f\u0131nda, herkesin hayranl\u0131\u011f\u0131n\u0131 kazanan \u00fcnl\u00fclerin zaaflar\u0131 if\u015fa oldu\u011funda, can s\u0131k\u0131c\u0131 d\u00fczeyde ba\u015far\u0131l\u0131 kimseler \u00e7uvallad\u0131\u011f\u0131nda hissedilen o leziz hazz\u0131 hepimiz az \u00e7ok tan\u0131r\u0131z. Almancada ba\u015fkas\u0131n\u0131n talihsizli\u011finden duyulan bu keyfe tek kelimeyle Schadenfreude deniliyor.Tiffany Watt Smith, ne\u015fe getirdi\u011fi kadar utan\u00e7la da sarmalanm\u0131\u015f, kendi h\u00fcsranlar\u0131m\u0131z\u0131n ac\u0131s\u0131n\u0131 dindirmek u\u011fruna ba\u015fkalar\u0131n\u0131n h\u00fcsranlar\u0131na nas\u0131l da can simidi gibi sar\u0131ld\u0131\u011f\u0131m\u0131z\u0131 y\u00fcz\u00fcm\u00fcze vuran bu \u00e7eli\u015fkili duyguyu yap\u0131c\u0131 ve y\u0131k\u0131c\u0131 y\u00f6nleriyle mercek alt\u0131na al\u0131yor; g\u00fcndelik ya\u015fam, siyaset, felsefe, sanat ve k\u00fclt\u00fcr \u00fczerinden yapt\u0131\u011f\u0131 yorumlar ve ki\u015fisel itiraflarla mizah dolu bir anlat\u0131 sunuyor.Sosyal medya \u00e7a\u011f\u0131nda bar\u0131nd\u0131rd\u0131\u011f\u0131 t\u00fcm riskleri ve a\u015f\u0131r\u0131l\u0131klar\u0131na ra\u011fmen bizi ba\u015far\u0131s\u0131zl\u0131klar\u0131m\u0131zla bar\u0131\u015ft\u0131ran, yetersizlik duygumuza ra\u011fmen ya\u015fama sar\u0131lmam\u0131za yard\u0131mc\u0131 olan, ya\u015fam\u0131n abs\u00fcrdl\u00fc\u011f\u00fcn\u00fc g\u00f6rmemizi sa\u011flayan Schadenfreude\u2019yla y\u00fczle\u015fmeye davetlisiniz \u2013 samimiyet ve ne\u015feyle. \u201cHi\u00e7 kimse kendi kusurlar\u0131 \u00fczerine d\u00fc\u015f\u00fcnmeyi sevmez, halbuki bizi biz yapan pek \u00e7ok y\u00f6n\u00fcm\u00fcz\u00fc bu kusurlar if\u015fa eder. Ba\u015fka insanlar\u0131n talihsizliklerinden keyiflenmek kula\u011fa basitlik gibi gelebilir \u2013 belli belirsiz bir fesatl\u0131k emaresi, bir fiske de garez. Ama yak\u0131ndan bakacak olursan\u0131z hayat\u0131n\u0131z\u0131n en gizli kalm\u0131\u015f fakat \u00f6nem ta\u015f\u0131yan y\u00f6nlerini bir anl\u0131\u011f\u0131na bu duyguda yakalayabilirsiniz.\u201d<\/p>\n","protected":false},"excerpt":{"rendered":"<p>Karizmatik patronumuz kendisini g\u00fcl\u00fcn\u00e7 duruma d\u00fc\u015f\u00fcrd\u00fc\u011f\u00fcnde, rakiplerimiz t\u00f6kezledi\u011finde, d\u00fczenbaz siyaset\u00e7ilerin foyalar\u0131 meydana \u00e7\u0131kt\u0131\u011f\u0131nda, herkesin hayranl\u0131\u011f\u0131n\u0131 kazanan \u00fcnl\u00fclerin zaaflar\u0131 if\u015fa oldu\u011funda, can s\u0131k\u0131c\u0131 d\u00fczeyde ba\u015far\u0131l\u0131 kimseler \u00e7uvallad\u0131\u011f\u0131nda<span class=\"excerpt-hellip\"> [\u2026]<\/span><\/p>\n","protected":false},"featured_media":0,"template":"","meta":{"_monsterinsights_skip_tracking":false,"_monsterinsights_sitenote_active":false,"_monsterinsights_sitenote_note":"","_monsterinsights_sitenote_category":0},"product_brand":[],"product_cat":[12358,12357],"product_tag":[],"class_list":{"0":"post-724880","1":"product","2":"type-product","3":"status-publish","5":"product_cat-genel-psikoloji","6":"product_cat-psikoloji","7":"pa_cilt-ciltsiz","8":"pa_tur-kitap","9":"pa_yayinevi-kolektif-kitap","10":"pa_yazar-tiffany-watt-smith","12":"first","13":"instock","14":"sale","15":"shipping-taxable","16":"purchasable","17":"product-type-simple"},"_links":{"self":[{"href":"https:\/\/roveyayinevi.com.tr\/index.php\/wp-json\/wp\/v2\/product\/724880","targetHints":{"allow":["GET"]}}],"collection":[{"href":"https:\/\/roveyayinevi.com.tr\/index.php\/wp-json\/wp\/v2\/product"}],"about":[{"href":"https:\/\/roveyayinevi.com.tr\/index.php\/wp-json\/wp\/v2\/types\/product"}],"wp:attachment":[{"href":"https:\/\/roveyayinevi.com.tr\/index.php\/wp-json\/wp\/v2\/media?parent=724880"}],"wp:term":[{"taxonomy":"product_brand","embeddable":true,"href":"https:\/\/roveyayinevi.com.tr\/index.php\/wp-json\/wp\/v2\/product_brand?post=724880"},{"taxonomy":"product_cat","embeddable":true,"href":"https:\/\/roveyayinevi.com.tr\/index.php\/wp-json\/wp\/v2\/product_cat?post=724880"},{"taxonomy":"product_tag","embeddable":true,"href":"https:\/\/roveyayinevi.com.tr\/index.php\/wp-json\/wp\/v2\/product_tag?post=724880"}],"curies":[{"name":"wp","href":"https:\/\/api.w.org\/{rel}","templated":true}]}}