{"id":724878,"date":"2025-08-27T19:41:07","date_gmt":"2025-08-27T16:41:07","guid":{"rendered":"https:\/\/roveyayinevi.com.tr\/index.php\/urun\/yuksek-irtifada-yapilan-ekspedisyona-katilan-universite-ogrencilerinin-beslenme-durumu\/"},"modified":"2026-04-16T02:32:46","modified_gmt":"2026-04-15T23:32:46","slug":"yuksek-irtifada-yapilan-ekspedisyona-katilan-universite-ogrencilerinin-beslenme-durumu","status":"publish","type":"product","link":"https:\/\/roveyayinevi.com.tr\/index.php\/urun\/yuksek-irtifada-yapilan-ekspedisyona-katilan-universite-ogrencilerinin-beslenme-durumu\/","title":{"rendered":"Y\u00fcksek \u0130rtifada Yap\u0131lan Ekspedisyona Kat\u0131lan \u00dcniversite \u00d6\u011frencilerinin Beslenme Durumu"},"content":{"rendered":"<p>1.Giri\u015f 2.Kuramsal Temeller Ve Kaynak Ara\u015ft\u0131rmas\u01312.1.Kuramsal Temeller 2.2.Kaynak Ara\u015ft\u0131rmas\u0131 3.Materyal Ve Y\u00f6ntem3.1.Deneklerin Belirlenmesi3.2.Ara\u015ft\u0131rma B\u00f6lgesinin Belirlenmesi3.3.\u00c7al\u0131\u015fman\u0131n Organizasyonu3.4.Verilerin Toplanmas\u01313.5.Verilerin De\u011ferlendirilmesi 4.Ara\u015ft\u0131rma Bulgular\u0131 Ve Tart\u0131\u015fma 4.1.Deneklerin Fiziksel \u00d6zellikleri Ve Maksimum Oksijen T\u00fcketim Durumlar\u01314.2.Deneklerin Enerji Harcama Durumlar\u01314.3.Deneklerin Enerji Ve Besin \u00d6\u011fesi T\u00fcketim Durumlar\u0131 Ve Enerji Dengeleri4.4.Deneklerin Fiziksel \u00d6zellikleri Ve Maksimum  Oksijen T\u00fcketim Kapasitelerine  Y\u00fcksek \u0130rtifa Etkisi<\/p>\n","protected":false},"excerpt":{"rendered":"<p>1.Giri\u015f 2.Kuramsal Temeller Ve Kaynak Ara\u015ft\u0131rmas\u01312.1.Kuramsal Temeller 2.2.Kaynak Ara\u015ft\u0131rmas\u0131 3.Materyal Ve Y\u00f6ntem3.1.Deneklerin Belirlenmesi3.2.Ara\u015ft\u0131rma B\u00f6lgesinin Belirlenmesi3.3.\u00c7al\u0131\u015fman\u0131n Organizasyonu3.4.Verilerin Toplanmas\u01313.5.Verilerin De\u011ferlendirilmesi 4.Ara\u015ft\u0131rma Bulgular\u0131 Ve Tart\u0131\u015fma 4.1.Deneklerin Fiziksel \u00d6zellikleri Ve<span class=\"excerpt-hellip\"> [\u2026]<\/span><\/p>\n","protected":false},"featured_media":0,"template":"","meta":{"_monsterinsights_skip_tracking":false,"_monsterinsights_sitenote_active":false,"_monsterinsights_sitenote_note":"","_monsterinsights_sitenote_category":0},"product_brand":[],"product_cat":[13402,13365],"product_tag":[],"class_list":{"0":"post-724878","1":"product","2":"type-product","3":"status-publish","5":"product_cat-beslenme-ve-diyet","6":"product_cat-saglik","7":"pa_cilt-ciltsiz","8":"pa_tur-kitap","9":"pa_yayinevi-gazi-kitabevi","10":"pa_yazar-mehmet-bulent-asma","12":"first","13":"instock","14":"sale","15":"shipping-taxable","16":"purchasable","17":"product-type-simple"},"_links":{"self":[{"href":"https:\/\/roveyayinevi.com.tr\/index.php\/wp-json\/wp\/v2\/product\/724878","targetHints":{"allow":["GET"]}}],"collection":[{"href":"https:\/\/roveyayinevi.com.tr\/index.php\/wp-json\/wp\/v2\/product"}],"about":[{"href":"https:\/\/roveyayinevi.com.tr\/index.php\/wp-json\/wp\/v2\/types\/product"}],"wp:attachment":[{"href":"https:\/\/roveyayinevi.com.tr\/index.php\/wp-json\/wp\/v2\/media?parent=724878"}],"wp:term":[{"taxonomy":"product_brand","embeddable":true,"href":"https:\/\/roveyayinevi.com.tr\/index.php\/wp-json\/wp\/v2\/product_brand?post=724878"},{"taxonomy":"product_cat","embeddable":true,"href":"https:\/\/roveyayinevi.com.tr\/index.php\/wp-json\/wp\/v2\/product_cat?post=724878"},{"taxonomy":"product_tag","embeddable":true,"href":"https:\/\/roveyayinevi.com.tr\/index.php\/wp-json\/wp\/v2\/product_tag?post=724878"}],"curies":[{"name":"wp","href":"https:\/\/api.w.org\/{rel}","templated":true}]}}