{"id":724877,"date":"2025-08-27T19:41:06","date_gmt":"2025-08-27T16:41:06","guid":{"rendered":"https:\/\/roveyayinevi.com.tr\/index.php\/urun\/yonetisimin-kurumsallasma-uzerine-etkileri-ab-ulkeleri-ve-turkiye-ornegi\/"},"modified":"2026-04-16T02:32:46","modified_gmt":"2026-04-15T23:32:46","slug":"yonetisimin-kurumsallasma-uzerine-etkileri-ab-ulkeleri-ve-turkiye-ornegi","status":"publish","type":"product","link":"https:\/\/roveyayinevi.com.tr\/index.php\/urun\/yonetisimin-kurumsallasma-uzerine-etkileri-ab-ulkeleri-ve-turkiye-ornegi\/","title":{"rendered":"Y\u00f6neti\u015fimin Kurumsalla\u015fma \u00dczerine Etkileri: AB \u00dclkeleri ve T\u00fcrkiye \u00d6rne\u011fi"},"content":{"rendered":"<p>1.Giri\u015f 2.Kamu Y\u00f6netiminin Do\u011fu\u015fu, Geleneksel Kamu Y\u00f6netimi2.1.Kamu Y\u00f6netimi Disiplininin Geli\u015fimi2.2.Geleneksel Kamu Y\u00f6netimi 3.T\u00fcrk Kamu Y\u00f6netimi\u2019nde \u0130dari Reformlar\u0131n Tarihi Geli\u015fimi3.1.T\u00fcrk Kamu Y\u00f6netimi\u2019nin Yap\u0131s\u01313.2.T\u00fcrk Kamu Y\u00f6netimi\u2019nde \u0130dari Reform Gereksinimi3.3.T\u00fcrk Kamu Y\u00f6netimi\u2019nde \u0130dari Reformlar\u0131n Tarihi Geli\u015fimi 4.Paradigma De\u011fi\u015fimi: \u0130dari Reformdan Devlet Reformuna Ge\u00e7i\u015f 4.1.K\u00fcreselle\u015fme ve Kamu Y\u00f6netiminde De\u011fi\u015fim4.2.Paradigma De\u011fi\u015fimi ve Yeni Kamu Y\u00f6netimi4.3.Yeni Kamu Y\u00f6netimi ve Y\u00f6neti\u015fim4.4.Y\u00f6neti\u015fimin Ortaya \u00c7\u0131k\u0131\u015f\u0131 ve Kamu Y\u00f6netimine Etkileri4.5.Y\u00f6neti\u015fimin Kavramsal \u00c7er\u00e7evesi4.6.Y\u00f6neti\u015fimin Payda\u015flar\u01314.7.Y\u00f6neti\u015fimin Temel \u0130lkeleri4.8.Y\u00f6neti\u015fim G\u00f6stergelerinin \u00d6l\u00e7\u00fclebilirli\u011fi: Kaufmann, Kraay ve Zoido \u2013 Lobaton Y\u00f6neti\u015fim Endeksi 5.Kurumsalla\u015fma \u2013 Y\u00f6neti\u015fim Etkile\u015fimi ve T\u00fcrkiye\u2019de Kamu Y\u00f6netimi\u2019nde Kurumsalla\u015fma 5.1.Kurum ve Kurumsalla\u015fma Tan\u0131mlar\u0131 5.2.Kurumsal Teorinin Paradigmatik K\u00f6kenleri5.3.Kurumsal Teorinin Ortaya \u00c7\u0131k\u0131\u015f\u0131 ve Geli\u015fimi5.4.Kurumsal Teoride \u00c7evreler5.5.E\u015fbi\u00e7imlilik 5.6.Me\u015fruiyet5.7.Yeni Kurumsal Kuram\u0131n Di\u011fer Kuramlarla \u0130li\u015fkisi ve Yap\u0131lan Ele\u015ftiriler5.8.T\u00fcrkiye\u2019de Kamu Y\u00f6netimi Alan\u0131nda Kurumsalla\u015fma  6.Y\u00f6neti\u015fimin Kurumsalla\u015fma \u00dczerine Etkisini Ele Alan Ampirik Bir Ara\u015ft\u0131rma6.1.Ara\u015ft\u0131rman\u0131n Y\u00f6ntemi6.2.Ara\u015ft\u0131rman\u0131n Bulgular\u0131 ve Yorum 7.Sonu\u00e7 ve \u00d6neriler<\/p>\n","protected":false},"excerpt":{"rendered":"<p>1.Giri\u015f 2.Kamu Y\u00f6netiminin Do\u011fu\u015fu, Geleneksel Kamu Y\u00f6netimi2.1.Kamu Y\u00f6netimi Disiplininin Geli\u015fimi2.2.Geleneksel Kamu Y\u00f6netimi 3.T\u00fcrk Kamu Y\u00f6netimi\u2019nde \u0130dari Reformlar\u0131n Tarihi Geli\u015fimi3.1.T\u00fcrk Kamu Y\u00f6netimi\u2019nin Yap\u0131s\u01313.2.T\u00fcrk Kamu Y\u00f6netimi\u2019nde \u0130dari Reform<span class=\"excerpt-hellip\"> [\u2026]<\/span><\/p>\n","protected":false},"featured_media":0,"template":"","meta":{"_monsterinsights_skip_tracking":false,"_monsterinsights_sitenote_active":false,"_monsterinsights_sitenote_note":"","_monsterinsights_sitenote_category":0},"product_brand":[],"product_cat":[13043,19008],"product_tag":[],"class_list":{"0":"post-724877","1":"product","2":"type-product","3":"status-publish","5":"product_cat-ekonomi","6":"product_cat-yonetim","7":"pa_cilt-ciltsiz","8":"pa_tur-kitap","9":"pa_yayinevi-gazi-kitabevi","10":"pa_yazar-emine-celiksoy","12":"first","13":"instock","14":"sale","15":"shipping-taxable","16":"purchasable","17":"product-type-simple"},"_links":{"self":[{"href":"https:\/\/roveyayinevi.com.tr\/index.php\/wp-json\/wp\/v2\/product\/724877","targetHints":{"allow":["GET"]}}],"collection":[{"href":"https:\/\/roveyayinevi.com.tr\/index.php\/wp-json\/wp\/v2\/product"}],"about":[{"href":"https:\/\/roveyayinevi.com.tr\/index.php\/wp-json\/wp\/v2\/types\/product"}],"wp:attachment":[{"href":"https:\/\/roveyayinevi.com.tr\/index.php\/wp-json\/wp\/v2\/media?parent=724877"}],"wp:term":[{"taxonomy":"product_brand","embeddable":true,"href":"https:\/\/roveyayinevi.com.tr\/index.php\/wp-json\/wp\/v2\/product_brand?post=724877"},{"taxonomy":"product_cat","embeddable":true,"href":"https:\/\/roveyayinevi.com.tr\/index.php\/wp-json\/wp\/v2\/product_cat?post=724877"},{"taxonomy":"product_tag","embeddable":true,"href":"https:\/\/roveyayinevi.com.tr\/index.php\/wp-json\/wp\/v2\/product_tag?post=724877"}],"curies":[{"name":"wp","href":"https:\/\/api.w.org\/{rel}","templated":true}]}}