{"id":724875,"date":"2025-08-27T19:41:05","date_gmt":"2025-08-27T16:41:05","guid":{"rendered":"https:\/\/roveyayinevi.com.tr\/index.php\/urun\/turkiye-ekonomisinde-kriz-dinamikleri\/"},"modified":"2026-04-16T02:32:46","modified_gmt":"2026-04-15T23:32:46","slug":"turkiye-ekonomisinde-kriz-dinamikleri","status":"publish","type":"product","link":"https:\/\/roveyayinevi.com.tr\/index.php\/urun\/turkiye-ekonomisinde-kriz-dinamikleri\/","title":{"rendered":"T\u00fcrkiye Ekonomisinde Kriz Dinamikleri"},"content":{"rendered":"<p>1.B\u00f6l\u00fcm : Finansal Kriz Teorileri1.1.Para\/D\u00f6viz ve Bankac\u0131l\u0131k Krizlerini A\u00e7\u0131klayan Teoriler1.2.D\u0131\u015f Bor\u00e7 ve Sistemik Finansal Krizler2.B\u00f6l\u00fcm : \u0130hracata Dayal\u0131 B\u00fcy\u00fcme Modeline Ge\u00e7i\u015f : D\u0131\u015f Ticaret Ve Sermaye Hesab\u0131n\u0131n Serbestle\u015ftirilmesi,1980-1990 D\u00f6nemi Geli\u015fmeleri2.1.T\u00fcrkiye\u2019nin 1980 Sonras\u0131 Liberalizasyon S\u00fcreci 2.2.24 Ocak 1980 Kararlar\u0131 ve 1980-1983 Askeri Darbe D\u00f6nemi Geli\u015fmeleri2.3.1983-1989 D\u00f6nemi Geli\u015fmeleri3.B\u00f6l\u00fcm : T\u00fcrkiye\u2019de Kriz Dinamiklerinin Bir Analizi : Y\u00fcksek Ve Kronik Enflasyon, Kamu Tasarruf A\u00e7\u0131\u011f\u0131 Ve D\u0131\u015f Ticaret A\u00e7\u0131\u011f\u0131 Sorunu3.1.Y\u00fcksek ve Kronik Enflasyon ile Kamu Tasarruf A\u00e7\u0131\u011f\u0131 Aras\u0131ndaki Etkile\u015fim Dinami\u011fi3.2.T\u00fcrkiye\u2019de Faiz-Kur Makas\u0131 : Olu\u015fumu, Etkileri ve Analizler3.3.T\u00fcrkiye\u2019nin D\u0131\u015f Ticaret ve Cari \u0130\u015flemler A\u00e7\u0131\u011f\u0131 Sorunu : Analizler ve Yorumlar4.B\u00f6l\u00fcm : T\u00fcrkiye\u2019nin 1980 Sonras\u0131 Krizleri : 1994-2001-2009 Krizleri4.1.1994 Krizi : Krizin Perde Arkas\u0131 ve 1994 Krizinde Ya\u015fananlar 4.2.Kas\u0131m 2000 ve \u015eubat 2001 Krizi4.3.2007 K\u00fcresel Krizi ve T\u00fcrkiye\u2019ye Yans\u0131mas\u0131 : 2009 Krizi4.4.1994,2001 ve 2009 Krizlerinin Kriz Modelleri \u00c7er\u00e7evesinde De\u011ferlendirilmesi5.B\u00f6l\u00fcm : T\u00fcrkiye Ekonomisinin 2010 Y\u0131l\u0131 Sonras\u0131 Geli\u015fmeleri5.1.T\u00fcrkiye\u2019nin 2010-2019 D\u00f6neminin \u00d6nemli Olaylar\u01315.2.Temel Makro Ekonomik G\u00f6stergelerin Seyri : 2010-20195.3.T\u00fcrkiye Ekonomisinin D\u0131\u015f Bor\u00e7 Sorununa \u0130li\u015fkin Bir De\u011ferlendirme5.4.Koronavir\u00fcs Pandemisi<\/p>\n","protected":false},"excerpt":{"rendered":"<p>1.B\u00f6l\u00fcm : Finansal Kriz Teorileri1.1.Para\/D\u00f6viz ve Bankac\u0131l\u0131k Krizlerini A\u00e7\u0131klayan Teoriler1.2.D\u0131\u015f Bor\u00e7 ve Sistemik Finansal Krizler2.B\u00f6l\u00fcm : \u0130hracata Dayal\u0131 B\u00fcy\u00fcme Modeline Ge\u00e7i\u015f : D\u0131\u015f Ticaret Ve Sermaye<span class=\"excerpt-hellip\"> [\u2026]<\/span><\/p>\n","protected":false},"featured_media":0,"template":"","meta":{"_monsterinsights_skip_tracking":false,"_monsterinsights_sitenote_active":false,"_monsterinsights_sitenote_note":"","_monsterinsights_sitenote_category":0},"product_brand":[],"product_cat":[13043,14144],"product_tag":[],"class_list":{"0":"post-724875","1":"product","2":"type-product","3":"status-publish","5":"product_cat-ekonomi","6":"product_cat-turkiye-ekonomisi","7":"pa_cilt-ciltsiz","8":"pa_tur-kitap","9":"pa_yayinevi-gazi-kitabevi","10":"pa_yazar-umut-cakmak","12":"first","13":"instock","14":"sale","15":"shipping-taxable","16":"purchasable","17":"product-type-simple"},"_links":{"self":[{"href":"https:\/\/roveyayinevi.com.tr\/index.php\/wp-json\/wp\/v2\/product\/724875","targetHints":{"allow":["GET"]}}],"collection":[{"href":"https:\/\/roveyayinevi.com.tr\/index.php\/wp-json\/wp\/v2\/product"}],"about":[{"href":"https:\/\/roveyayinevi.com.tr\/index.php\/wp-json\/wp\/v2\/types\/product"}],"wp:attachment":[{"href":"https:\/\/roveyayinevi.com.tr\/index.php\/wp-json\/wp\/v2\/media?parent=724875"}],"wp:term":[{"taxonomy":"product_brand","embeddable":true,"href":"https:\/\/roveyayinevi.com.tr\/index.php\/wp-json\/wp\/v2\/product_brand?post=724875"},{"taxonomy":"product_cat","embeddable":true,"href":"https:\/\/roveyayinevi.com.tr\/index.php\/wp-json\/wp\/v2\/product_cat?post=724875"},{"taxonomy":"product_tag","embeddable":true,"href":"https:\/\/roveyayinevi.com.tr\/index.php\/wp-json\/wp\/v2\/product_tag?post=724875"}],"curies":[{"name":"wp","href":"https:\/\/api.w.org\/{rel}","templated":true}]}}