{"id":724874,"date":"2025-08-27T19:41:04","date_gmt":"2025-08-27T16:41:04","guid":{"rendered":"https:\/\/roveyayinevi.com.tr\/index.php\/urun\/migration-in-turkey-policies-reactions-discussions\/"},"modified":"2026-04-16T02:32:46","modified_gmt":"2026-04-15T23:32:46","slug":"migration-in-turkey-policies-reactions-discussions","status":"publish","type":"product","link":"https:\/\/roveyayinevi.com.tr\/index.php\/urun\/migration-in-turkey-policies-reactions-discussions\/","title":{"rendered":"Migration in Turkey Policies, Reactions, Discussions"},"content":{"rendered":"<p>PrefaceIntroduction: Migration in TurkeyDidem Do\u011fany\u0131lmaz Duman-G\u00f6khan DumanChapter One What is Wrong with Integration Policies and Processes?Examples from the EU and Turkey in a Comparative Perspective\u015eahizer Samuk CarignaniChapter Two\u2018New Minorities\u2019in Europe as a Post-Migration Issue:Can Syrians Be Regarded as Turkey\u2019s New Minorities?Nihan Ak\u0131nc\u0131lar K\u00f6seo\u011fluChapter Three The Poverty Phenomenon in Turkey and the Effects of Migration on PovertyUfuk GencelChapter Four Principles of Benefiting from Health Services for Foreigners and Exclusively Those under Temporary Protection in Turkey\u00d6zkan BilgiliChapter FiveUnravelling the Enduring Aspiration-Attainment Gap: Immigration,Syrian Refugee Students and EducationNurdan Kavakl\u0131Chapter SixCommunication Strategy of Turkey Towards Migrants: The Case of Directorate General of Migration ManagementDilhan ApakChapter Seven Social Media Users\u2019 Perceptions about the Immigrants in Turkey Ece \u00dcn\u00fcrContributor BiographiesEdit\u00f6r Biographies<\/p>\n","protected":false},"excerpt":{"rendered":"<p>PrefaceIntroduction: Migration in TurkeyDidem Do\u011fany\u0131lmaz Duman-G\u00f6khan DumanChapter One What is Wrong with Integration Policies and Processes?Examples from the EU and Turkey in a Comparative Perspective\u015eahizer Samuk<span class=\"excerpt-hellip\"> [\u2026]<\/span><\/p>\n","protected":false},"featured_media":0,"template":"","meta":{"_monsterinsights_skip_tracking":false,"_monsterinsights_sitenote_active":false,"_monsterinsights_sitenote_note":"","_monsterinsights_sitenote_category":0},"product_brand":[],"product_cat":[12337,14706],"product_tag":[],"class_list":{"0":"post-724874","1":"product","2":"type-product","3":"status-publish","5":"product_cat-politika-siyaset","6":"product_cat-siyaset-bilimi","7":"pa_cilt-ciltsiz","8":"pa_tur-kitap","9":"pa_yayinevi-gazi-kitabevi","10":"pa_yazar-didem-doganyilmaz-duman-gokhan-duman","12":"first","13":"instock","14":"sale","15":"shipping-taxable","16":"purchasable","17":"product-type-simple"},"_links":{"self":[{"href":"https:\/\/roveyayinevi.com.tr\/index.php\/wp-json\/wp\/v2\/product\/724874","targetHints":{"allow":["GET"]}}],"collection":[{"href":"https:\/\/roveyayinevi.com.tr\/index.php\/wp-json\/wp\/v2\/product"}],"about":[{"href":"https:\/\/roveyayinevi.com.tr\/index.php\/wp-json\/wp\/v2\/types\/product"}],"wp:attachment":[{"href":"https:\/\/roveyayinevi.com.tr\/index.php\/wp-json\/wp\/v2\/media?parent=724874"}],"wp:term":[{"taxonomy":"product_brand","embeddable":true,"href":"https:\/\/roveyayinevi.com.tr\/index.php\/wp-json\/wp\/v2\/product_brand?post=724874"},{"taxonomy":"product_cat","embeddable":true,"href":"https:\/\/roveyayinevi.com.tr\/index.php\/wp-json\/wp\/v2\/product_cat?post=724874"},{"taxonomy":"product_tag","embeddable":true,"href":"https:\/\/roveyayinevi.com.tr\/index.php\/wp-json\/wp\/v2\/product_tag?post=724874"}],"curies":[{"name":"wp","href":"https:\/\/api.w.org\/{rel}","templated":true}]}}