{"id":724872,"date":"2025-08-27T19:41:03","date_gmt":"2025-08-27T16:41:03","guid":{"rendered":"https:\/\/roveyayinevi.com.tr\/index.php\/urun\/analitik-okuma-uzerine-soyleselim\/"},"modified":"2026-04-16T02:32:46","modified_gmt":"2026-04-15T23:32:46","slug":"analitik-okuma-uzerine-soyleselim","status":"publish","type":"product","link":"https:\/\/roveyayinevi.com.tr\/index.php\/urun\/analitik-okuma-uzerine-soyleselim\/","title":{"rendered":"Analitik Okuma \u00dczerine S\u00f6yle\u015felim"},"content":{"rendered":"<p>Okuma, \u00f6\u011frenmenin en etkili yollar\u0131ndan biri oldu\u011fu i\u00e7in e\u011fitim sistemlerinde her zaman var oldu. G\u00fcn\u00fcm\u00fczde bile kitaps\u0131z bir \u00f6\u011frenci ve okul hayal etmek m\u00fcmk\u00fcn g\u00f6r\u00fcnm\u00fcyor. Dijital \u00e7a\u011f, kitaplar\u0131 bi\u00e7im olarak de\u011fi\u015ftirse de okuman\u0131n \u00f6\u011frenme i\u00e7in \u00f6nemli bir ara\u00e7 ve ihtiya\u00e7 oldu\u011fu mant\u0131\u011f\u0131 de\u011fi\u015fmiyor.\u00dclkemizde, e\u011fitimle ilgili konu a\u00e7\u0131ld\u0131\u011f\u0131nda s\u00f6z d\u00f6n\u00fcp dola\u015f\u0131p \u201cokumuyoruz\u201da geliyor. Yap\u0131lan ulusal \u00f6l\u00e7ekli akademik ara\u015ft\u0131rma ve \u00e7al\u0131\u015fmalar \u201cokudu\u011fumuzu anlamad\u0131\u011f\u0131m\u0131z\u0131\u201d g\u00f6steriyor.Ger\u00e7ekten \u00f6\u011frenmeden, pek \u00e7ok \u015feyi bilir gibi yapanlar\u0131n d\u00fcnyas\u0131 bug\u00fcn hepimizin en b\u00fcy\u00fck sorunu.Bu \u00e7al\u0131\u015fman\u0131n, anlayarak okuma becerisi kazand\u0131rma yolunda e\u011fitimcilerimize, gelece\u011fin \u00f6\u011fretmen adaylar\u0131na, anne-babalara, nas\u0131l okumas\u0131 gerekti\u011fi konusunda cevap arayanlara \u0131\u015f\u0131k olmas\u0131 temennimiz.<\/p>\n","protected":false},"excerpt":{"rendered":"<p>Okuma, \u00f6\u011frenmenin en etkili yollar\u0131ndan biri oldu\u011fu i\u00e7in e\u011fitim sistemlerinde her zaman var oldu. G\u00fcn\u00fcm\u00fczde bile kitaps\u0131z bir \u00f6\u011frenci ve okul hayal etmek m\u00fcmk\u00fcn g\u00f6r\u00fcnm\u00fcyor. Dijital<span class=\"excerpt-hellip\"> [\u2026]<\/span><\/p>\n","protected":false},"featured_media":0,"template":"","meta":{"_monsterinsights_skip_tracking":false,"_monsterinsights_sitenote_active":false,"_monsterinsights_sitenote_note":"","_monsterinsights_sitenote_category":0},"product_brand":[],"product_cat":[12567,12566],"product_tag":[],"class_list":{"0":"post-724872","1":"product","2":"type-product","3":"status-publish","5":"product_cat-diger-egitim","6":"product_cat-egitim","7":"pa_cilt-ciltsiz","8":"pa_tur-kitap","9":"pa_yayinevi-berikan-yayinlari","10":"pa_yazar-ulku-demiray","12":"first","13":"instock","14":"sale","15":"shipping-taxable","16":"purchasable","17":"product-type-simple"},"_links":{"self":[{"href":"https:\/\/roveyayinevi.com.tr\/index.php\/wp-json\/wp\/v2\/product\/724872","targetHints":{"allow":["GET"]}}],"collection":[{"href":"https:\/\/roveyayinevi.com.tr\/index.php\/wp-json\/wp\/v2\/product"}],"about":[{"href":"https:\/\/roveyayinevi.com.tr\/index.php\/wp-json\/wp\/v2\/types\/product"}],"wp:attachment":[{"href":"https:\/\/roveyayinevi.com.tr\/index.php\/wp-json\/wp\/v2\/media?parent=724872"}],"wp:term":[{"taxonomy":"product_brand","embeddable":true,"href":"https:\/\/roveyayinevi.com.tr\/index.php\/wp-json\/wp\/v2\/product_brand?post=724872"},{"taxonomy":"product_cat","embeddable":true,"href":"https:\/\/roveyayinevi.com.tr\/index.php\/wp-json\/wp\/v2\/product_cat?post=724872"},{"taxonomy":"product_tag","embeddable":true,"href":"https:\/\/roveyayinevi.com.tr\/index.php\/wp-json\/wp\/v2\/product_tag?post=724872"}],"curies":[{"name":"wp","href":"https:\/\/api.w.org\/{rel}","templated":true}]}}