{"id":724867,"date":"2025-08-27T19:40:59","date_gmt":"2025-08-27T16:40:59","guid":{"rendered":"https:\/\/roveyayinevi.com.tr\/index.php\/urun\/karman-corman-hayvan\/"},"modified":"2026-04-16T02:32:46","modified_gmt":"2026-04-15T23:32:46","slug":"karman-corman-hayvan","status":"publish","type":"product","link":"https:\/\/roveyayinevi.com.tr\/index.php\/urun\/karman-corman-hayvan\/","title":{"rendered":"Karman \u00c7orman Hayvan"},"content":{"rendered":"<p>HER SAYFASI HAYVANLAR VE SEN\u0130 BEKLEYEN G\u00d6REVLERLE DOLU!Ters y\u00f6ne u\u00e7an flamingoyu bulabilir misin? Peki ya penguenlerin aras\u0131na saklanm\u0131\u015f kardan adam\u0131? Bu kitab\u0131n her sayfas\u0131 t\u0131ka basa hayvanlar ve  onlar hakk\u0131nda ilgin\u00e7 bilgilerle dolu. Ama hepsi bu kadar de\u011fil! Bu curcuna i\u00e7inde seni  bekleyen g\u00f6revler var: \u0130lerleyebilmek i\u00e7in  bazen zebralar\u0131 sayman, bazen t\u00fck\u00fcren deveyi bulup ona biraz g\u00f6rg\u00fc  kurallar\u0131n-dan bahsetmen gerekecek.\u00c7ok sevilen Krokadali\u2019nin yazar\u0131ndan, \u00e7ocuklar\u0131 hayvanlar\u0131n d\u00fcnyan\u0131n d\u00f6rt bir yan\u0131ndaki evlerinde misafir edecek reng\u00e2renk bir bulmaca kitab\u0131.<\/p>\n","protected":false},"excerpt":{"rendered":"<p>HER SAYFASI HAYVANLAR VE SEN\u0130 BEKLEYEN G\u00d6REVLERLE DOLU!Ters y\u00f6ne u\u00e7an flamingoyu bulabilir misin? Peki ya penguenlerin aras\u0131na saklanm\u0131\u015f kardan adam\u0131? Bu kitab\u0131n her sayfas\u0131 t\u0131ka basa<span class=\"excerpt-hellip\"> [\u2026]<\/span><\/p>\n","protected":false},"featured_media":0,"template":"","meta":{"_monsterinsights_skip_tracking":false,"_monsterinsights_sitenote_active":false,"_monsterinsights_sitenote_note":"","_monsterinsights_sitenote_category":0},"product_brand":[],"product_cat":[12913,12274],"product_tag":[],"class_list":{"0":"post-724867","1":"product","2":"type-product","3":"status-publish","5":"product_cat-3-6-yas-kitaplari","6":"product_cat-cocuk-ve-genclik-kitaplari","7":"pa_cilt-ciltsiz","8":"pa_tur-kitap","9":"pa_yayinevi-domingo-yayinevi","10":"pa_yazar-lucy-volpin","12":"first","13":"instock","14":"sale","15":"shipping-taxable","16":"purchasable","17":"product-type-simple"},"_links":{"self":[{"href":"https:\/\/roveyayinevi.com.tr\/index.php\/wp-json\/wp\/v2\/product\/724867","targetHints":{"allow":["GET"]}}],"collection":[{"href":"https:\/\/roveyayinevi.com.tr\/index.php\/wp-json\/wp\/v2\/product"}],"about":[{"href":"https:\/\/roveyayinevi.com.tr\/index.php\/wp-json\/wp\/v2\/types\/product"}],"wp:attachment":[{"href":"https:\/\/roveyayinevi.com.tr\/index.php\/wp-json\/wp\/v2\/media?parent=724867"}],"wp:term":[{"taxonomy":"product_brand","embeddable":true,"href":"https:\/\/roveyayinevi.com.tr\/index.php\/wp-json\/wp\/v2\/product_brand?post=724867"},{"taxonomy":"product_cat","embeddable":true,"href":"https:\/\/roveyayinevi.com.tr\/index.php\/wp-json\/wp\/v2\/product_cat?post=724867"},{"taxonomy":"product_tag","embeddable":true,"href":"https:\/\/roveyayinevi.com.tr\/index.php\/wp-json\/wp\/v2\/product_tag?post=724867"}],"curies":[{"name":"wp","href":"https:\/\/api.w.org\/{rel}","templated":true}]}}