{"id":724866,"date":"2025-08-27T19:40:58","date_gmt":"2025-08-27T16:40:58","guid":{"rendered":"https:\/\/roveyayinevi.com.tr\/index.php\/urun\/yansima\/"},"modified":"2026-04-16T02:32:46","modified_gmt":"2026-04-15T23:32:46","slug":"yansima","status":"publish","type":"product","link":"https:\/\/roveyayinevi.com.tr\/index.php\/urun\/yansima\/","title":{"rendered":"Yans\u0131ma"},"content":{"rendered":"<p>Bir oda\u2026 Antika saatler\u2026 Karantina\u2026 Umut, g\u00f6lgeler, astronotlar ve hamam b\u00f6cekleri\u2026Okurken siz de i\u00e7indesiniz asl\u0131nda o odan\u0131n. Tu\u015flar\u0131na basma iste\u011finize engel olamad\u0131\u011f\u0131n\u0131z piyano, kokusu burnunuza gelen \u0131hlamur a\u011fac\u0131 ve t\u00fcm bu ya\u015fama dair e\u015fyalar\u0131n aras\u0131nda, varl\u0131\u011f\u0131n\u0131 durmaks\u0131z\u0131n hissettiren yaln\u0131zl\u0131k ve \u00f6l\u00fcm.Uzun s\u00fcre k\u00fct\u00fcphanede ya\u015fam\u0131\u015f bir hamam b\u00f6ce\u011finin kendinden emin c\u00fcmlesi: Yans\u0131malar as\u0131llar\u0131 gibi asla olamaz.Ger\u00e7ekten olamaz m\u0131? Bir vir\u00fcs, d\u00fcnyay\u0131 etkisi alt\u0131na al\u0131r. Vir\u00fcs nedeniyle do\u011fal hayat g\u00fcnden g\u00fcne t\u00fckenir. Umut ad\u0131nda gen\u00e7 bir adam, hastal\u0131k nedeniyle ailesi taraf\u0131ndan karantina alt\u0131nda tutulur. Bu durum Umut\u2019un y\u0131llard\u0131r hi\u00e7bir canl\u0131 ile ileti\u015fime ge\u00e7memesine neden olur. Gen\u00e7 adam zaman ge\u00e7tik\u00e7e art\u0131k i\u00e7inde bulundu\u011fu bu hali sorgulamaya ba\u015flar.Coronavir\u00fcs salg\u0131n\u0131 g\u00fcnlerine denk gelmesiyle dikkatleri \u00fczerine \u00e7eken Tolga Okur imzal\u0131 &#8220;Yans\u0131ma&#8221;  18. Uluslararas\u0131 \u00c7evre Film Festivali&#8217;nde yar\u0131\u015fma filmleri aras\u0131na se\u00e7ilen Yans\u0131ma&#8217;n\u0131n fragman\u0131nda hamam b\u00f6ceklerinden yay\u0131lan bir hastal\u0131k nedeniyle eve t\u0131k\u0131l\u0131 kalan bir adam\u0131n hikayesine tan\u0131kl\u0131k ediyoruz. D\u00fcnyadan mahrum kalmak yerine \u00f6zg\u00fcrce d\u0131\u015far\u0131 \u00e7\u0131kmay\u0131 tercih eden birini anlatan Yans\u0131ma&#8217;n\u0131n ba\u015frol\u00fcnde Emre Kurtul bulunuyor.<\/p>\n","protected":false},"excerpt":{"rendered":"<p>Bir oda\u2026 Antika saatler\u2026 Karantina\u2026 Umut, g\u00f6lgeler, astronotlar ve hamam b\u00f6cekleri\u2026Okurken siz de i\u00e7indesiniz asl\u0131nda o odan\u0131n. Tu\u015flar\u0131na basma iste\u011finize engel olamad\u0131\u011f\u0131n\u0131z piyano, kokusu burnunuza gelen<span class=\"excerpt-hellip\"> [\u2026]<\/span><\/p>\n","protected":false},"featured_media":0,"template":"","meta":{"_monsterinsights_skip_tracking":false,"_monsterinsights_sitenote_active":false,"_monsterinsights_sitenote_note":"","_monsterinsights_sitenote_category":0},"product_brand":[],"product_cat":[12291,14777],"product_tag":[],"class_list":{"0":"post-724866","1":"product","2":"type-product","3":"status-publish","5":"product_cat-edebiyat","6":"product_cat-fantastik","7":"pa_cilt-ciltsiz","8":"pa_tur-kitap","9":"pa_yayinevi-perseus","10":"pa_yazar-ozcan-tekdemir","12":"first","13":"instock","14":"sale","15":"shipping-taxable","16":"purchasable","17":"product-type-simple"},"_links":{"self":[{"href":"https:\/\/roveyayinevi.com.tr\/index.php\/wp-json\/wp\/v2\/product\/724866","targetHints":{"allow":["GET"]}}],"collection":[{"href":"https:\/\/roveyayinevi.com.tr\/index.php\/wp-json\/wp\/v2\/product"}],"about":[{"href":"https:\/\/roveyayinevi.com.tr\/index.php\/wp-json\/wp\/v2\/types\/product"}],"wp:attachment":[{"href":"https:\/\/roveyayinevi.com.tr\/index.php\/wp-json\/wp\/v2\/media?parent=724866"}],"wp:term":[{"taxonomy":"product_brand","embeddable":true,"href":"https:\/\/roveyayinevi.com.tr\/index.php\/wp-json\/wp\/v2\/product_brand?post=724866"},{"taxonomy":"product_cat","embeddable":true,"href":"https:\/\/roveyayinevi.com.tr\/index.php\/wp-json\/wp\/v2\/product_cat?post=724866"},{"taxonomy":"product_tag","embeddable":true,"href":"https:\/\/roveyayinevi.com.tr\/index.php\/wp-json\/wp\/v2\/product_tag?post=724866"}],"curies":[{"name":"wp","href":"https:\/\/api.w.org\/{rel}","templated":true}]}}