{"id":724864,"date":"2025-08-27T19:40:57","date_gmt":"2025-08-27T16:40:57","guid":{"rendered":"https:\/\/roveyayinevi.com.tr\/index.php\/urun\/pandemi-koleradan-koronaviruslere-dunyayi-sarsan-virusler\/"},"modified":"2026-04-16T02:32:46","modified_gmt":"2026-04-15T23:32:46","slug":"pandemi-koleradan-koronaviruslere-dunyayi-sarsan-virusler","status":"publish","type":"product","link":"https:\/\/roveyayinevi.com.tr\/index.php\/urun\/pandemi-koleradan-koronaviruslere-dunyayi-sarsan-virusler\/","title":{"rendered":"Pandemi: Koleradan Koronavir\u00fcslere D\u00fcnyay\u0131 Sarsan Vir\u00fcsler"},"content":{"rendered":"<p>Biyografi: Sonia Shah Bilim gazetecisi. The Fever: How Malaria Ruled Humankind for 500,000 Years, The Body Hunters: Testing New Drugs on the World\u2019s Poorest Patients ve Crude: The Story of Oil ba\u015fl\u0131kl\u0131 kitaplar\u0131n yazar\u0131. The Fever, Royal Society\u2019nin Winton Bilim Kitaplar\u0131 \u00d6d\u00fcl\u00fc\u2019ne aday g\u00f6sterilmi\u015ftir. Makaleleri New York Times, Wall Street Journal, Foreign Affairs, Scientific American gibi yay\u0131n organlar\u0131nda yay\u0131nlanm\u0131\u015ft\u0131r. Sonia Shah, Baltimore, Maryland\u2019da ya\u015famaktad\u0131r.   Cihat Ta\u015f\u00e7oo\u011flu Ankara, 1955 do\u011fumlu. ODT\u00dc\u2019de mimarl\u0131k e\u011fitimi ald\u0131ktan sonra uzun y\u0131llar bu meslekle u\u011fra\u015ft\u0131. 2003 y\u0131l\u0131nda kitap \u00e7evirisi yapmaya ba\u015flad\u0131. \u00c7e\u015fitli yay\u0131nevleri i\u00e7in altm\u0131\u015ftan fazla kitap \u00e7evirdi, y\u00fcze yak\u0131n kitab\u0131n edit\u00f6rl\u00fc\u011f\u00fcn\u00fc yapt\u0131 ve sekt\u00f6rde yay\u0131n y\u00f6netmeni, yay\u0131n dan\u0131\u015fman\u0131 gibi konumlarda \u00e7al\u0131\u015ft\u0131. \u0130stanbul\u2019da ya\u015f\u0131yor.   Kitap Tan\u0131t\u0131m Yaz\u0131s\u0131: SARS\u2019\u0131 hat\u0131rl\u0131yor musunuz? Ya ku\u015f gribini? Ebolay\u0131, koleray\u0131? Her seferinde panikledik ama salg\u0131n dinince bula\u015f\u0131c\u0131 hastal\u0131klar\u0131 g\u00f6rmezden gelme haline geri d\u00f6nd\u00fck. \u015eimdiyse her \u015fey i\u00e7in \u00e7ok ge\u00e7. Hastal\u0131k aram\u0131zda. <\/p>\n","protected":false},"excerpt":{"rendered":"<p>Biyografi: Sonia Shah Bilim gazetecisi. The Fever: How Malaria Ruled Humankind for 500,000 Years, The Body Hunters: Testing New Drugs on the World\u2019s Poorest Patients ve<span class=\"excerpt-hellip\"> [\u2026]<\/span><\/p>\n","protected":false},"featured_media":0,"template":"","meta":{"_monsterinsights_skip_tracking":false,"_monsterinsights_sitenote_active":false,"_monsterinsights_sitenote_note":"","_monsterinsights_sitenote_category":0},"product_brand":[],"product_cat":[13366,13365],"product_tag":[],"class_list":{"0":"post-724864","1":"product","2":"type-product","3":"status-publish","5":"product_cat-diger-saglik","6":"product_cat-saglik","7":"pa_cilt-ciltsiz","8":"pa_tur-kitap","9":"pa_yayinevi-sahi-kitap","10":"pa_yazar-sonia-shah","12":"first","13":"instock","14":"sale","15":"shipping-taxable","16":"purchasable","17":"product-type-simple"},"_links":{"self":[{"href":"https:\/\/roveyayinevi.com.tr\/index.php\/wp-json\/wp\/v2\/product\/724864","targetHints":{"allow":["GET"]}}],"collection":[{"href":"https:\/\/roveyayinevi.com.tr\/index.php\/wp-json\/wp\/v2\/product"}],"about":[{"href":"https:\/\/roveyayinevi.com.tr\/index.php\/wp-json\/wp\/v2\/types\/product"}],"wp:attachment":[{"href":"https:\/\/roveyayinevi.com.tr\/index.php\/wp-json\/wp\/v2\/media?parent=724864"}],"wp:term":[{"taxonomy":"product_brand","embeddable":true,"href":"https:\/\/roveyayinevi.com.tr\/index.php\/wp-json\/wp\/v2\/product_brand?post=724864"},{"taxonomy":"product_cat","embeddable":true,"href":"https:\/\/roveyayinevi.com.tr\/index.php\/wp-json\/wp\/v2\/product_cat?post=724864"},{"taxonomy":"product_tag","embeddable":true,"href":"https:\/\/roveyayinevi.com.tr\/index.php\/wp-json\/wp\/v2\/product_tag?post=724864"}],"curies":[{"name":"wp","href":"https:\/\/api.w.org\/{rel}","templated":true}]}}