{"id":724859,"date":"2025-08-27T19:40:53","date_gmt":"2025-08-27T16:40:53","guid":{"rendered":"https:\/\/roveyayinevi.com.tr\/index.php\/urun\/sehrimi-taniyorum\/"},"modified":"2026-04-16T02:32:46","modified_gmt":"2026-04-15T23:32:46","slug":"sehrimi-taniyorum","status":"publish","type":"product","link":"https:\/\/roveyayinevi.com.tr\/index.php\/urun\/sehrimi-taniyorum\/","title":{"rendered":"\u015eehrimi Tan\u0131yorum"},"content":{"rendered":"<p>\u015eehrimi Tan\u0131yorumBu kitapta kendi \u015fehrini e\u011flenceli ve \u00f6\u011fretici aktivitelerle tan\u0131yacaks\u0131n!\u00c7\u0131kartmal\u0131 bulmacalar, say\u0131lar, renkler ve \u015fekiller \u00e7ocu\u011funuzda dikkat ve odaklanma, dil becerisi, g\u00f6rsel alg\u0131, ince motor becerisi ve bili\u015fsel s\u00fcre\u00e7lerin geli\u015fmesine katk\u0131 sa\u011flar.<\/p>\n","protected":false},"excerpt":{"rendered":"<p>\u015eehrimi Tan\u0131yorumBu kitapta kendi \u015fehrini e\u011flenceli ve \u00f6\u011fretici aktivitelerle tan\u0131yacaks\u0131n!\u00c7\u0131kartmal\u0131 bulmacalar, say\u0131lar, renkler ve \u015fekiller \u00e7ocu\u011funuzda dikkat ve odaklanma, dil becerisi, g\u00f6rsel alg\u0131, ince motor becerisi<span class=\"excerpt-hellip\"> [\u2026]<\/span><\/p>\n","protected":false},"featured_media":0,"template":"","meta":{"_monsterinsights_skip_tracking":false,"_monsterinsights_sitenote_active":false,"_monsterinsights_sitenote_note":"","_monsterinsights_sitenote_category":0},"product_brand":[],"product_cat":[12913,12274],"product_tag":[],"class_list":{"0":"post-724859","1":"product","2":"type-product","3":"status-publish","5":"product_cat-3-6-yas-kitaplari","6":"product_cat-cocuk-ve-genclik-kitaplari","7":"pa_cilt-ciltsiz","8":"pa_tur-kitap","9":"pa_yayinevi-dikkat-atolyesi-yayinlari","10":"pa_yazar-kolektif","12":"first","13":"instock","14":"sale","15":"shipping-taxable","16":"purchasable","17":"product-type-simple"},"_links":{"self":[{"href":"https:\/\/roveyayinevi.com.tr\/index.php\/wp-json\/wp\/v2\/product\/724859","targetHints":{"allow":["GET"]}}],"collection":[{"href":"https:\/\/roveyayinevi.com.tr\/index.php\/wp-json\/wp\/v2\/product"}],"about":[{"href":"https:\/\/roveyayinevi.com.tr\/index.php\/wp-json\/wp\/v2\/types\/product"}],"wp:attachment":[{"href":"https:\/\/roveyayinevi.com.tr\/index.php\/wp-json\/wp\/v2\/media?parent=724859"}],"wp:term":[{"taxonomy":"product_brand","embeddable":true,"href":"https:\/\/roveyayinevi.com.tr\/index.php\/wp-json\/wp\/v2\/product_brand?post=724859"},{"taxonomy":"product_cat","embeddable":true,"href":"https:\/\/roveyayinevi.com.tr\/index.php\/wp-json\/wp\/v2\/product_cat?post=724859"},{"taxonomy":"product_tag","embeddable":true,"href":"https:\/\/roveyayinevi.com.tr\/index.php\/wp-json\/wp\/v2\/product_tag?post=724859"}],"curies":[{"name":"wp","href":"https:\/\/api.w.org\/{rel}","templated":true}]}}