{"id":724858,"date":"2025-08-27T19:40:53","date_gmt":"2025-08-27T16:40:53","guid":{"rendered":"https:\/\/roveyayinevi.com.tr\/index.php\/urun\/tasitlar-2\/"},"modified":"2026-04-16T02:32:46","modified_gmt":"2026-04-15T23:32:46","slug":"tasitlar-2","status":"publish","type":"product","link":"https:\/\/roveyayinevi.com.tr\/index.php\/urun\/tasitlar-2\/","title":{"rendered":"Ta\u015f\u0131tlar"},"content":{"rendered":"<p>Ta\u015f\u0131tlarBirbirinden e\u011flenceli \u00e7\u0131kartmalar, aktiviteler ve renkli sayfalarla, \u00e7ocuklar \u00e7ok sevdikleri ta\u015f\u0131tlar\u0131 yak\u0131ndan tan\u0131yacaklar!<\/p>\n","protected":false},"excerpt":{"rendered":"<p>Ta\u015f\u0131tlarBirbirinden e\u011flenceli \u00e7\u0131kartmalar, aktiviteler ve renkli sayfalarla, \u00e7ocuklar \u00e7ok sevdikleri ta\u015f\u0131tlar\u0131 yak\u0131ndan tan\u0131yacaklar!<\/p>\n","protected":false},"featured_media":0,"template":"","meta":{"_monsterinsights_skip_tracking":false,"_monsterinsights_sitenote_active":false,"_monsterinsights_sitenote_note":"","_monsterinsights_sitenote_category":0},"product_brand":[],"product_cat":[12913,12274],"product_tag":[],"class_list":{"0":"post-724858","1":"product","2":"type-product","3":"status-publish","5":"product_cat-3-6-yas-kitaplari","6":"product_cat-cocuk-ve-genclik-kitaplari","7":"pa_cilt-ciltsiz","8":"pa_tur-kitap","9":"pa_yayinevi-dikkat-atolyesi-yayinlari","10":"pa_yazar-j-e-britge","12":"first","13":"instock","14":"sale","15":"shipping-taxable","16":"purchasable","17":"product-type-simple"},"_links":{"self":[{"href":"https:\/\/roveyayinevi.com.tr\/index.php\/wp-json\/wp\/v2\/product\/724858","targetHints":{"allow":["GET"]}}],"collection":[{"href":"https:\/\/roveyayinevi.com.tr\/index.php\/wp-json\/wp\/v2\/product"}],"about":[{"href":"https:\/\/roveyayinevi.com.tr\/index.php\/wp-json\/wp\/v2\/types\/product"}],"wp:attachment":[{"href":"https:\/\/roveyayinevi.com.tr\/index.php\/wp-json\/wp\/v2\/media?parent=724858"}],"wp:term":[{"taxonomy":"product_brand","embeddable":true,"href":"https:\/\/roveyayinevi.com.tr\/index.php\/wp-json\/wp\/v2\/product_brand?post=724858"},{"taxonomy":"product_cat","embeddable":true,"href":"https:\/\/roveyayinevi.com.tr\/index.php\/wp-json\/wp\/v2\/product_cat?post=724858"},{"taxonomy":"product_tag","embeddable":true,"href":"https:\/\/roveyayinevi.com.tr\/index.php\/wp-json\/wp\/v2\/product_tag?post=724858"}],"curies":[{"name":"wp","href":"https:\/\/api.w.org\/{rel}","templated":true}]}}