{"id":724855,"date":"2025-08-27T19:40:50","date_gmt":"2025-08-27T16:40:50","guid":{"rendered":"https:\/\/roveyayinevi.com.tr\/index.php\/urun\/kaptan-billy-deniz-macerasi\/"},"modified":"2026-04-16T02:32:46","modified_gmt":"2026-04-15T23:32:46","slug":"kaptan-billy-deniz-macerasi","status":"publish","type":"product","link":"https:\/\/roveyayinevi.com.tr\/index.php\/urun\/kaptan-billy-deniz-macerasi\/","title":{"rendered":"Kaptan Billy Deniz Maceras\u0131"},"content":{"rendered":"<p>Kaptan Billy Deniz Maceras\u0131Bill ve arkada\u015far\u0131n\u0131n macera dolu ser\u00fcveni ba\u015fl\u0131yor. Bu kitap, arkada\u015f edinmenin d\u0131\u015f g\u00f6r\u00fcn\u00fc\u015fe ba\u011fl\u0131 olmad\u0131\u011f\u0131n\u0131 anlatan bir de\u011ferler e\u011fitimi i\u00e7eriyor.K\u00fc\u00e7\u00fck Billy b\u00fcy\u00fck denizleri \u00e7ok merak ediyordu. Denizci olmak \u00e7o\u011fu zaman hayallerini s\u00fcsl\u00fcyordu.Sonunda bekledi\u011fi g\u00fcn geldi ve limana g\u00fczel bir gemi yakla\u015ft\u0131.Bu geminin tek ihtiyac\u0131 Billy gibi cesur bir kaptand\u0131. Billy ve Tayfas\u0131 macera dolu gizemli bir yolculu\u011fa ba\u015flad\u0131.Bir adada b\u00fcy\u00fck bir s\u00fcprizle kar\u015f\u0131la\u015f\u0131ncaya kadar her\u015fey normaldi.Billy ve arkada\u015flar\u0131n\u0131n macera dolu heyecanl\u0131 ser\u00fcvenine sen de kat\u0131l.Bu kitab\u0131 \u00e7ocu\u011funuza 7 ya\u015f\u0131na kadar siz okuyabilirsiniz. \u00c7ocu\u011funuz okumay\u0131 \u00f6\u011frendikten sonra kendisi okuyabilir.<\/p>\n","protected":false},"excerpt":{"rendered":"<p>Kaptan Billy Deniz Maceras\u0131Bill ve arkada\u015far\u0131n\u0131n macera dolu ser\u00fcveni ba\u015fl\u0131yor. Bu kitap, arkada\u015f edinmenin d\u0131\u015f g\u00f6r\u00fcn\u00fc\u015fe ba\u011fl\u0131 olmad\u0131\u011f\u0131n\u0131 anlatan bir de\u011ferler e\u011fitimi i\u00e7eriyor.K\u00fc\u00e7\u00fck Billy b\u00fcy\u00fck denizleri<span class=\"excerpt-hellip\"> [\u2026]<\/span><\/p>\n","protected":false},"featured_media":0,"template":"","meta":{"_monsterinsights_skip_tracking":false,"_monsterinsights_sitenote_active":false,"_monsterinsights_sitenote_note":"","_monsterinsights_sitenote_category":0},"product_brand":[],"product_cat":[12913,12274],"product_tag":[],"class_list":{"0":"post-724855","1":"product","2":"type-product","3":"status-publish","5":"product_cat-3-6-yas-kitaplari","6":"product_cat-cocuk-ve-genclik-kitaplari","7":"pa_cilt-ciltsiz","8":"pa_tur-kitap","9":"pa_yayinevi-dikkat-atolyesi-yayinlari","10":"pa_yazar-boris-voitsekhovskiy","12":"first","13":"instock","14":"sale","15":"shipping-taxable","16":"purchasable","17":"product-type-simple"},"_links":{"self":[{"href":"https:\/\/roveyayinevi.com.tr\/index.php\/wp-json\/wp\/v2\/product\/724855","targetHints":{"allow":["GET"]}}],"collection":[{"href":"https:\/\/roveyayinevi.com.tr\/index.php\/wp-json\/wp\/v2\/product"}],"about":[{"href":"https:\/\/roveyayinevi.com.tr\/index.php\/wp-json\/wp\/v2\/types\/product"}],"wp:attachment":[{"href":"https:\/\/roveyayinevi.com.tr\/index.php\/wp-json\/wp\/v2\/media?parent=724855"}],"wp:term":[{"taxonomy":"product_brand","embeddable":true,"href":"https:\/\/roveyayinevi.com.tr\/index.php\/wp-json\/wp\/v2\/product_brand?post=724855"},{"taxonomy":"product_cat","embeddable":true,"href":"https:\/\/roveyayinevi.com.tr\/index.php\/wp-json\/wp\/v2\/product_cat?post=724855"},{"taxonomy":"product_tag","embeddable":true,"href":"https:\/\/roveyayinevi.com.tr\/index.php\/wp-json\/wp\/v2\/product_tag?post=724855"}],"curies":[{"name":"wp","href":"https:\/\/api.w.org\/{rel}","templated":true}]}}