{"id":724854,"date":"2025-08-27T19:40:50","date_gmt":"2025-08-27T16:40:50","guid":{"rendered":"https:\/\/roveyayinevi.com.tr\/index.php\/urun\/guzel-davranislar-erken-cocuklukta-davranis-yonetimi\/"},"modified":"2026-04-16T02:32:46","modified_gmt":"2026-04-15T23:32:46","slug":"guzel-davranislar-erken-cocuklukta-davranis-yonetimi","status":"publish","type":"product","link":"https:\/\/roveyayinevi.com.tr\/index.php\/urun\/guzel-davranislar-erken-cocuklukta-davranis-yonetimi\/","title":{"rendered":"G\u00fczel Davran\u0131\u015flar &#8211; Erken \u00c7ocuklukta  Davran\u0131\u015f Y\u00f6netimi"},"content":{"rendered":"<p>Erken \u00c7ocuklukta Davran\u0131\u015f Y\u00f6netimi Serisi&#8217;nin bu kitab\u0131nda \u00e7ocuklar\u0131n baz\u0131 durumlarda nas\u0131l davranmas\u0131 gerekti\u011fini ele alm\u0131\u015ft\u0131r.Hikayeler hayvanlar\u0131n ba\u015f\u0131ndan ge\u00e7en olaylarla birle\u015ftirilerek daha anla\u015f\u0131l\u0131r hale getirilmi\u015ftir. De\u011ferler e\u011fitimi i\u00e7eren bu kitap, \u00e7ocuklar\u0131n do\u011fru davran\u0131\u015f\u0131 sergilemesini \u00f6\u011fretmenin en e\u011flenceli ve dikkat \u00e7ekici halini sunuyor.Ayr\u0131ca bu kitaptaki 3 hikayeyi ke\u015ffedin! Sevimli hayvan karakterleri \u00e7ocu\u011funuza nas\u0131l davran\u0131lmas\u0131 gerekti\u011fi konusunda rehber olacak. Sevimli hayvanlar\u0131n k\u0131sa hikayeleri, &#8221;sihirli kelimeleri&#8221; kullanarak \u00e7ocuklar\u0131n\u0131za nas\u0131l uygun davran\u0131\u015flar g\u00f6stereceklerini \u00f6\u011fretecektir.<\/p>\n","protected":false},"excerpt":{"rendered":"<p>Erken \u00c7ocuklukta Davran\u0131\u015f Y\u00f6netimi Serisi&#8217;nin bu kitab\u0131nda \u00e7ocuklar\u0131n baz\u0131 durumlarda nas\u0131l davranmas\u0131 gerekti\u011fini ele alm\u0131\u015ft\u0131r.Hikayeler hayvanlar\u0131n ba\u015f\u0131ndan ge\u00e7en olaylarla birle\u015ftirilerek daha anla\u015f\u0131l\u0131r hale getirilmi\u015ftir. De\u011ferler e\u011fitimi<span class=\"excerpt-hellip\"> [\u2026]<\/span><\/p>\n","protected":false},"featured_media":0,"template":"","meta":{"_monsterinsights_skip_tracking":false,"_monsterinsights_sitenote_active":false,"_monsterinsights_sitenote_note":"","_monsterinsights_sitenote_category":0},"product_brand":[],"product_cat":[12913,12274],"product_tag":[],"class_list":{"0":"post-724854","1":"product","2":"type-product","3":"status-publish","5":"product_cat-3-6-yas-kitaplari","6":"product_cat-cocuk-ve-genclik-kitaplari","7":"pa_cilt-ciltsiz","8":"pa_tur-kitap","9":"pa_yayinevi-dikkat-atolyesi-yayinlari","10":"pa_yazar-elena-ulyeva","12":"first","13":"instock","14":"sale","15":"shipping-taxable","16":"purchasable","17":"product-type-simple"},"_links":{"self":[{"href":"https:\/\/roveyayinevi.com.tr\/index.php\/wp-json\/wp\/v2\/product\/724854","targetHints":{"allow":["GET"]}}],"collection":[{"href":"https:\/\/roveyayinevi.com.tr\/index.php\/wp-json\/wp\/v2\/product"}],"about":[{"href":"https:\/\/roveyayinevi.com.tr\/index.php\/wp-json\/wp\/v2\/types\/product"}],"wp:attachment":[{"href":"https:\/\/roveyayinevi.com.tr\/index.php\/wp-json\/wp\/v2\/media?parent=724854"}],"wp:term":[{"taxonomy":"product_brand","embeddable":true,"href":"https:\/\/roveyayinevi.com.tr\/index.php\/wp-json\/wp\/v2\/product_brand?post=724854"},{"taxonomy":"product_cat","embeddable":true,"href":"https:\/\/roveyayinevi.com.tr\/index.php\/wp-json\/wp\/v2\/product_cat?post=724854"},{"taxonomy":"product_tag","embeddable":true,"href":"https:\/\/roveyayinevi.com.tr\/index.php\/wp-json\/wp\/v2\/product_tag?post=724854"}],"curies":[{"name":"wp","href":"https:\/\/api.w.org\/{rel}","templated":true}]}}