{"id":724846,"date":"2025-08-27T19:40:43","date_gmt":"2025-08-27T16:40:43","guid":{"rendered":"https:\/\/roveyayinevi.com.tr\/index.php\/urun\/fikirlerinizi-satmak\/"},"modified":"2026-04-03T02:40:03","modified_gmt":"2026-04-02T23:40:03","slug":"fikirlerinizi-satmak","status":"publish","type":"product","link":"https:\/\/roveyayinevi.com.tr\/index.php\/urun\/fikirlerinizi-satmak\/","title":{"rendered":"Fikirlerinizi Satmak"},"content":{"rendered":"<p>Yine harika bir fikriniz var!Ama bu fikrinizi ger\u00e7e\u011fe d\u00f6n\u00fc\u015ft\u00fcrmek i\u00e7in gereken deste\u011fi alabilecek misiniz?Bir i\u015f arkada\u015f\u0131n\u0131z\u0131 farkl\u0131 bir \u015fey yapmaya inand\u0131rmaktan tutun da m\u00fc\u015fteriyi yeni bir konsepte destek vermesi i\u00e7in ikna etmeye; ba\u015fkalar\u0131n\u0131 etkilemek \u00e7ok \u00f6nemli bir yarat\u0131c\u0131 beceridir. Bu kitapta ba\u015fkalar\u0131ndansa sizin tercih edilmeniz i\u00e7in neler gerekti\u011fini \u00f6\u011frenecek ve  Ula\u015fmak istedi\u011finiz hedefi tan\u0131mlamak,Sahip oldu\u011funuz fikrin \u00f6z\u00fcn\u00fc \u00e7\u0131karmak,Kimi ikna etmeniz gerekti\u011fini anlamak,Kendinizi sunuma haz\u0131rlamak,Sat\u0131\u015f sunumunu ger\u00e7ekle\u015ftirmek,i\u00e7in daha fazlas\u0131n\u0131 ke\u015ffedeceksiniz: Bir rekabet ortam\u0131nda \u00fcst\u00fcnl\u00fck kazanmak veya sadece teknik y\u00f6n\u00fcn\u00fcz\u00fc geli\u015ftirmek istiyorsan\u0131z, bu kitap tam size g\u00f6re!\u201cFikirlerinizi Satmak, konuyla ilgili g\u00f6rd\u00fc\u011f\u00fcm en kapsaml\u0131 kitap. Tonlarca yararl\u0131 tavsiye ile paketlenmi\u015f. Edinin.\u201dTomer Sharon &#8211; WeWork UX Ba\u015fkan\u0131 VP ve\u00dcr\u00fcn Fikirlerini Do\u011frulama yazar\u0131 \u201cBu samimi ve sohbet havas\u0131ndaki kitap, fikirlerimizle kurdu\u011fumuz ili\u015fkilerle ilgili i\u00e7 g\u00f6r\u00fc ve tavsiyelerle doludur.\u201dSteve Portigal &#8211; Kullan\u0131c\u0131larla R\u00f6portaj Yapma \u201cFikirlerinizi Satmak, hayat\u0131n\u0131z\u0131n t\u00fcm y\u00f6nleri i\u00e7in profesyonel ve kur\u015fun ge\u00e7irmez bir \u00e7er\u00e7eve ve yakla\u015f\u0131m veriyor!\u201dPhilip Battin &#8211; Google\u2019da Tasar\u0131m Stratejisi Lideri<\/p>\n","protected":false},"excerpt":{"rendered":"<p>Yine harika bir fikriniz var!Ama bu fikrinizi ger\u00e7e\u011fe d\u00f6n\u00fc\u015ft\u00fcrmek i\u00e7in gereken deste\u011fi alabilecek misiniz?Bir i\u015f arkada\u015f\u0131n\u0131z\u0131 farkl\u0131 bir \u015fey yapmaya inand\u0131rmaktan tutun da m\u00fc\u015fteriyi yeni bir<span class=\"excerpt-hellip\"> [\u2026]<\/span><\/p>\n","protected":false},"featured_media":0,"template":"","meta":{"_monsterinsights_skip_tracking":false,"_monsterinsights_sitenote_active":false,"_monsterinsights_sitenote_note":"","_monsterinsights_sitenote_category":0},"product_brand":[],"product_cat":[12364,12376],"product_tag":[],"class_list":{"0":"post-724846","1":"product","2":"type-product","3":"status-publish","5":"product_cat-genel-konular","6":"product_cat-kisisel-gelisim","7":"pa_cilt-ciltsiz","8":"pa_tur-kitap","9":"pa_yayinevi-orenda","10":"pa_yazar-jeroen-van-geel","12":"first","13":"instock","14":"sale","15":"shipping-taxable","16":"purchasable","17":"product-type-simple"},"_links":{"self":[{"href":"https:\/\/roveyayinevi.com.tr\/index.php\/wp-json\/wp\/v2\/product\/724846","targetHints":{"allow":["GET"]}}],"collection":[{"href":"https:\/\/roveyayinevi.com.tr\/index.php\/wp-json\/wp\/v2\/product"}],"about":[{"href":"https:\/\/roveyayinevi.com.tr\/index.php\/wp-json\/wp\/v2\/types\/product"}],"wp:attachment":[{"href":"https:\/\/roveyayinevi.com.tr\/index.php\/wp-json\/wp\/v2\/media?parent=724846"}],"wp:term":[{"taxonomy":"product_brand","embeddable":true,"href":"https:\/\/roveyayinevi.com.tr\/index.php\/wp-json\/wp\/v2\/product_brand?post=724846"},{"taxonomy":"product_cat","embeddable":true,"href":"https:\/\/roveyayinevi.com.tr\/index.php\/wp-json\/wp\/v2\/product_cat?post=724846"},{"taxonomy":"product_tag","embeddable":true,"href":"https:\/\/roveyayinevi.com.tr\/index.php\/wp-json\/wp\/v2\/product_tag?post=724846"}],"curies":[{"name":"wp","href":"https:\/\/api.w.org\/{rel}","templated":true}]}}