{"id":724845,"date":"2025-08-27T19:40:43","date_gmt":"2025-08-27T16:40:43","guid":{"rendered":"https:\/\/roveyayinevi.com.tr\/index.php\/urun\/yasami-destekleme-sanati\/"},"modified":"2026-04-16T02:32:46","modified_gmt":"2026-04-15T23:32:46","slug":"yasami-destekleme-sanati","status":"publish","type":"product","link":"https:\/\/roveyayinevi.com.tr\/index.php\/urun\/yasami-destekleme-sanati\/","title":{"rendered":"Ya\u015fam\u0131 Destekleme Sanat\u0131"},"content":{"rendered":"<p>Vitamin, Mineral ve Besin TakviyeleriniBilin\u00e7li Kullan\u0131m K\u0131lavuzuSa\u011fl\u0131kl\u0131 ve din\u00e7 bir ya\u015fam s\u00fcrmek g\u00fcn\u00fcm\u00fcz \u015fartlar\u0131nda t\u0131pk\u0131 bir sanat gibi. \u00c7\u00fcnk\u00fc v\u00fccudumuzdaki temel fizyolojik olaylar hassas bir denge i\u00e7inde ger\u00e7ekle\u015fiyor ve bu dengeyi bozarak hastal\u0131klara zemin haz\u0131rlayan pek \u00e7ok etken var. Sa\u011fl\u0131kl\u0131 kalmak i\u00e7in ak\u0131ll\u0131 bir y\u00f6netim ve strateji gerekiyor. <\/p>\n","protected":false},"excerpt":{"rendered":"<p>Vitamin, Mineral ve Besin TakviyeleriniBilin\u00e7li Kullan\u0131m K\u0131lavuzuSa\u011fl\u0131kl\u0131 ve din\u00e7 bir ya\u015fam s\u00fcrmek g\u00fcn\u00fcm\u00fcz \u015fartlar\u0131nda t\u0131pk\u0131 bir sanat gibi. \u00c7\u00fcnk\u00fc v\u00fccudumuzdaki temel fizyolojik olaylar hassas bir denge<span class=\"excerpt-hellip\"> [\u2026]<\/span><\/p>\n","protected":false},"featured_media":0,"template":"","meta":{"_monsterinsights_skip_tracking":false,"_monsterinsights_sitenote_active":false,"_monsterinsights_sitenote_note":"","_monsterinsights_sitenote_category":0},"product_brand":[],"product_cat":[13402,13365],"product_tag":[],"class_list":{"0":"post-724845","1":"product","2":"type-product","3":"status-publish","5":"product_cat-beslenme-ve-diyet","6":"product_cat-saglik","7":"pa_cilt-ciltsiz","8":"pa_tur-kitap","9":"pa_yayinevi-hayykitap","10":"pa_yazar-metin-ozata","12":"first","13":"instock","14":"sale","15":"shipping-taxable","16":"purchasable","17":"product-type-simple"},"_links":{"self":[{"href":"https:\/\/roveyayinevi.com.tr\/index.php\/wp-json\/wp\/v2\/product\/724845","targetHints":{"allow":["GET"]}}],"collection":[{"href":"https:\/\/roveyayinevi.com.tr\/index.php\/wp-json\/wp\/v2\/product"}],"about":[{"href":"https:\/\/roveyayinevi.com.tr\/index.php\/wp-json\/wp\/v2\/types\/product"}],"wp:attachment":[{"href":"https:\/\/roveyayinevi.com.tr\/index.php\/wp-json\/wp\/v2\/media?parent=724845"}],"wp:term":[{"taxonomy":"product_brand","embeddable":true,"href":"https:\/\/roveyayinevi.com.tr\/index.php\/wp-json\/wp\/v2\/product_brand?post=724845"},{"taxonomy":"product_cat","embeddable":true,"href":"https:\/\/roveyayinevi.com.tr\/index.php\/wp-json\/wp\/v2\/product_cat?post=724845"},{"taxonomy":"product_tag","embeddable":true,"href":"https:\/\/roveyayinevi.com.tr\/index.php\/wp-json\/wp\/v2\/product_tag?post=724845"}],"curies":[{"name":"wp","href":"https:\/\/api.w.org\/{rel}","templated":true}]}}