{"id":724844,"date":"2025-08-27T19:40:42","date_gmt":"2025-08-27T16:40:42","guid":{"rendered":"https:\/\/roveyayinevi.com.tr\/index.php\/urun\/likit-ruh\/"},"modified":"2026-04-16T02:32:46","modified_gmt":"2026-04-15T23:32:46","slug":"likit-ruh","status":"publish","type":"product","link":"https:\/\/roveyayinevi.com.tr\/index.php\/urun\/likit-ruh\/","title":{"rendered":"Likit Ruh"},"content":{"rendered":"<p>Saruhan Do\u011fan\u2019\u0131n r\u00fcyalar\u0131n ger\u00e7e\u011fe kar\u0131\u015ft\u0131\u011f\u0131, elinizden b\u0131rakamayaca\u011f\u0131n\u0131z yeni roman\u0131! K\u0131rk d\u00f6rt y\u0131l \u00f6nce kaybetti\u011fi a\u015fk\u0131n hat\u0131ras\u0131nda ya\u015fayan Raci Bey, on y\u0131llar sonra \u0130stanbul\u2019a d\u00f6nen eski \u00f6\u011frencisi Fehim, Fehim\u2019in eski a\u015fk\u0131 Deniz, Deniz\u2019i terk eden kocas\u0131 G\u00fcng\u00f6r, art\u0131k s\u0131n\u0131fta oturmaya tahamm\u00fcl edemeyen Cem, kahvede kar\u015f\u0131la\u015ft\u0131\u011f\u0131 uzun boylu esmer k\u0131z, Suriyeli \u00f6\u011fretmen Fadi ve o\u011flu Halim, Cihangir\u2019de \u00e7ok so\u011fuk 12 g\u00fcnde ge\u00e7en bir hik\u00e2ye. Fehim neden geri d\u00f6nd\u00fc? Ge\u00e7mi\u015fin hayalleri bug\u00fcn ger\u00e7ek olabilecek mi? \u0130lk roman\u0131 Hodbinler ile \u00e7a\u011fda\u015f edebiyat\u0131m\u0131za yepyeni bir soluk getiren Saruhan Do\u011fan\u2019\u0131n r\u00fcyalar\u0131n ger\u00e7e\u011fe kar\u0131\u015ft\u0131\u011f\u0131, elinizden b\u0131rakamayaca\u011f\u0131n\u0131z yeni roman\u0131 Likit Ruh. <\/p>\n","protected":false},"excerpt":{"rendered":"<p>Saruhan Do\u011fan\u2019\u0131n r\u00fcyalar\u0131n ger\u00e7e\u011fe kar\u0131\u015ft\u0131\u011f\u0131, elinizden b\u0131rakamayaca\u011f\u0131n\u0131z yeni roman\u0131! K\u0131rk d\u00f6rt y\u0131l \u00f6nce kaybetti\u011fi a\u015fk\u0131n hat\u0131ras\u0131nda ya\u015fayan Raci Bey, on y\u0131llar sonra \u0130stanbul\u2019a d\u00f6nen eski \u00f6\u011frencisi<span class=\"excerpt-hellip\"> [\u2026]<\/span><\/p>\n","protected":false},"featured_media":0,"template":"","meta":{"_monsterinsights_skip_tracking":false,"_monsterinsights_sitenote_active":false,"_monsterinsights_sitenote_note":"","_monsterinsights_sitenote_category":0},"product_brand":[],"product_cat":[12291,12711],"product_tag":[],"class_list":{"0":"post-724844","1":"product","2":"type-product","3":"status-publish","5":"product_cat-edebiyat","6":"product_cat-roman-oyku","7":"pa_cilt-ciltsiz","8":"pa_tur-kitap","9":"pa_yayinevi-hayykitap","10":"pa_yazar-saruhan-dogan","12":"first","13":"instock","14":"sale","15":"shipping-taxable","16":"purchasable","17":"product-type-simple"},"_links":{"self":[{"href":"https:\/\/roveyayinevi.com.tr\/index.php\/wp-json\/wp\/v2\/product\/724844","targetHints":{"allow":["GET"]}}],"collection":[{"href":"https:\/\/roveyayinevi.com.tr\/index.php\/wp-json\/wp\/v2\/product"}],"about":[{"href":"https:\/\/roveyayinevi.com.tr\/index.php\/wp-json\/wp\/v2\/types\/product"}],"wp:attachment":[{"href":"https:\/\/roveyayinevi.com.tr\/index.php\/wp-json\/wp\/v2\/media?parent=724844"}],"wp:term":[{"taxonomy":"product_brand","embeddable":true,"href":"https:\/\/roveyayinevi.com.tr\/index.php\/wp-json\/wp\/v2\/product_brand?post=724844"},{"taxonomy":"product_cat","embeddable":true,"href":"https:\/\/roveyayinevi.com.tr\/index.php\/wp-json\/wp\/v2\/product_cat?post=724844"},{"taxonomy":"product_tag","embeddable":true,"href":"https:\/\/roveyayinevi.com.tr\/index.php\/wp-json\/wp\/v2\/product_tag?post=724844"}],"curies":[{"name":"wp","href":"https:\/\/api.w.org\/{rel}","templated":true}]}}