{"id":724842,"date":"2025-08-27T19:40:40","date_gmt":"2025-08-27T16:40:40","guid":{"rendered":"https:\/\/roveyayinevi.com.tr\/index.php\/urun\/merdivende-uc-sair\/"},"modified":"2026-03-12T02:42:10","modified_gmt":"2026-03-11T23:42:10","slug":"merdivende-uc-sair","status":"publish","type":"product","link":"https:\/\/roveyayinevi.com.tr\/index.php\/urun\/merdivende-uc-sair\/","title":{"rendered":"Merdivende \u00dc\u00e7 \u015eair"},"content":{"rendered":"<p>Tarih 2 Temmuz 1993. Saat 15.00 s\u0131ralar\u0131nda Sivas\u2019ta Mad\u0131mak Oteli\u2019nde gazeteci yazar Battal Pehlivan, foto\u011fraf makinesinin deklan\u015f\u00f6r\u00fcne dokundu. U\u011fur Kaynar\u2019\u0131n eli \u00e7enesinde; Metin Alt\u0131ok\u2019un elinde sapl\u0131 bir s\u00fcp\u00fcrge, Beh\u00e7et Aysan\u2019\u0131n elinde ince bir \u00e7ubuk, \u00f6n\u00fcnde yang\u0131n t\u00fcp\u00fc&#8230; \u00dc\u00e7 insan. \u00dc\u00e7 \u015fair. \u00dc\u00e7 ayd\u0131n ki\u015fi&#8230; Sivas\u2019taki sald\u0131r\u0131yla ya\u015fam\u0131n\u0131 yitiren 33 ayd\u0131n\u0131n hat\u0131ras\u0131 hi\u00e7bir zaman unutulmad\u0131. Merdivende \u00fc\u00e7 \u015fairin o son foto\u011fraf\u0131ysa o g\u00fcn\u00fcn ac\u0131 bir simgesine d\u00f6n\u00fc\u015ft\u00fc.   Bu kitapta Orhan T\u00fcleylio\u011flu, \u00fc\u00e7 \u015fairin dostlar\u0131n\u0131n, k\u0131zlar\u0131 Zeynep Alt\u0131ok, Eren Aysan, Elif Kaynar Yavuz ve Ezgican Kaynar\u2019\u0131n tan\u0131kl\u0131klar\u0131n\u0131, hat\u0131ralar\u0131n\u0131, onlar i\u00e7in yazd\u0131klar\u0131 sat\u0131rlar\u0131 bir araya getiriyor. \u00d6l\u00fcmlerinin ard\u0131ndan ge\u00e7en on y\u0131llara ra\u011fmen \u00fc\u00e7 \u015fairin hat\u0131ralar\u0131n\u0131n canl\u0131l\u0131\u011f\u0131 ve b\u0131rakt\u0131klar\u0131 izleri g\u00f6zleriniz dolarak hayranl\u0131kla okuyacaks\u0131n\u0131z<\/p>\n","protected":false},"excerpt":{"rendered":"<p>Tarih 2 Temmuz 1993. Saat 15.00 s\u0131ralar\u0131nda Sivas\u2019ta Mad\u0131mak Oteli\u2019nde gazeteci yazar Battal Pehlivan, foto\u011fraf makinesinin deklan\u015f\u00f6r\u00fcne dokundu. U\u011fur Kaynar\u2019\u0131n eli \u00e7enesinde; Metin Alt\u0131ok\u2019un elinde sapl\u0131<span class=\"excerpt-hellip\"> [\u2026]<\/span><\/p>\n","protected":false},"featured_media":0,"template":"","meta":{"_monsterinsights_skip_tracking":false,"_monsterinsights_sitenote_active":false,"_monsterinsights_sitenote_note":"","_monsterinsights_sitenote_category":0},"product_brand":[],"product_cat":[14060,12291],"product_tag":[],"class_list":{"0":"post-724842","1":"product","2":"type-product","3":"status-publish","5":"product_cat-antoloji","6":"product_cat-edebiyat","7":"pa_cilt-ciltsiz","8":"pa_tur-kitap","9":"pa_yayinevi-kara-karga-yayinlari","10":"pa_yazar-orhan-tuleylioglu","12":"first","13":"instock","14":"sale","15":"shipping-taxable","16":"purchasable","17":"product-type-simple"},"_links":{"self":[{"href":"https:\/\/roveyayinevi.com.tr\/index.php\/wp-json\/wp\/v2\/product\/724842","targetHints":{"allow":["GET"]}}],"collection":[{"href":"https:\/\/roveyayinevi.com.tr\/index.php\/wp-json\/wp\/v2\/product"}],"about":[{"href":"https:\/\/roveyayinevi.com.tr\/index.php\/wp-json\/wp\/v2\/types\/product"}],"wp:attachment":[{"href":"https:\/\/roveyayinevi.com.tr\/index.php\/wp-json\/wp\/v2\/media?parent=724842"}],"wp:term":[{"taxonomy":"product_brand","embeddable":true,"href":"https:\/\/roveyayinevi.com.tr\/index.php\/wp-json\/wp\/v2\/product_brand?post=724842"},{"taxonomy":"product_cat","embeddable":true,"href":"https:\/\/roveyayinevi.com.tr\/index.php\/wp-json\/wp\/v2\/product_cat?post=724842"},{"taxonomy":"product_tag","embeddable":true,"href":"https:\/\/roveyayinevi.com.tr\/index.php\/wp-json\/wp\/v2\/product_tag?post=724842"}],"curies":[{"name":"wp","href":"https:\/\/api.w.org\/{rel}","templated":true}]}}