{"id":724841,"date":"2025-08-27T19:40:39","date_gmt":"2025-08-27T16:40:39","guid":{"rendered":"https:\/\/roveyayinevi.com.tr\/index.php\/urun\/kapicinin-olumu\/"},"modified":"2026-04-16T02:32:45","modified_gmt":"2026-04-15T23:32:45","slug":"kapicinin-olumu","status":"publish","type":"product","link":"https:\/\/roveyayinevi.com.tr\/index.php\/urun\/kapicinin-olumu\/","title":{"rendered":"Kap\u0131c\u0131n\u0131n \u00d6l\u00fcm\u00fc"},"content":{"rendered":"<p>Sokaklarda ba\u015f\u0131bo\u015f dola\u015ft\u0131m, vitrinlere bakt\u0131m, neon \u0131\u015f\u0131klar\u0131nda y\u00fczd\u00fcm, c\u00fczdan\u0131m\u0131 \u00e7ald\u0131rd\u0131m, polise gitmedim, c\u00fczdan\u0131m\u0131 \u00e7\u00f6pte buldum, a\u011flad\u0131m, uyudum, r\u00fcya g\u00f6rd\u00fcm, Frans\u0131z&#8217;la yatt\u0131m, \u0130ngiliz&#8217;le yatt\u0131m, Alman&#8217;la yatt\u0131m, Sevr Antla\u015fmas\u0131&#8217;n\u0131 bacaklar\u0131ma kaz\u0131d\u0131lar, du\u015fa girdim, kanad\u0131m, m\u00fczik dinledim, hesap \u00f6dedim, g\u00fcld\u00fcm, masaj yapt\u0131rd\u0131m, ac\u0131kt\u0131m, yemedim, yok yok kendimi yedim, kendime ac\u0131d\u0131m, r\u00fcyadan uyand\u0131m, r\u00fcyalar\u0131m\u0131 unuttum, annemi \u00f6ld\u00fcrd\u00fcm, babam\u0131 \u00f6ld\u00fcrd\u00fcm, karde\u015fimi \u00f6ld\u00fcrd\u00fcm, masal okudum, \u00e7ocuk yapt\u0131m, kariyer yapt\u0131m, \u00f6l\u00fcp dirildim, d\u00fcnyay\u0131 yeniden ezberledim. Derimi y\u00fczd\u00fcm, krem s\u00fcrd\u00fcm, t\u0131rnaklar\u0131m\u0131 yedim, t\u0131rnaklar\u0131m\u0131 \u00e7ektirdim, i\u015fkence yapt\u0131rd\u0131m, \u00e7ok rahatlad\u0131m, hapse d\u00fc\u015ft\u00fcm, g\u00f6zlerimi yoldan toplad\u0131m, imza verdim, \u00e7ok \u00fcnl\u00fcyd\u00fcm, \u00e7ok y\u00f6nl\u00fcyd\u00fcm; gitar, piyano, arp, viyolonsel, klavsen, kontrbas, kemen\u00e7e, ney, yan fl\u00fct, \u00f6n fl\u00fct, i\u00e7 fl\u00fct dersleri verdim; m\u00fczikten pekiyi, resimden iyi, tarihten orta, kimyadan ge\u00e7er, fizikten zay\u0131f ald\u0131m; kabir azab\u0131, cehennem azab\u0131, cennette vicdan azab\u0131 ya\u015fad\u0131m; sol taraf\u0131mdaki melekle \u00fc\u00e7 bu\u00e7uk y\u0131ll\u0131k s\u00f6zle\u015fme imzalad\u0131m, \u015fanl\u0131 kirazspor bayra\u011f\u0131 \u00f6n\u00fcnde amblemi \u00f6perek verilen poz esnas\u0131nda ya\u015fanan elim bir kaza sonucu evlerine gitmekte zorlanan trafik s\u00fcr\u00fcc\u00fclerinin en b\u00fcy\u00fck hayallerinden biriydim oysa faiz haramd\u0131, sevdalar yaland\u0131, popun y\u0131ld\u0131z\u0131, kalplerin h\u0131rs\u0131z\u0131, tarihin ars\u0131z\u0131yd\u0131m, \u00fc\u00e7 vakte kadar, be\u015f dakikada be\u015fikta\u015f, on dakikada kap\u0131n\u0131zda. <\/p>\n","protected":false},"excerpt":{"rendered":"<p>Sokaklarda ba\u015f\u0131bo\u015f dola\u015ft\u0131m, vitrinlere bakt\u0131m, neon \u0131\u015f\u0131klar\u0131nda y\u00fczd\u00fcm, c\u00fczdan\u0131m\u0131 \u00e7ald\u0131rd\u0131m, polise gitmedim, c\u00fczdan\u0131m\u0131 \u00e7\u00f6pte buldum, a\u011flad\u0131m, uyudum, r\u00fcya g\u00f6rd\u00fcm, Frans\u0131z&#8217;la yatt\u0131m, \u0130ngiliz&#8217;le yatt\u0131m, Alman&#8217;la yatt\u0131m, Sevr<span class=\"excerpt-hellip\"> [\u2026]<\/span><\/p>\n","protected":false},"featured_media":0,"template":"","meta":{"_monsterinsights_skip_tracking":false,"_monsterinsights_sitenote_active":false,"_monsterinsights_sitenote_note":"","_monsterinsights_sitenote_category":0},"product_brand":[],"product_cat":[12291,12711],"product_tag":[],"class_list":{"0":"post-724841","1":"product","2":"type-product","3":"status-publish","5":"product_cat-edebiyat","6":"product_cat-roman-oyku","7":"pa_cilt-ciltsiz","8":"pa_tur-kitap","9":"pa_yayinevi-luna-yayinlari","10":"pa_yazar-alp-ozdemir","12":"first","13":"instock","14":"sale","15":"shipping-taxable","16":"purchasable","17":"product-type-simple"},"_links":{"self":[{"href":"https:\/\/roveyayinevi.com.tr\/index.php\/wp-json\/wp\/v2\/product\/724841","targetHints":{"allow":["GET"]}}],"collection":[{"href":"https:\/\/roveyayinevi.com.tr\/index.php\/wp-json\/wp\/v2\/product"}],"about":[{"href":"https:\/\/roveyayinevi.com.tr\/index.php\/wp-json\/wp\/v2\/types\/product"}],"wp:attachment":[{"href":"https:\/\/roveyayinevi.com.tr\/index.php\/wp-json\/wp\/v2\/media?parent=724841"}],"wp:term":[{"taxonomy":"product_brand","embeddable":true,"href":"https:\/\/roveyayinevi.com.tr\/index.php\/wp-json\/wp\/v2\/product_brand?post=724841"},{"taxonomy":"product_cat","embeddable":true,"href":"https:\/\/roveyayinevi.com.tr\/index.php\/wp-json\/wp\/v2\/product_cat?post=724841"},{"taxonomy":"product_tag","embeddable":true,"href":"https:\/\/roveyayinevi.com.tr\/index.php\/wp-json\/wp\/v2\/product_tag?post=724841"}],"curies":[{"name":"wp","href":"https:\/\/api.w.org\/{rel}","templated":true}]}}