{"id":724839,"date":"2025-08-27T19:40:37","date_gmt":"2025-08-27T16:40:37","guid":{"rendered":"https:\/\/roveyayinevi.com.tr\/index.php\/urun\/mahatma-gandi-sevgi-dunyadaki-en-incelikli-guctur\/"},"modified":"2026-04-16T02:32:45","modified_gmt":"2026-04-15T23:32:45","slug":"mahatma-gandi-sevgi-dunyadaki-en-incelikli-guctur","status":"publish","type":"product","link":"https:\/\/roveyayinevi.com.tr\/index.php\/urun\/mahatma-gandi-sevgi-dunyadaki-en-incelikli-guctur\/","title":{"rendered":"Mahatma Gandi \/ Sevgi D\u00fcnyadaki En \u0130ncelikli G\u00fc\u00e7t\u00fcr"},"content":{"rendered":"<p>Mahatma Gandi, ger\u00e7ek mucizenin insan\u0131n kendisi oldu\u011funun bir kan\u0131t\u0131ym\u0131\u015f\u00e7as\u0131na gelip ge\u00e7mi\u015ftir yery\u00fcz\u00fcnden yapt\u0131klar\u0131yla ve yapmad\u0131klar\u0131yla&#8230;Adalet anlay\u0131\u015f\u0131, hak aray\u0131\u015f\u0131, \u015fiddetsiz direni\u015fi, m\u00fccadelesine duydu\u011fu sonsuz ba\u011fl\u0131l\u0131\u011f\u0131, amans\u0131z cesareti ve harekete ge\u00e7me konusundaki korkusuzlu\u011fu sayesinde tam \u00fc\u00e7 y\u00fcz milyon Hindistanl\u0131y\u0131 aya\u011fa kald\u0131rm\u0131\u015f ve tarih sahnesinde \u0130ngiliz \u0130mparatorlu\u011fu\u2019na kar\u015f\u0131 ger\u00e7ekle\u015ftirilmi\u015f en b\u00fcy\u00fck kitlesel hareketin lideri olmu\u015ftur Gandi&#8230;Biri i\u00e7in olanakl\u0131 olan, herkes i\u00e7in olanakl\u0131 olmal\u0131yd\u0131 ona g\u00f6re. Geri ad\u0131m atmayan ve yorulmak bilmeyen bir eylemci olarak, bilgeli\u011fi ve \u00f6\u011frenme tutkusunu, sadelikle ve nezaketle birle\u015ftirmi\u015ftir.O t\u00fcm \u015fiddetsizli\u011fine ra\u011fmen ger\u00e7ek bir eylem insan\u0131, reformcu, devrimci ve her \u015feyden \u00f6nce nitelikli bir d\u00fc\u015f\u00fcn\u00fcrd\u00fcr. Sa\u011fl\u0131ktan politikaya, beslenmeden ekonomiye kadar bir\u00e7ok alanda yaz\u0131lar yazm\u0131\u015f, ard\u0131nda zengin bir kaynak da b\u0131rakm\u0131\u015ft\u0131r.Bu kitap Gandi\u2019nin ya\u015fam\u00f6yk\u00fcs\u00fc de\u011fildir sadece. Hayatta oldu\u011fu s\u00fcrece yapmaya \u00e7al\u0131\u015ft\u0131klar\u0131n\u0131n bir versiyonu, sevgi dilini yeni\u00e7a\u011fda yeni insanlara ula\u015ft\u0131rmak i\u00e7in haz\u0131rlanm\u0131\u015f bir \u00f6rne\u011fidir de ayn\u0131 zamanda. Onun bug\u00fcne uzanan sesidir.\u201cGelecek nesiller Gandi gibi bir insan\u0131n d\u00fcnya \u00fczerinde y\u00fcr\u00fcm\u00fc\u015f oldu\u011funa inanmakta zorlanacakt\u0131r.\u201dAlbert Einstein<\/p>\n","protected":false},"excerpt":{"rendered":"<p>Mahatma Gandi, ger\u00e7ek mucizenin insan\u0131n kendisi oldu\u011funun bir kan\u0131t\u0131ym\u0131\u015f\u00e7as\u0131na gelip ge\u00e7mi\u015ftir yery\u00fcz\u00fcnden yapt\u0131klar\u0131yla ve yapmad\u0131klar\u0131yla&#8230;Adalet anlay\u0131\u015f\u0131, hak aray\u0131\u015f\u0131, \u015fiddetsiz direni\u015fi, m\u00fccadelesine duydu\u011fu sonsuz ba\u011fl\u0131l\u0131\u011f\u0131, amans\u0131z cesareti<span class=\"excerpt-hellip\"> [\u2026]<\/span><\/p>\n","protected":false},"featured_media":0,"template":"","meta":{"_monsterinsights_skip_tracking":false,"_monsterinsights_sitenote_active":false,"_monsterinsights_sitenote_note":"","_monsterinsights_sitenote_category":0},"product_brand":[],"product_cat":[14009,12291],"product_tag":[],"class_list":{"0":"post-724839","1":"product","2":"type-product","3":"status-publish","5":"product_cat-biyografi-otobiyografi-edebiyat","6":"product_cat-edebiyat","7":"pa_cilt-ciltsiz","8":"pa_tur-kitap","9":"pa_yayinevi-destek-yayinlari","10":"pa_yazar-gamze-iyem","12":"first","13":"instock","14":"sale","15":"shipping-taxable","16":"purchasable","17":"product-type-simple"},"_links":{"self":[{"href":"https:\/\/roveyayinevi.com.tr\/index.php\/wp-json\/wp\/v2\/product\/724839","targetHints":{"allow":["GET"]}}],"collection":[{"href":"https:\/\/roveyayinevi.com.tr\/index.php\/wp-json\/wp\/v2\/product"}],"about":[{"href":"https:\/\/roveyayinevi.com.tr\/index.php\/wp-json\/wp\/v2\/types\/product"}],"wp:attachment":[{"href":"https:\/\/roveyayinevi.com.tr\/index.php\/wp-json\/wp\/v2\/media?parent=724839"}],"wp:term":[{"taxonomy":"product_brand","embeddable":true,"href":"https:\/\/roveyayinevi.com.tr\/index.php\/wp-json\/wp\/v2\/product_brand?post=724839"},{"taxonomy":"product_cat","embeddable":true,"href":"https:\/\/roveyayinevi.com.tr\/index.php\/wp-json\/wp\/v2\/product_cat?post=724839"},{"taxonomy":"product_tag","embeddable":true,"href":"https:\/\/roveyayinevi.com.tr\/index.php\/wp-json\/wp\/v2\/product_tag?post=724839"}],"curies":[{"name":"wp","href":"https:\/\/api.w.org\/{rel}","templated":true}]}}