{"id":724838,"date":"2025-08-27T19:40:36","date_gmt":"2025-08-27T16:40:36","guid":{"rendered":"https:\/\/roveyayinevi.com.tr\/index.php\/urun\/erkek-yalnizligi\/"},"modified":"2025-11-21T06:06:50","modified_gmt":"2025-11-21T03:06:50","slug":"erkek-yalnizligi","status":"publish","type":"product","link":"https:\/\/roveyayinevi.com.tr\/index.php\/urun\/erkek-yalnizligi\/","title":{"rendered":"Erkek Yaln\u0131zl\u0131\u011f\u0131"},"content":{"rendered":"<p>Bir \u0130L\u0130\u015eK\u0130DE erkek ne arar? Neye ihtiya\u00e7 duyar? Onu nas\u0131l bir kad\u0131n mutlu eder? Bu kad\u0131n \u00fctopya m\u0131d\u0131r?AYRILIK sonras\u0131 erkek ne yapar? Teselliyi nerede arar? Umdu\u011fu nedir? \u00d6zg\u00fcrl\u00fck ama ne kadar, nereye kadar?\u00c7ocuklu\u011fundan itibaren onu \u00fczen, zorlayan, yoran olaylardan dolay\u0131 a\u011flamak, s\u0131zlanmak, yani toplumun ad\u0131n\u0131 haks\u0131z yere koydu\u011fu \u015fekilde \u201ck\u0131z gibi\u201d davranmak sanki ona yasaklanm\u0131\u015ft\u0131r. Bu sebeple erkek, kalabal\u0131klar i\u00e7inde zay\u0131f g\u00f6r\u00fcnmek istemedi\u011finden maske takar, rol yapar genelde. Ama d\u0131\u015far\u0131da takt\u0131\u011f\u0131 maske ve giydi\u011fi \u201cS\u00fcpermen\u201d kost\u00fcm\u00fcn\u00fc \u00e7\u0131kard\u0131\u011f\u0131nda, tahmin edilemeyecek kadar duygusal, k\u0131r\u0131lgan ve tek ba\u015f\u0131nad\u0131r \u00e7o\u011funlukla. Yaln\u0131z olsa da, bulundu\u011fu yeri eninde sonunda yuva haline getiren kad\u0131n\u0131n aksine erkek, yaln\u0131zsa ya\u015fad\u0131\u011f\u0131 yer de yaln\u0131zd\u0131r. \u0130\u015fte bu y\u00fczden daha kasvetli ve h\u00fcz\u00fcnl\u00fcd\u00fcr ERKEK YALNIZLI\u011eI&#8230;Kad\u0131n\u0131n, beraber oldu\u011fu masum bir erke\u011fi nas\u0131l uzakla\u015ft\u0131rabilece\u011fi ve bu \u015fekilde hem kendisini hem de erke\u011fi nas\u0131l yaln\u0131z b\u0131rakabilece\u011fine dair y\u00fcrekten yaz\u0131lm\u0131\u015f sat\u0131rlar&#8230; Herkesi \u015fapkas\u0131n\u0131 \u00f6n\u00fcne koyup d\u00fc\u015f\u00fcnd\u00fcrecek, sorgulatacak ve sonunda b\u00fcy\u00fck olas\u0131l\u0131kla daha mutlu ili\u015fkilere zemin haz\u0131rlayacak samimi tespitler, analizler&#8230;Bir erke\u011fin kaleminden, erkek ve ili\u015fkiler konusunda \u00e7uvald\u0131z\u0131n \u015fa\u015f\u0131rt\u0131c\u0131 \u015fekilde ac\u0131mas\u0131zca erkeklere de bat\u0131r\u0131ld\u0131\u011f\u0131, d\u00fcr\u00fcst\u00e7e \u00f6zele\u015ftirinin yap\u0131ld\u0131\u011f\u0131, ki\u015fisel geli\u015fim \u00f6\u011feleri de ta\u015f\u0131yan bir kurgu roman!<\/p>\n","protected":false},"excerpt":{"rendered":"<p>Bir \u0130L\u0130\u015eK\u0130DE erkek ne arar? Neye ihtiya\u00e7 duyar? Onu nas\u0131l bir kad\u0131n mutlu eder? Bu kad\u0131n \u00fctopya m\u0131d\u0131r?AYRILIK sonras\u0131 erkek ne yapar? Teselliyi nerede arar? Umdu\u011fu<span class=\"excerpt-hellip\"> [\u2026]<\/span><\/p>\n","protected":false},"featured_media":0,"template":"","meta":{"_monsterinsights_skip_tracking":false,"_monsterinsights_sitenote_active":false,"_monsterinsights_sitenote_note":"","_monsterinsights_sitenote_category":0},"product_brand":[],"product_cat":[12291,12711],"product_tag":[],"class_list":{"0":"post-724838","1":"product","2":"type-product","3":"status-publish","5":"product_cat-edebiyat","6":"product_cat-roman-oyku","7":"pa_cilt-ciltsiz","8":"pa_tur-kitap","9":"pa_yayinevi-destek-yayinlari","10":"pa_yazar-adnan-cevikel","12":"first","13":"instock","14":"sale","15":"shipping-taxable","16":"purchasable","17":"product-type-simple"},"_links":{"self":[{"href":"https:\/\/roveyayinevi.com.tr\/index.php\/wp-json\/wp\/v2\/product\/724838","targetHints":{"allow":["GET"]}}],"collection":[{"href":"https:\/\/roveyayinevi.com.tr\/index.php\/wp-json\/wp\/v2\/product"}],"about":[{"href":"https:\/\/roveyayinevi.com.tr\/index.php\/wp-json\/wp\/v2\/types\/product"}],"wp:attachment":[{"href":"https:\/\/roveyayinevi.com.tr\/index.php\/wp-json\/wp\/v2\/media?parent=724838"}],"wp:term":[{"taxonomy":"product_brand","embeddable":true,"href":"https:\/\/roveyayinevi.com.tr\/index.php\/wp-json\/wp\/v2\/product_brand?post=724838"},{"taxonomy":"product_cat","embeddable":true,"href":"https:\/\/roveyayinevi.com.tr\/index.php\/wp-json\/wp\/v2\/product_cat?post=724838"},{"taxonomy":"product_tag","embeddable":true,"href":"https:\/\/roveyayinevi.com.tr\/index.php\/wp-json\/wp\/v2\/product_tag?post=724838"}],"curies":[{"name":"wp","href":"https:\/\/api.w.org\/{rel}","templated":true}]}}