{"id":724837,"date":"2025-08-27T19:40:36","date_gmt":"2025-08-27T16:40:36","guid":{"rendered":"https:\/\/roveyayinevi.com.tr\/index.php\/urun\/bildigim-bir-sey-var-o-da-hicbir-sey-bilmedigimdir\/"},"modified":"2026-04-16T02:32:45","modified_gmt":"2026-04-15T23:32:45","slug":"bildigim-bir-sey-var-o-da-hicbir-sey-bilmedigimdir","status":"publish","type":"product","link":"https:\/\/roveyayinevi.com.tr\/index.php\/urun\/bildigim-bir-sey-var-o-da-hicbir-sey-bilmedigimdir\/","title":{"rendered":"Bildi\u011fim Bir \u015eey Var, O da Hi\u00e7bir \u015eey Bilmedi\u011fimdir"},"content":{"rendered":"<p>\u201cHaks\u0131z bir ceza y\u00fcz\u00fcnden \u00f6len eski kahramanlarla bulu\u015fmak bizim i\u00e7in ne y\u00fcce \u015feydir! Kendi sonumu onlar\u0131n sonuyla kar\u015f\u0131la\u015ft\u0131rmak benim i\u00e7in ne b\u00fcy\u00fck bir mutluluk!\u201dYunan felsefesinin kurucusu, g\u00fcn\u00fcm\u00fcz ki\u015fisel geli\u015fim kavramlar\u0131n\u0131n \u00f6nc\u00fcs\u00fc Sokrates, insan ve insanca ya\u015fam hakk\u0131nda konu\u015fan ilk filozof oldu. Bu onu, ilk idam edilen d\u00fc\u015f\u00fcn\u00fcr de yapt\u0131 ayn\u0131 zamanda.Binlerce y\u0131ld\u0131r tek de\u011fi\u015fmeyen ger\u00e7e\u011fin s\u00f6zc\u00fcs\u00fc oldu:\u201c\u0130nsan do\u011fas\u0131yla ilgili ger\u00e7ekleri ortaya koymak d\u00fcnyan\u0131n en tehlikeli i\u015fidir. Kimse ger\u00e7ekte ne oldu\u011funu bilmek, duymak istemez.\u201dSokrates belki de bu d\u00fcnyaya gelmi\u015f ve kim oldu\u011funu bilmi\u015f tek ki\u015fiydi, \u00f6d\u00fcl\u00fcyse idam edilmek oldu&#8230;<\/p>\n","protected":false},"excerpt":{"rendered":"<p>\u201cHaks\u0131z bir ceza y\u00fcz\u00fcnden \u00f6len eski kahramanlarla bulu\u015fmak bizim i\u00e7in ne y\u00fcce \u015feydir! Kendi sonumu onlar\u0131n sonuyla kar\u015f\u0131la\u015ft\u0131rmak benim i\u00e7in ne b\u00fcy\u00fck bir mutluluk!\u201dYunan felsefesinin kurucusu,<span class=\"excerpt-hellip\"> [\u2026]<\/span><\/p>\n","protected":false},"featured_media":0,"template":"","meta":{"_monsterinsights_skip_tracking":false,"_monsterinsights_sitenote_active":false,"_monsterinsights_sitenote_note":"","_monsterinsights_sitenote_category":0},"product_brand":[],"product_cat":[12389,12388],"product_tag":[],"class_list":{"0":"post-724837","1":"product","2":"type-product","3":"status-publish","5":"product_cat-diger-felsefe","6":"product_cat-felsefe","7":"pa_cilt-ciltsiz","8":"pa_tur-kitap","9":"pa_yayinevi-destek-yayinlari","10":"pa_yazar-sokrates","12":"first","13":"instock","14":"sale","15":"shipping-taxable","16":"purchasable","17":"product-type-simple"},"_links":{"self":[{"href":"https:\/\/roveyayinevi.com.tr\/index.php\/wp-json\/wp\/v2\/product\/724837","targetHints":{"allow":["GET"]}}],"collection":[{"href":"https:\/\/roveyayinevi.com.tr\/index.php\/wp-json\/wp\/v2\/product"}],"about":[{"href":"https:\/\/roveyayinevi.com.tr\/index.php\/wp-json\/wp\/v2\/types\/product"}],"wp:attachment":[{"href":"https:\/\/roveyayinevi.com.tr\/index.php\/wp-json\/wp\/v2\/media?parent=724837"}],"wp:term":[{"taxonomy":"product_brand","embeddable":true,"href":"https:\/\/roveyayinevi.com.tr\/index.php\/wp-json\/wp\/v2\/product_brand?post=724837"},{"taxonomy":"product_cat","embeddable":true,"href":"https:\/\/roveyayinevi.com.tr\/index.php\/wp-json\/wp\/v2\/product_cat?post=724837"},{"taxonomy":"product_tag","embeddable":true,"href":"https:\/\/roveyayinevi.com.tr\/index.php\/wp-json\/wp\/v2\/product_tag?post=724837"}],"curies":[{"name":"wp","href":"https:\/\/api.w.org\/{rel}","templated":true}]}}