{"id":724835,"date":"2025-08-27T19:40:34","date_gmt":"2025-08-27T16:40:34","guid":{"rendered":"https:\/\/roveyayinevi.com.tr\/index.php\/urun\/bana-bir-hayat-lazim\/"},"modified":"2026-04-16T02:32:45","modified_gmt":"2026-04-15T23:32:45","slug":"bana-bir-hayat-lazim","status":"publish","type":"product","link":"https:\/\/roveyayinevi.com.tr\/index.php\/urun\/bana-bir-hayat-lazim\/","title":{"rendered":"Bana Bir Hayat Laz\u0131m"},"content":{"rendered":"<p>Uzaktan sevmek diye firar\u00ee bir duygu var ya hani\u2026 Neden firari diyorum \u00e7\u00fcnk\u00fc uzaktan severken yakalaman\u0131z m\u00fcmk\u00fcn olmuyor sevileni. O ka\u00e7\u0131yor, siz sadece bak\u0131yorsunuz; sevgiyle, \u00f6zlemle ve de\u011fi\u015fik duygularla. Kavu\u015fmak i\u00e7in etti\u011finiz dualar\u0131n kar\u015f\u0131l\u0131k bulmad\u0131\u011f\u0131n\u0131 d\u00fc\u015f\u00fcnerek daha fazla \u00fcz\u00fcyorsunuz kendinizi.Oysa gizliden sevmek kadar ac\u0131 veren bir \u015fey yoktur seven insana; en az\u0131ndan sahibine bir \u015fekilde anlatmak gerek hissedilenleri. Alaca\u011f\u0131m\u0131z cevab\u0131n ne olaca\u011f\u0131n\u0131 d\u00fc\u015f\u00fcnmeden \u201cSeni seviyorum!\u201d diyebilmek kadar kalpleri rahatlatan daha g\u00fczel ne olabilir ki? Hayat ne garip de\u011fil mi! Babas\u0131z b\u00fcy\u00fcyorsun, g\u00fcn oluyor baban gibi sevebilece\u011fin birisi \u00e7\u0131k\u0131yor kar\u015f\u0131na; annesiz kal\u0131yorsun, bir anne \u00e7\u0131k\u0131yor ve hayat\u0131n\u0131n her \u00e2n\u0131nda ad\u0131na a\u015fk denilen duygu kendisini g\u00f6steriyor bizlere. Ama bizler g\u00f6rmek mi istemiyoruz, yoksa g\u00f6rm\u00fcyor muyuz onu? Ah bir bilebilsem ke\u015fke! Ad\u0131 a\u015fk olan nice duygular sarmal\u0131yor bizi ama san\u0131r\u0131m biz hep yanl\u0131\u015f duygulardan yana harc\u0131yoruz hayat\u0131m\u0131z\u0131n b\u00fcy\u00fck b\u00f6l\u00fcm\u00fcn\u00fc. Bu y\u00fczden de kazand\u0131\u011f\u0131m\u0131z hep h\u00fcz\u00fcn oluyor. A\u015fk\u0131n t\u00fckenmez hazinesini g\u00fczele dair sermaye yapmay\u0131 ba\u015farabildi\u011fimizde \u00e7ok g\u00fczel bir d\u00fcnyam\u0131z olacak, eminim buna.Sermayesi a\u015fk olan\u0131n kazanc\u0131n\u0131n neler olaca\u011f\u0131n\u0131; y\u00fcreklerinizde saklad\u0131\u011f\u0131n\u0131z yumu\u015fac\u0131k duygu yumaklar\u0131nda g\u00f6rece\u011finizi biliyorum.Bu hik\u00e2yede y\u00fcre\u011finize ait \u00e7ok \u015fey var\u2026<\/p>\n","protected":false},"excerpt":{"rendered":"<p>Uzaktan sevmek diye firar\u00ee bir duygu var ya hani\u2026 Neden firari diyorum \u00e7\u00fcnk\u00fc uzaktan severken yakalaman\u0131z m\u00fcmk\u00fcn olmuyor sevileni. O ka\u00e7\u0131yor, siz sadece bak\u0131yorsunuz; sevgiyle, \u00f6zlemle<span class=\"excerpt-hellip\"> [\u2026]<\/span><\/p>\n","protected":false},"featured_media":0,"template":"","meta":{"_monsterinsights_skip_tracking":false,"_monsterinsights_sitenote_active":false,"_monsterinsights_sitenote_note":"","_monsterinsights_sitenote_category":0},"product_brand":[],"product_cat":[12291,12711],"product_tag":[],"class_list":{"0":"post-724835","1":"product","2":"type-product","3":"status-publish","5":"product_cat-edebiyat","6":"product_cat-roman-oyku","7":"pa_cilt-ciltsiz","8":"pa_tur-kitap","9":"pa_yayinevi-nar-agaci-yayinlari","10":"pa_yazar-hasan-murat","12":"first","13":"instock","14":"sale","15":"shipping-taxable","16":"purchasable","17":"product-type-simple"},"_links":{"self":[{"href":"https:\/\/roveyayinevi.com.tr\/index.php\/wp-json\/wp\/v2\/product\/724835","targetHints":{"allow":["GET"]}}],"collection":[{"href":"https:\/\/roveyayinevi.com.tr\/index.php\/wp-json\/wp\/v2\/product"}],"about":[{"href":"https:\/\/roveyayinevi.com.tr\/index.php\/wp-json\/wp\/v2\/types\/product"}],"wp:attachment":[{"href":"https:\/\/roveyayinevi.com.tr\/index.php\/wp-json\/wp\/v2\/media?parent=724835"}],"wp:term":[{"taxonomy":"product_brand","embeddable":true,"href":"https:\/\/roveyayinevi.com.tr\/index.php\/wp-json\/wp\/v2\/product_brand?post=724835"},{"taxonomy":"product_cat","embeddable":true,"href":"https:\/\/roveyayinevi.com.tr\/index.php\/wp-json\/wp\/v2\/product_cat?post=724835"},{"taxonomy":"product_tag","embeddable":true,"href":"https:\/\/roveyayinevi.com.tr\/index.php\/wp-json\/wp\/v2\/product_tag?post=724835"}],"curies":[{"name":"wp","href":"https:\/\/api.w.org\/{rel}","templated":true}]}}