{"id":724833,"date":"2025-08-27T19:40:32","date_gmt":"2025-08-27T16:40:32","guid":{"rendered":"https:\/\/roveyayinevi.com.tr\/index.php\/urun\/jeopolitik-dusunce-buyuk-gucler-ve-turkiye\/"},"modified":"2026-04-16T02:32:45","modified_gmt":"2026-04-15T23:32:45","slug":"jeopolitik-dusunce-buyuk-gucler-ve-turkiye","status":"publish","type":"product","link":"https:\/\/roveyayinevi.com.tr\/index.php\/urun\/jeopolitik-dusunce-buyuk-gucler-ve-turkiye\/","title":{"rendered":"Jeopolitik D\u00fc\u015f\u00fcnce B\u00fcy\u00fck G\u00fc\u00e7ler ve T\u00fcrkiye"},"content":{"rendered":"<p>Bir \u00fclkenin jeopoliti\u011fini tespit etmek ya da politik bir problemin analizini yapmak, \u00f6zellikle jeopoliti\u011fin ana alt verilerinin ne oldu\u011funu bilmeyi; bu m\u00fcmk\u00fcn de\u011filse, bu konuda do\u011fru varsay\u0131mlar ortaya koymay\u0131 zorunlu k\u0131lmaktad\u0131r. \u00d6zetle jeopolitik, statik durumlardan \u00e7ok bu durumlar\u0131n nedenlerini, e\u011filimleri ve geli\u015fmeleri, gelece\u011fi ya da gelece\u011fin ihtimallerini bulmaya \u00e7al\u0131\u015f\u0131r. Gelece\u011fin ihtimallerini ortaya \u00e7\u0131karabilmek ve bunlara kar\u015f\u0131 gerekli stratejiyi saptayabilmek i\u00e7in jeopoliti\u011fin de\u011fi\u015fen ve de\u011fi\u015fmeyen unsurlar\u0131n\u0131 incelemek gerekmektedir.Milli Savunma \u00dcniversitesinde g\u00f6revli \u00e7ok k\u0131ymetli bilim insanlar\u0131n\u0131n ortaya \u00e7\u0131kard\u0131\u011f\u0131 bu eser ilk b\u00f6l\u00fcmlerinde; jeopolitik kuramlar\u0131, jeopoliti\u011fin di\u011fer bilimlerle olan ili\u015fkisini, kavram\u0131n\u0131 ve boyutlar\u0131n\u0131 ele al\u0131yor. \u0130lerleyen b\u00f6l\u00fcmlerde b\u00f6lgesel olarak Amerika, Rusya, Avrupa ve \u0130ngiltere, Asya, dolay\u0131s\u0131yla \u00c7in\u2019in jeopolitik durumlar\u0131 ve g\u00fc\u00e7 yans\u0131tt\u0131klar\u0131 alanlar geni\u015f bir bi\u00e7imde incelenmi\u015f. Son olarak T\u00fcrkiye\u2019nin jeopoliti\u011fi ve \u00e7evresindeki b\u00f6lgelerle olan ili\u015fkilerine detayl\u0131 olarak yer veriliyor.<\/p>\n","protected":false},"excerpt":{"rendered":"<p>Bir \u00fclkenin jeopoliti\u011fini tespit etmek ya da politik bir problemin analizini yapmak, \u00f6zellikle jeopoliti\u011fin ana alt verilerinin ne oldu\u011funu bilmeyi; bu m\u00fcmk\u00fcn de\u011filse, bu konuda do\u011fru<span class=\"excerpt-hellip\"> [\u2026]<\/span><\/p>\n","protected":false},"featured_media":0,"template":"","meta":{"_monsterinsights_skip_tracking":false,"_monsterinsights_sitenote_active":false,"_monsterinsights_sitenote_note":"","_monsterinsights_sitenote_category":0},"product_brand":[],"product_cat":[16098,12337],"product_tag":[],"class_list":{"0":"post-724833","1":"product","2":"type-product","3":"status-publish","5":"product_cat-politik-akimlar-hareketler","6":"product_cat-politika-siyaset","7":"pa_cilt-ciltsiz","8":"pa_tur-kitap","9":"pa_yayinevi-yeditepe-yayinevi","10":"pa_yazar-kolektif","12":"first","13":"instock","14":"sale","15":"shipping-taxable","16":"purchasable","17":"product-type-simple"},"_links":{"self":[{"href":"https:\/\/roveyayinevi.com.tr\/index.php\/wp-json\/wp\/v2\/product\/724833","targetHints":{"allow":["GET"]}}],"collection":[{"href":"https:\/\/roveyayinevi.com.tr\/index.php\/wp-json\/wp\/v2\/product"}],"about":[{"href":"https:\/\/roveyayinevi.com.tr\/index.php\/wp-json\/wp\/v2\/types\/product"}],"wp:attachment":[{"href":"https:\/\/roveyayinevi.com.tr\/index.php\/wp-json\/wp\/v2\/media?parent=724833"}],"wp:term":[{"taxonomy":"product_brand","embeddable":true,"href":"https:\/\/roveyayinevi.com.tr\/index.php\/wp-json\/wp\/v2\/product_brand?post=724833"},{"taxonomy":"product_cat","embeddable":true,"href":"https:\/\/roveyayinevi.com.tr\/index.php\/wp-json\/wp\/v2\/product_cat?post=724833"},{"taxonomy":"product_tag","embeddable":true,"href":"https:\/\/roveyayinevi.com.tr\/index.php\/wp-json\/wp\/v2\/product_tag?post=724833"}],"curies":[{"name":"wp","href":"https:\/\/api.w.org\/{rel}","templated":true}]}}