{"id":724823,"date":"2025-08-27T19:40:16","date_gmt":"2025-08-27T16:40:16","guid":{"rendered":"https:\/\/roveyayinevi.com.tr\/index.php\/urun\/hopis-ve-kardesi-hopisle-boyama-zamani\/"},"modified":"2026-04-16T02:32:45","modified_gmt":"2026-04-15T23:32:45","slug":"hopis-ve-kardesi-hopisle-boyama-zamani","status":"publish","type":"product","link":"https:\/\/roveyayinevi.com.tr\/index.php\/urun\/hopis-ve-kardesi-hopisle-boyama-zamani\/","title":{"rendered":"Hopi\u015f Ve Karde\u015fi &#8211; Hopi\u015fle Boyama Zaman\u0131"},"content":{"rendered":"<p>Merhaba, benim ad\u0131m Hopi\u015f. Ben, yavru bir kanguruyum. Boyama yapmay\u0131 \u00e7ok seviyorum. Bu kitaptaki resimleri, seninle birlikte boyamak istiyorum.Resimleri boyarken beni, ailemi, arkada\u015flar\u0131m\u0131, okulumu ve ya\u015fad\u0131\u011f\u0131m yeri de tan\u0131m\u0131\u015f olacaks\u0131n. \u00d6nce beni boyar m\u0131s\u0131n? Boyarken dikkat et! \u00c7\u00fcnk\u00fc ben \u00e7ok g\u0131d\u0131klan\u0131r\u0131m!<\/p>\n","protected":false},"excerpt":{"rendered":"<p>Merhaba, benim ad\u0131m Hopi\u015f. Ben, yavru bir kanguruyum. Boyama yapmay\u0131 \u00e7ok seviyorum. Bu kitaptaki resimleri, seninle birlikte boyamak istiyorum.Resimleri boyarken beni, ailemi, arkada\u015flar\u0131m\u0131, okulumu ve ya\u015fad\u0131\u011f\u0131m<span class=\"excerpt-hellip\"> [\u2026]<\/span><\/p>\n","protected":false},"featured_media":0,"template":"","meta":{"_monsterinsights_skip_tracking":false,"_monsterinsights_sitenote_active":false,"_monsterinsights_sitenote_note":"","_monsterinsights_sitenote_category":0},"product_brand":[],"product_cat":[12644,12274],"product_tag":[],"class_list":{"0":"post-724823","1":"product","2":"type-product","3":"status-publish","5":"product_cat-boyama-kitaplari","6":"product_cat-cocuk-ve-genclik-kitaplari","7":"pa_cilt-ciltsiz","8":"pa_tur-kitap","9":"pa_yayinevi-timas-cocuk","10":"pa_yazar-suleyman-ozkonuk","12":"first","13":"instock","14":"sale","15":"shipping-taxable","16":"purchasable","17":"product-type-simple"},"_links":{"self":[{"href":"https:\/\/roveyayinevi.com.tr\/index.php\/wp-json\/wp\/v2\/product\/724823","targetHints":{"allow":["GET"]}}],"collection":[{"href":"https:\/\/roveyayinevi.com.tr\/index.php\/wp-json\/wp\/v2\/product"}],"about":[{"href":"https:\/\/roveyayinevi.com.tr\/index.php\/wp-json\/wp\/v2\/types\/product"}],"wp:attachment":[{"href":"https:\/\/roveyayinevi.com.tr\/index.php\/wp-json\/wp\/v2\/media?parent=724823"}],"wp:term":[{"taxonomy":"product_brand","embeddable":true,"href":"https:\/\/roveyayinevi.com.tr\/index.php\/wp-json\/wp\/v2\/product_brand?post=724823"},{"taxonomy":"product_cat","embeddable":true,"href":"https:\/\/roveyayinevi.com.tr\/index.php\/wp-json\/wp\/v2\/product_cat?post=724823"},{"taxonomy":"product_tag","embeddable":true,"href":"https:\/\/roveyayinevi.com.tr\/index.php\/wp-json\/wp\/v2\/product_tag?post=724823"}],"curies":[{"name":"wp","href":"https:\/\/api.w.org\/{rel}","templated":true}]}}