{"id":724820,"date":"2025-08-27T19:40:14","date_gmt":"2025-08-27T16:40:14","guid":{"rendered":"https:\/\/roveyayinevi.com.tr\/index.php\/urun\/esrarengiz-kasaba-zamanda-yolculuk-ciltli\/"},"modified":"2026-04-16T02:32:45","modified_gmt":"2026-04-15T23:32:45","slug":"esrarengiz-kasaba-zamanda-yolculuk-ciltli","status":"publish","type":"product","link":"https:\/\/roveyayinevi.com.tr\/index.php\/urun\/esrarengiz-kasaba-zamanda-yolculuk-ciltli\/","title":{"rendered":"Esrarengiz Kasaba Zamanda Yolculuk ( Ciltli )"},"content":{"rendered":"<p>Mabel\u2019\u0131n Gizemli Panay\u0131r\u2019da Paytak\u2019\u0131 kazand\u0131\u011f\u0131 s\u0131ralarda, Dipper\u2019\u0131n Wendy\u2019yi etkileme \u015fans\u0131 yerle bir oluyor. Ancak Dipper zamanda geriye gidip, Wendy\u2019yle ya\u015fad\u0131klar\u0131n\u0131 de\u011fi\u015ftirmenin yolunu bulunca Mabel\u2019\u0131n da kaderi de\u011fi\u015fiyor; hem de k\u00f6t\u00fc bir \u015fekilde! \u0130kizler istediklerini elde edebilecekleri bi\u00e7imde ge\u00e7mi\u015fi de\u011fi\u015ftirebilecekler mi? Mabel sevgili evcil domuzu Paytak\u2019la birlikte bir daha pizza yiyebilecek mi?\u0130kinci macerada ise, tarih \u00f6ncesi bir yarat\u0131k taraf\u0131ndan ka\u00e7\u0131r\u0131lan Paytak\u2019\u0131 kurtarma g\u00f6revi yine bizim Esrarengiz Kasaba \u00e7etesine d\u00fc\u015f\u00fcyor! <\/p>\n","protected":false},"excerpt":{"rendered":"<p>Mabel\u2019\u0131n Gizemli Panay\u0131r\u2019da Paytak\u2019\u0131 kazand\u0131\u011f\u0131 s\u0131ralarda, Dipper\u2019\u0131n Wendy\u2019yi etkileme \u015fans\u0131 yerle bir oluyor. Ancak Dipper zamanda geriye gidip, Wendy\u2019yle ya\u015fad\u0131klar\u0131n\u0131 de\u011fi\u015ftirmenin yolunu bulunca Mabel\u2019\u0131n da kaderi<span class=\"excerpt-hellip\"> [\u2026]<\/span><\/p>\n","protected":false},"featured_media":0,"template":"","meta":{"_monsterinsights_skip_tracking":false,"_monsterinsights_sitenote_active":false,"_monsterinsights_sitenote_note":"","_monsterinsights_sitenote_category":0},"product_brand":[],"product_cat":[12274,12284],"product_tag":[],"class_list":{"0":"post-724820","1":"product","2":"type-product","3":"status-publish","5":"product_cat-cocuk-ve-genclik-kitaplari","6":"product_cat-hikayeler","7":"pa_cilt-ciltli","8":"pa_tur-kitap","9":"pa_yayinevi-beta-kids","10":"pa_yazar-kolektif","12":"first","13":"instock","14":"sale","15":"shipping-taxable","16":"purchasable","17":"product-type-simple"},"_links":{"self":[{"href":"https:\/\/roveyayinevi.com.tr\/index.php\/wp-json\/wp\/v2\/product\/724820","targetHints":{"allow":["GET"]}}],"collection":[{"href":"https:\/\/roveyayinevi.com.tr\/index.php\/wp-json\/wp\/v2\/product"}],"about":[{"href":"https:\/\/roveyayinevi.com.tr\/index.php\/wp-json\/wp\/v2\/types\/product"}],"wp:attachment":[{"href":"https:\/\/roveyayinevi.com.tr\/index.php\/wp-json\/wp\/v2\/media?parent=724820"}],"wp:term":[{"taxonomy":"product_brand","embeddable":true,"href":"https:\/\/roveyayinevi.com.tr\/index.php\/wp-json\/wp\/v2\/product_brand?post=724820"},{"taxonomy":"product_cat","embeddable":true,"href":"https:\/\/roveyayinevi.com.tr\/index.php\/wp-json\/wp\/v2\/product_cat?post=724820"},{"taxonomy":"product_tag","embeddable":true,"href":"https:\/\/roveyayinevi.com.tr\/index.php\/wp-json\/wp\/v2\/product_tag?post=724820"}],"curies":[{"name":"wp","href":"https:\/\/api.w.org\/{rel}","templated":true}]}}