{"id":724818,"date":"2025-08-27T19:40:13","date_gmt":"2025-08-27T16:40:13","guid":{"rendered":"https:\/\/roveyayinevi.com.tr\/index.php\/urun\/esrarengiz-kasaba-cifte-dipper-ciltli\/"},"modified":"2026-04-16T02:32:45","modified_gmt":"2026-04-15T23:32:45","slug":"esrarengiz-kasaba-cifte-dipper-ciltli","status":"publish","type":"product","link":"https:\/\/roveyayinevi.com.tr\/index.php\/urun\/esrarengiz-kasaba-cifte-dipper-ciltli\/","title":{"rendered":"Esrarengiz Kasaba &#8211; \u00c7ifte D\u0131pper ( Ciltli )"},"content":{"rendered":"<p>Gizemli Kul\u00fcbede\u2019ki partinin d\u00fczenlendi\u011fi gece, kendini klonlaman\u0131n bir yolunu bulan Dipper, sonunda Wendy\u2019yi  b\u00fcy\u00fclemenin anahtar\u0131n\u0131 buldu\u011funu d\u00fc\u015f\u00fcn\u00fcyor. \u0130yi de Dipper onu dansa kald\u0131rmak i\u00e7in gereken cesareti bulabilecek mi?Yoksa klonlar\u0131 onu k\u0131skan\u0131p ona kar\u015f\u0131 harekete mi ge\u00e7ecekler?\u00d6te yandan Mabel, ona romantik bir g\u00f6zle bakmaya ba\u015flayan K\u00fc\u00e7\u00fck Gideon\u2019\u0131 geri \u00e7evirmekte zorlan\u0131yor! Dipper, Mabel\u2019\u0131n Gideon\u2019dan ayr\u0131lmas\u0131na yard\u0131m edecek mi? Yoksa Mabel, Gideon\u2019\u0131n yeni k\u0131z arkada\u015f\u0131 m\u0131 olacak?  <\/p>\n","protected":false},"excerpt":{"rendered":"<p>Gizemli Kul\u00fcbede\u2019ki partinin d\u00fczenlendi\u011fi gece, kendini klonlaman\u0131n bir yolunu bulan Dipper, sonunda Wendy\u2019yi b\u00fcy\u00fclemenin anahtar\u0131n\u0131 buldu\u011funu d\u00fc\u015f\u00fcn\u00fcyor. \u0130yi de Dipper onu dansa kald\u0131rmak i\u00e7in gereken cesareti<span class=\"excerpt-hellip\"> [\u2026]<\/span><\/p>\n","protected":false},"featured_media":0,"template":"","meta":{"_monsterinsights_skip_tracking":false,"_monsterinsights_sitenote_active":false,"_monsterinsights_sitenote_note":"","_monsterinsights_sitenote_category":0},"product_brand":[],"product_cat":[12274,12284],"product_tag":[],"class_list":{"0":"post-724818","1":"product","2":"type-product","3":"status-publish","5":"product_cat-cocuk-ve-genclik-kitaplari","6":"product_cat-hikayeler","7":"pa_cilt-ciltli","8":"pa_tur-kitap","9":"pa_yayinevi-beta-kids","10":"pa_yazar-kolektif","12":"first","13":"instock","14":"sale","15":"shipping-taxable","16":"purchasable","17":"product-type-simple"},"_links":{"self":[{"href":"https:\/\/roveyayinevi.com.tr\/index.php\/wp-json\/wp\/v2\/product\/724818","targetHints":{"allow":["GET"]}}],"collection":[{"href":"https:\/\/roveyayinevi.com.tr\/index.php\/wp-json\/wp\/v2\/product"}],"about":[{"href":"https:\/\/roveyayinevi.com.tr\/index.php\/wp-json\/wp\/v2\/types\/product"}],"wp:attachment":[{"href":"https:\/\/roveyayinevi.com.tr\/index.php\/wp-json\/wp\/v2\/media?parent=724818"}],"wp:term":[{"taxonomy":"product_brand","embeddable":true,"href":"https:\/\/roveyayinevi.com.tr\/index.php\/wp-json\/wp\/v2\/product_brand?post=724818"},{"taxonomy":"product_cat","embeddable":true,"href":"https:\/\/roveyayinevi.com.tr\/index.php\/wp-json\/wp\/v2\/product_cat?post=724818"},{"taxonomy":"product_tag","embeddable":true,"href":"https:\/\/roveyayinevi.com.tr\/index.php\/wp-json\/wp\/v2\/product_tag?post=724818"}],"curies":[{"name":"wp","href":"https:\/\/api.w.org\/{rel}","templated":true}]}}