{"id":724817,"date":"2025-08-27T19:40:12","date_gmt":"2025-08-27T16:40:12","guid":{"rendered":"https:\/\/roveyayinevi.com.tr\/index.php\/urun\/degirmen-11\/"},"modified":"2026-04-08T02:41:13","modified_gmt":"2026-04-07T23:41:13","slug":"degirmen-11","status":"publish","type":"product","link":"https:\/\/roveyayinevi.com.tr\/index.php\/urun\/degirmen-11\/","title":{"rendered":"De\u011firmen"},"content":{"rendered":"<p>De\u011firmen denince akla ilk gelen bu\u011fdayve \u00f6\u011f\u00fctme i\u015flemidir oysa hayat de\u011firmeninde bu\u011fday de\u011filinsand\u0131r \u00f6\u011f\u00fct\u00fclen.Hayat de\u011firmeni; yontar, ezer, ufalar veiki ta\u015f\u0131n aras\u0131ndan ekmek olur, rahmetolur, insan olur b\u0131rak\u0131r ac\u0131mas\u0131z d\u00fcnyaya.Hasan hocam\u0131n de\u011firmeninde de \u00f6\u011f\u00fct\u00fclen hayatlar, d\u00f6n\u00fc\u015f\u00fclen zamanlar dededen toruna ak\u0131p giden bir zamand\u0131r kendince. De\u011firmen d\u00f6nmeye ba\u015flad\u0131 madem, buyurun zaman\u0131n ak\u0131\u015f\u0131nda biz ne kadar var\u0131z bu hik\u00e2yede birlikte bakal\u0131m.Kalemin susmas\u0131n,y\u00fcre\u011fin hi\u00e7 solmas\u0131n Hasan HocamBedirhan G\u00d6K\u00c7EBozk\u0131r\u0131n ortas\u0131nda bir de\u011firmen.K\u0131r\u0131m T\u00fcrkleri, Ah\u0131ska T\u00fcrkleri ve\u00c7e\u00e7enlerin y\u00fcrek burkan s\u00fcrg\u00fcn \u00e7ilesi.\u0130ki aile aras\u0131 kan davas\u0131n\u0131 bitiren bir a\u015fk.Ve t\u00fcm bunlar\u0131n merkezinde yi\u011fitli\u011fidillere destan bir Ah\u0131ska T\u00fcrk\u00fc&#8230;<\/p>\n","protected":false},"excerpt":{"rendered":"<p>De\u011firmen denince akla ilk gelen bu\u011fdayve \u00f6\u011f\u00fctme i\u015flemidir oysa hayat de\u011firmeninde bu\u011fday de\u011filinsand\u0131r \u00f6\u011f\u00fct\u00fclen.Hayat de\u011firmeni; yontar, ezer, ufalar veiki ta\u015f\u0131n aras\u0131ndan ekmek olur, rahmetolur, insan olur<span class=\"excerpt-hellip\"> [\u2026]<\/span><\/p>\n","protected":false},"featured_media":0,"template":"","meta":{"_monsterinsights_skip_tracking":false,"_monsterinsights_sitenote_active":false,"_monsterinsights_sitenote_note":"","_monsterinsights_sitenote_category":0},"product_brand":[],"product_cat":[12291,12711],"product_tag":[],"class_list":{"0":"post-724817","1":"product","2":"type-product","3":"status-publish","5":"product_cat-edebiyat","6":"product_cat-roman-oyku","7":"pa_cilt-ciltsiz","8":"pa_tur-kitap","9":"pa_yayinevi-us-yayinlari","10":"pa_yazar-hasan-gokten","12":"first","13":"instock","14":"sale","15":"shipping-taxable","16":"purchasable","17":"product-type-simple"},"_links":{"self":[{"href":"https:\/\/roveyayinevi.com.tr\/index.php\/wp-json\/wp\/v2\/product\/724817","targetHints":{"allow":["GET"]}}],"collection":[{"href":"https:\/\/roveyayinevi.com.tr\/index.php\/wp-json\/wp\/v2\/product"}],"about":[{"href":"https:\/\/roveyayinevi.com.tr\/index.php\/wp-json\/wp\/v2\/types\/product"}],"wp:attachment":[{"href":"https:\/\/roveyayinevi.com.tr\/index.php\/wp-json\/wp\/v2\/media?parent=724817"}],"wp:term":[{"taxonomy":"product_brand","embeddable":true,"href":"https:\/\/roveyayinevi.com.tr\/index.php\/wp-json\/wp\/v2\/product_brand?post=724817"},{"taxonomy":"product_cat","embeddable":true,"href":"https:\/\/roveyayinevi.com.tr\/index.php\/wp-json\/wp\/v2\/product_cat?post=724817"},{"taxonomy":"product_tag","embeddable":true,"href":"https:\/\/roveyayinevi.com.tr\/index.php\/wp-json\/wp\/v2\/product_tag?post=724817"}],"curies":[{"name":"wp","href":"https:\/\/api.w.org\/{rel}","templated":true}]}}