{"id":724816,"date":"2025-08-27T19:40:11","date_gmt":"2025-08-27T16:40:11","guid":{"rendered":"https:\/\/roveyayinevi.com.tr\/index.php\/urun\/salginin-golgesinde-guc-kaos-ve-gelecek\/"},"modified":"2026-04-16T02:32:45","modified_gmt":"2026-04-15T23:32:45","slug":"salginin-golgesinde-guc-kaos-ve-gelecek","status":"publish","type":"product","link":"https:\/\/roveyayinevi.com.tr\/index.php\/urun\/salginin-golgesinde-guc-kaos-ve-gelecek\/","title":{"rendered":"Salg\u0131n\u0131n G\u00f6lgesinde G\u00fc\u00e7, Kaos ve Gelecek"},"content":{"rendered":"<p>Co*vid19 salg\u0131n\u0131n\u0131n neye mal olaca\u011f\u0131n\u0131 ya da neler kazand\u0131r\u0131p neleri sonland\u0131raca\u011f\u0131n\u0131 sadece \u201csa\u011fl\u0131k\u201d, \u201csosyal ya\u015fam\u201d ve \u201ccari ekonomi\u201d a\u00e7\u0131s\u0131ndan de\u011ferlendirmek eksik olur.Olanlar\u0131n ve olacak olanlar\u0131n siyasi, askeri, ekonomik, demografik, bilimsel, teknolojik, co\u011frafi, psiko-sosyal, k\u00fclt\u00fcrel, inan\u00e7 ve moral de\u011ferler\/g\u00fc\u00e7ler \u00fczerinden de de\u011ferlendirilmesi gerekir.Hatta jeopolitik, jeostratejik, teopolitik, teolojik, k\u00fcresel g\u00fc\u00e7 m\u00fccadeleleri, vek\u00e2let sava\u015flar\u0131, g\u00f6\u00e7, ter\u00f6r ve istihbarat disiplinleri a\u00e7\u0131s\u0131ndan da \u00e7ok boyutlu irdelenmesi gereken bir tehditle kar\u015f\u0131 kar\u015f\u0131ya d\u00fcnya&#8230;Co*vid19 salg\u0131n\u0131, ortaya koydu\u011fu etkiyle \u00e7o\u011funlukla sessiz, derinden ve etkili ama bazen de \u00e7ok ses getirerek insanl\u0131k ve gelece\u011fi \u00fczerinde korkun\u00e7 bir etki \u00fcretecektir.Bu uzun soluklu m\u00fccadelede:G\u00fc\u00e7 \u00e7\u00f6k\u00fc\u015fleri ve g\u00fc\u00e7 y\u00fckseli\u015fleri ya\u015fanacakt\u0131r.Y\u00fckselen devletler, bitik-\u00e7\u00f6k\u00fck-ba\u015far\u0131s\u0131z devletler ortaya \u00e7\u0131kacakt\u0131r.Y\u00fckselen medeniyetler, al\u00e7alan medeniyetler olacakt\u0131r.Y\u00fckselen de\u011fer ve kavramlar, al\u00e7alan de\u011fer ve kavramlar olu\u015facakt\u0131r.Dinler, inan\u00e7lar y\u00fckselecek, dinler, inan\u00e7lar al\u00e7alacakt\u0131r.\u0130\u015fte bu kitap olana bakmak yerine olacak olana odaklanarak, ya\u015fanan k\u00fcresel salg\u0131n\u0131n derinliklerinde ve karanl\u0131\u011f\u0131nda bir gelecek ar\u0131yor. Salg\u0131n\u0131n g\u00f6lgesinde ve etkisinde farkl\u0131 disiplinler \u00fczerinden salg\u0131n meselesine yakla\u015f\u0131yor. Farkl\u0131 ve dinamik paradigmalar \u00fcretmeye, disiplinler aras\u0131nda b\u00fct\u00fcnc\u00fcll\u00fck yakalamaya ve sorunu kavramsalla\u015ft\u0131rmaya odaklan\u0131yor.<\/p>\n","protected":false},"excerpt":{"rendered":"<p>Co*vid19 salg\u0131n\u0131n\u0131n neye mal olaca\u011f\u0131n\u0131 ya da neler kazand\u0131r\u0131p neleri sonland\u0131raca\u011f\u0131n\u0131 sadece \u201csa\u011fl\u0131k\u201d, \u201csosyal ya\u015fam\u201d ve \u201ccari ekonomi\u201d a\u00e7\u0131s\u0131ndan de\u011ferlendirmek eksik olur.Olanlar\u0131n ve olacak olanlar\u0131n siyasi,<span class=\"excerpt-hellip\"> [\u2026]<\/span><\/p>\n","protected":false},"featured_media":0,"template":"","meta":{"_monsterinsights_skip_tracking":false,"_monsterinsights_sitenote_active":false,"_monsterinsights_sitenote_note":"","_monsterinsights_sitenote_category":0},"product_brand":[],"product_cat":[14787,13488],"product_tag":[],"class_list":{"0":"post-724816","1":"product","2":"type-product","3":"status-publish","5":"product_cat-diger-toplum-ve-insan","6":"product_cat-toplum-ve-insan","7":"pa_cilt-ciltsiz","8":"pa_tur-kitap","9":"pa_yayinevi-destek-yayinlari","10":"pa_yazar-abdullah-agar","12":"first","13":"instock","14":"sale","15":"shipping-taxable","16":"purchasable","17":"product-type-simple"},"_links":{"self":[{"href":"https:\/\/roveyayinevi.com.tr\/index.php\/wp-json\/wp\/v2\/product\/724816","targetHints":{"allow":["GET"]}}],"collection":[{"href":"https:\/\/roveyayinevi.com.tr\/index.php\/wp-json\/wp\/v2\/product"}],"about":[{"href":"https:\/\/roveyayinevi.com.tr\/index.php\/wp-json\/wp\/v2\/types\/product"}],"wp:attachment":[{"href":"https:\/\/roveyayinevi.com.tr\/index.php\/wp-json\/wp\/v2\/media?parent=724816"}],"wp:term":[{"taxonomy":"product_brand","embeddable":true,"href":"https:\/\/roveyayinevi.com.tr\/index.php\/wp-json\/wp\/v2\/product_brand?post=724816"},{"taxonomy":"product_cat","embeddable":true,"href":"https:\/\/roveyayinevi.com.tr\/index.php\/wp-json\/wp\/v2\/product_cat?post=724816"},{"taxonomy":"product_tag","embeddable":true,"href":"https:\/\/roveyayinevi.com.tr\/index.php\/wp-json\/wp\/v2\/product_tag?post=724816"}],"curies":[{"name":"wp","href":"https:\/\/api.w.org\/{rel}","templated":true}]}}