{"id":724814,"date":"2025-08-27T19:40:10","date_gmt":"2025-08-27T16:40:10","guid":{"rendered":"https:\/\/roveyayinevi.com.tr\/index.php\/urun\/antik-misira-gidiyoruz-eglenceli-tarih-serisi-2\/"},"modified":"2026-04-16T02:32:45","modified_gmt":"2026-04-15T23:32:45","slug":"antik-misira-gidiyoruz-eglenceli-tarih-serisi-2","status":"publish","type":"product","link":"https:\/\/roveyayinevi.com.tr\/index.php\/urun\/antik-misira-gidiyoruz-eglenceli-tarih-serisi-2\/","title":{"rendered":"Antik M\u0131s\u0131r\u2019a Gidiyoruz &#8211; E\u011flenceli Tarih Serisi- 2"},"content":{"rendered":"<p>Serin bir sonbahar g\u00fcn\u00fc, a\u011fa\u00e7 evde birlikte zaman ge\u00e7iren Duru, Tun\u00e7 ve \u00d6mer, Pinpon Gezegeni\u2019ndeki arkada\u015flar\u0131 Kiki\u2019nin geli\u015fiyle \u00e7ok mutlu olurlar. Kiki, hep birlikte Antik M\u0131s\u0131r D\u00f6nemi\u2019ne gitmeyi teklif eder. Duru\u2019nun annesi Sinem\u2019in de onlara kat\u0131lmas\u0131yla, dostlar\u0131m\u0131z Antik M\u0131s\u0131r\u2019\u0131n b\u00fcy\u00fcleyici evlerinin aras\u0131nda, Gize Piramitlerinin g\u00f6z al\u0131c\u0131 manzaras\u0131nda, Nil Nehri\u2019nin verimli k\u0131y\u0131lar\u0131nda unutulmaz bir g\u00fcn ge\u00e7irirler\u2026Nas\u0131l m\u0131?E\u011flenceli Tarih Serisi\u2019nin ikinci kitab\u0131nda,Antik M\u0131s\u0131r hakk\u0131nda bilmedi\u011finiz pek \u00e7ok \u015fey,sizi bekliyor!<\/p>\n","protected":false},"excerpt":{"rendered":"<p>Serin bir sonbahar g\u00fcn\u00fc, a\u011fa\u00e7 evde birlikte zaman ge\u00e7iren Duru, Tun\u00e7 ve \u00d6mer, Pinpon Gezegeni\u2019ndeki arkada\u015flar\u0131 Kiki\u2019nin geli\u015fiyle \u00e7ok mutlu olurlar. Kiki, hep birlikte Antik M\u0131s\u0131r<span class=\"excerpt-hellip\"> [\u2026]<\/span><\/p>\n","protected":false},"featured_media":0,"template":"","meta":{"_monsterinsights_skip_tracking":false,"_monsterinsights_sitenote_active":false,"_monsterinsights_sitenote_note":"","_monsterinsights_sitenote_category":0},"product_brand":[],"product_cat":[12274,12284],"product_tag":[],"class_list":{"0":"post-724814","1":"product","2":"type-product","3":"status-publish","5":"product_cat-cocuk-ve-genclik-kitaplari","6":"product_cat-hikayeler","7":"pa_cilt-ciltsiz","8":"pa_tur-kitap","9":"pa_yayinevi-ithaki-yayinlari","10":"pa_yazar-pinar-gocer","12":"first","13":"instock","14":"sale","15":"shipping-taxable","16":"purchasable","17":"product-type-simple"},"_links":{"self":[{"href":"https:\/\/roveyayinevi.com.tr\/index.php\/wp-json\/wp\/v2\/product\/724814","targetHints":{"allow":["GET"]}}],"collection":[{"href":"https:\/\/roveyayinevi.com.tr\/index.php\/wp-json\/wp\/v2\/product"}],"about":[{"href":"https:\/\/roveyayinevi.com.tr\/index.php\/wp-json\/wp\/v2\/types\/product"}],"wp:attachment":[{"href":"https:\/\/roveyayinevi.com.tr\/index.php\/wp-json\/wp\/v2\/media?parent=724814"}],"wp:term":[{"taxonomy":"product_brand","embeddable":true,"href":"https:\/\/roveyayinevi.com.tr\/index.php\/wp-json\/wp\/v2\/product_brand?post=724814"},{"taxonomy":"product_cat","embeddable":true,"href":"https:\/\/roveyayinevi.com.tr\/index.php\/wp-json\/wp\/v2\/product_cat?post=724814"},{"taxonomy":"product_tag","embeddable":true,"href":"https:\/\/roveyayinevi.com.tr\/index.php\/wp-json\/wp\/v2\/product_tag?post=724814"}],"curies":[{"name":"wp","href":"https:\/\/api.w.org\/{rel}","templated":true}]}}