{"id":724813,"date":"2025-08-27T19:40:09","date_gmt":"2025-08-27T16:40:09","guid":{"rendered":"https:\/\/roveyayinevi.com.tr\/index.php\/urun\/oyuncu\/"},"modified":"2026-04-16T02:32:45","modified_gmt":"2026-04-15T23:32:45","slug":"oyuncu","status":"publish","type":"product","link":"https:\/\/roveyayinevi.com.tr\/index.php\/urun\/oyuncu\/","title":{"rendered":"Oyuncu"},"content":{"rendered":"<p>Brody Easton\u2019la ilk kar\u015f\u0131la\u015fmam\u0131z ma\u00e7tan sonra soyunma odas\u0131ndayd\u0131. Profesyonel bir spor muhabiri olarak ilk r\u00f6portaj\u0131m\u0131 yapacakt\u0131m. \u00dcnl\u00fc oyun kurucu ise bana kendini a\u00e7maya karar vermi\u015fti. Kendini derken, s\u0131rlar\u0131ndan bahsetmiyorum. O k\u00fcstah pislik, ben tam da ilk sorumu sorarken havlusunu d\u00fc\u015f\u00fcr\u00fcvermi\u015fti. Yay\u0131ndayken. Ama ben oyuncularla \u00e7\u0131kmazd\u0131m. Futbol d\u00fcnyas\u0131nda \u00e7al\u0131\u015fan az say\u0131daki kad\u0131ndan biri oldu\u011fum i\u00e7in de\u011fildi sadece. Bir sporcuyla tabii ki g\u00f6r\u00fc\u015febilirdim. Kastetti\u011fim di\u011fer tip oyunculard\u0131. Hani bilirsiniz \u2013 yak\u0131\u015f\u0131kl\u0131, g\u00fc\u00e7l\u00fc, ukala, s\u00fcrekli birilerini yata\u011fa atmaya \u00e7al\u0131\u015fan.Brody Easton kesinlikle aralar\u0131ndaki en iyisiydi. Her kad\u0131n, onu de\u011fi\u015ftirecek ki\u015fi olman\u0131n hayalini kurard\u0131. Fakat onun tek bekledi\u011fi, u\u011fruna de\u011fi\u015fmeye de\u011fer bir kad\u0131nd\u0131 ve \u015fansa bak\u0131n, o kad\u0131n bendim.\u201cBir varm\u0131\u015f bir yokmu\u015f\u201d ve \u201csonsuza dek mutlu ya\u015fad\u0131lar\u201d aras\u0131nda her zaman bir hik\u00e2ye vard\u0131r.\u0130\u015fte bu da bizimki.\u201cBrody Easton, hayallerinizdeki sevgili olabilir. Ate\u015fli ve zeki bir anlat\u0131mla muhte\u015fem ters k\u00f6\u015felerin kalbinizi k\u0131rmas\u0131na haz\u0131r olun. Kesinlikle favorilerim aras\u0131na girer.\u201d \u2013The Rock Stars of Romance\u201cSivri dilli diyaloglar, Brody ve Delilah aras\u0131ndaki \u00e7ekim, yak\u0131p kavuran ate\u015fli sahneler \u2013 bu kitap be\u015f y\u0131ld\u0131zdan \u00e7ok \u00e7ok \u00e7ok daha fazlas\u0131n\u0131 hak ediyor.\u201d \u2013Sugar Shack<\/p>\n","protected":false},"excerpt":{"rendered":"<p>Brody Easton\u2019la ilk kar\u015f\u0131la\u015fmam\u0131z ma\u00e7tan sonra soyunma odas\u0131ndayd\u0131. Profesyonel bir spor muhabiri olarak ilk r\u00f6portaj\u0131m\u0131 yapacakt\u0131m. \u00dcnl\u00fc oyun kurucu ise bana kendini a\u00e7maya karar vermi\u015fti. Kendini<span class=\"excerpt-hellip\"> [\u2026]<\/span><\/p>\n","protected":false},"featured_media":0,"template":"","meta":{"_monsterinsights_skip_tracking":false,"_monsterinsights_sitenote_active":false,"_monsterinsights_sitenote_note":"","_monsterinsights_sitenote_category":0},"product_brand":[],"product_cat":[14643,12291],"product_tag":[],"class_list":{"0":"post-724813","1":"product","2":"type-product","3":"status-publish","5":"product_cat-ask","6":"product_cat-edebiyat","7":"pa_cilt-ciltsiz","8":"pa_tur-kitap","9":"pa_yayinevi-yabanci-yayinevi","10":"pa_yazar-vi-keeland","12":"first","13":"instock","14":"sale","15":"shipping-taxable","16":"purchasable","17":"product-type-simple"},"_links":{"self":[{"href":"https:\/\/roveyayinevi.com.tr\/index.php\/wp-json\/wp\/v2\/product\/724813","targetHints":{"allow":["GET"]}}],"collection":[{"href":"https:\/\/roveyayinevi.com.tr\/index.php\/wp-json\/wp\/v2\/product"}],"about":[{"href":"https:\/\/roveyayinevi.com.tr\/index.php\/wp-json\/wp\/v2\/types\/product"}],"wp:attachment":[{"href":"https:\/\/roveyayinevi.com.tr\/index.php\/wp-json\/wp\/v2\/media?parent=724813"}],"wp:term":[{"taxonomy":"product_brand","embeddable":true,"href":"https:\/\/roveyayinevi.com.tr\/index.php\/wp-json\/wp\/v2\/product_brand?post=724813"},{"taxonomy":"product_cat","embeddable":true,"href":"https:\/\/roveyayinevi.com.tr\/index.php\/wp-json\/wp\/v2\/product_cat?post=724813"},{"taxonomy":"product_tag","embeddable":true,"href":"https:\/\/roveyayinevi.com.tr\/index.php\/wp-json\/wp\/v2\/product_tag?post=724813"}],"curies":[{"name":"wp","href":"https:\/\/api.w.org\/{rel}","templated":true}]}}