{"id":724812,"date":"2025-08-27T19:40:08","date_gmt":"2025-08-27T16:40:08","guid":{"rendered":"https:\/\/roveyayinevi.com.tr\/index.php\/urun\/cesm-i-gokce\/"},"modified":"2025-10-01T05:53:55","modified_gmt":"2025-10-01T02:53:55","slug":"cesm-i-gokce","status":"publish","type":"product","link":"https:\/\/roveyayinevi.com.tr\/index.php\/urun\/cesm-i-gokce\/","title":{"rendered":"\u00c7e\u015fm-i G\u00f6k\u00e7e"},"content":{"rendered":"<p>G\u00fcn olur ki ismindeye\u015ferir ba\u011fbozumlar\u0131ve sen g\u00fcld\u00fc\u011f\u00fcndeda\u011fda laleler h\u00fcz\u00fcnlenip solarbir ceylan vurulur g\u00f6zlerindena\u015fka kanat \u00e7\u0131rpan ku\u015flar kah\u0131rlar\u0131ndan \u00f6l\u00fcr<\/p>\n","protected":false},"excerpt":{"rendered":"<p>G\u00fcn olur ki ismindeye\u015ferir ba\u011fbozumlar\u0131ve sen g\u00fcld\u00fc\u011f\u00fcndeda\u011fda laleler h\u00fcz\u00fcnlenip solarbir ceylan vurulur g\u00f6zlerindena\u015fka kanat \u00e7\u0131rpan ku\u015flar kah\u0131rlar\u0131ndan \u00f6l\u00fcr<\/p>\n","protected":false},"featured_media":0,"template":"","meta":{"_monsterinsights_skip_tracking":false,"_monsterinsights_sitenote_active":false,"_monsterinsights_sitenote_note":"","_monsterinsights_sitenote_category":0},"product_brand":[],"product_cat":[12291,12509],"product_tag":[],"class_list":{"0":"post-724812","1":"product","2":"type-product","3":"status-publish","5":"product_cat-edebiyat","6":"product_cat-siir","7":"pa_cilt-ciltsiz","8":"pa_tur-kitap","9":"pa_yayinevi-kuytu-yayinlari","10":"pa_yazar-ahmet-ozat","12":"first","13":"instock","14":"sale","15":"shipping-taxable","16":"purchasable","17":"product-type-simple"},"_links":{"self":[{"href":"https:\/\/roveyayinevi.com.tr\/index.php\/wp-json\/wp\/v2\/product\/724812","targetHints":{"allow":["GET"]}}],"collection":[{"href":"https:\/\/roveyayinevi.com.tr\/index.php\/wp-json\/wp\/v2\/product"}],"about":[{"href":"https:\/\/roveyayinevi.com.tr\/index.php\/wp-json\/wp\/v2\/types\/product"}],"wp:attachment":[{"href":"https:\/\/roveyayinevi.com.tr\/index.php\/wp-json\/wp\/v2\/media?parent=724812"}],"wp:term":[{"taxonomy":"product_brand","embeddable":true,"href":"https:\/\/roveyayinevi.com.tr\/index.php\/wp-json\/wp\/v2\/product_brand?post=724812"},{"taxonomy":"product_cat","embeddable":true,"href":"https:\/\/roveyayinevi.com.tr\/index.php\/wp-json\/wp\/v2\/product_cat?post=724812"},{"taxonomy":"product_tag","embeddable":true,"href":"https:\/\/roveyayinevi.com.tr\/index.php\/wp-json\/wp\/v2\/product_tag?post=724812"}],"curies":[{"name":"wp","href":"https:\/\/api.w.org\/{rel}","templated":true}]}}