{"id":724810,"date":"2025-08-27T19:40:06","date_gmt":"2025-08-27T16:40:06","guid":{"rendered":"https:\/\/roveyayinevi.com.tr\/index.php\/urun\/son-dans\/"},"modified":"2026-04-16T02:32:45","modified_gmt":"2026-04-15T23:32:45","slug":"son-dans","status":"publish","type":"product","link":"https:\/\/roveyayinevi.com.tr\/index.php\/urun\/son-dans\/","title":{"rendered":"Son Dans"},"content":{"rendered":"<p>Yeralt\u0131 d\u00fcnyas\u0131n\u0131n yak\u0131\u015f\u0131kl\u0131 ve bir o kadar da g\u00f6z\u00fc kara adam\u0131 Aykut, bu hik\u00e2yenin k\u0131l\u0131c\u0131yd\u0131.Yak\u0131\u015f\u0131kl\u0131 oldu\u011fu kadar da ta\u015f kalpli, eli kolu, dili keskin bir adamd\u0131. Zaten yetimhanenin kap\u0131s\u0131ndan \u00e7\u0131k\u0131p, karanl\u0131k bir d\u00fcnyaya ad\u0131m atan, burada kendisini ve karde\u015flerini korumaya \u00e7al\u0131\u015fan bir adam\u0131n kalbi ne kadar yumu\u015fak olabilirdi ki?Eylem ise bu hik\u00e2yenin kelebe\u011fiydi.Kimsesinin olmad\u0131\u011f\u0131 bir d\u00fcnyada, tek ba\u015f\u0131na ayakta durmaya \u00e7al\u0131\u015fan ve dans etmekten ba\u015fka iste\u011fi olmayan, umudu i\u00e7inde ta\u015f\u0131yan biriydi.Bir g\u00fcn hayat hi\u00e7 olmayacak bir \u015fekilde yollar\u0131n\u0131 kesi\u015ftirdi.Ve k\u0131l\u0131\u00e7, kelebe\u011fi g\u00f6rd\u00fc, hemen orada \u00e2\u015f\u0131k oldu.Kelebek ise dansa ve k\u0131l\u0131ca tutundu. \u00d6nce kendisine, sonra k\u0131l\u0131ca umut oldu.Bir kelebek dans etti, k\u0131l\u0131c\u0131n buzlar\u0131 eridi.<\/p>\n","protected":false},"excerpt":{"rendered":"<p>Yeralt\u0131 d\u00fcnyas\u0131n\u0131n yak\u0131\u015f\u0131kl\u0131 ve bir o kadar da g\u00f6z\u00fc kara adam\u0131 Aykut, bu hik\u00e2yenin k\u0131l\u0131c\u0131yd\u0131.Yak\u0131\u015f\u0131kl\u0131 oldu\u011fu kadar da ta\u015f kalpli, eli kolu, dili keskin bir adamd\u0131.<span class=\"excerpt-hellip\"> [\u2026]<\/span><\/p>\n","protected":false},"featured_media":0,"template":"","meta":{"_monsterinsights_skip_tracking":false,"_monsterinsights_sitenote_active":false,"_monsterinsights_sitenote_note":"","_monsterinsights_sitenote_category":0},"product_brand":[],"product_cat":[14643,12291],"product_tag":[],"class_list":{"0":"post-724810","1":"product","2":"type-product","3":"status-publish","5":"product_cat-ask","6":"product_cat-edebiyat","7":"pa_cilt-ciltsiz","8":"pa_tur-kitap","9":"pa_yayinevi-muptela-yayinevi","10":"pa_yazar-funda-kinali","12":"first","13":"instock","14":"sale","15":"shipping-taxable","16":"purchasable","17":"product-type-simple"},"_links":{"self":[{"href":"https:\/\/roveyayinevi.com.tr\/index.php\/wp-json\/wp\/v2\/product\/724810","targetHints":{"allow":["GET"]}}],"collection":[{"href":"https:\/\/roveyayinevi.com.tr\/index.php\/wp-json\/wp\/v2\/product"}],"about":[{"href":"https:\/\/roveyayinevi.com.tr\/index.php\/wp-json\/wp\/v2\/types\/product"}],"wp:attachment":[{"href":"https:\/\/roveyayinevi.com.tr\/index.php\/wp-json\/wp\/v2\/media?parent=724810"}],"wp:term":[{"taxonomy":"product_brand","embeddable":true,"href":"https:\/\/roveyayinevi.com.tr\/index.php\/wp-json\/wp\/v2\/product_brand?post=724810"},{"taxonomy":"product_cat","embeddable":true,"href":"https:\/\/roveyayinevi.com.tr\/index.php\/wp-json\/wp\/v2\/product_cat?post=724810"},{"taxonomy":"product_tag","embeddable":true,"href":"https:\/\/roveyayinevi.com.tr\/index.php\/wp-json\/wp\/v2\/product_tag?post=724810"}],"curies":[{"name":"wp","href":"https:\/\/api.w.org\/{rel}","templated":true}]}}