{"id":724809,"date":"2025-08-27T19:40:06","date_gmt":"2025-08-27T16:40:06","guid":{"rendered":"https:\/\/roveyayinevi.com.tr\/index.php\/urun\/ferze\/"},"modified":"2026-04-16T02:32:45","modified_gmt":"2026-04-15T23:32:45","slug":"ferze","status":"publish","type":"product","link":"https:\/\/roveyayinevi.com.tr\/index.php\/urun\/ferze\/","title":{"rendered":"Ferze"},"content":{"rendered":"<p>Sevelim.Vaktimiz Var!Vaktimiz Varken Sevelim.Vaktimiz Var!Sevelim.*Yoklu\u011fum Bilip Kanmayas\u0131n.\u00c7\u00fcnk\u00fc Ben Bir Yokluk K\u00fcfedeB\u00fct\u00fcn Varl\u0131klar\u0131 A\u015far, A\u015far Da Gelirim.*Belki Bir Merhaba,Belki De Bir \u00d6nemi Yoktur Vedan\u0131n.Kim Bilir?*B\u00fct\u00fcn \u015eairler,Yazan YazmayanSeven Her Y\u00fcrek,Kavu\u015famam\u0131\u015ft\u0131r Sevdi\u011fine. <\/p>\n","protected":false},"excerpt":{"rendered":"<p>Sevelim.Vaktimiz Var!Vaktimiz Varken Sevelim.Vaktimiz Var!Sevelim.*Yoklu\u011fum Bilip Kanmayas\u0131n.\u00c7\u00fcnk\u00fc Ben Bir Yokluk K\u00fcfedeB\u00fct\u00fcn Varl\u0131klar\u0131 A\u015far, A\u015far Da Gelirim.*Belki Bir Merhaba,Belki De Bir \u00d6nemi Yoktur Vedan\u0131n.Kim Bilir?*B\u00fct\u00fcn \u015eairler,Yazan YazmayanSeven<span class=\"excerpt-hellip\"> [\u2026]<\/span><\/p>\n","protected":false},"featured_media":0,"template":"","meta":{"_monsterinsights_skip_tracking":false,"_monsterinsights_sitenote_active":false,"_monsterinsights_sitenote_note":"","_monsterinsights_sitenote_category":0},"product_brand":[],"product_cat":[12291,12509],"product_tag":[],"class_list":{"0":"post-724809","1":"product","2":"type-product","3":"status-publish","5":"product_cat-edebiyat","6":"product_cat-siir","7":"pa_cilt-ciltsiz","8":"pa_tur-kitap","9":"pa_yayinevi-kuytu-yayinlari","10":"pa_yazar-ramazan-cetiner","12":"first","13":"instock","14":"sale","15":"shipping-taxable","16":"purchasable","17":"product-type-simple"},"_links":{"self":[{"href":"https:\/\/roveyayinevi.com.tr\/index.php\/wp-json\/wp\/v2\/product\/724809","targetHints":{"allow":["GET"]}}],"collection":[{"href":"https:\/\/roveyayinevi.com.tr\/index.php\/wp-json\/wp\/v2\/product"}],"about":[{"href":"https:\/\/roveyayinevi.com.tr\/index.php\/wp-json\/wp\/v2\/types\/product"}],"wp:attachment":[{"href":"https:\/\/roveyayinevi.com.tr\/index.php\/wp-json\/wp\/v2\/media?parent=724809"}],"wp:term":[{"taxonomy":"product_brand","embeddable":true,"href":"https:\/\/roveyayinevi.com.tr\/index.php\/wp-json\/wp\/v2\/product_brand?post=724809"},{"taxonomy":"product_cat","embeddable":true,"href":"https:\/\/roveyayinevi.com.tr\/index.php\/wp-json\/wp\/v2\/product_cat?post=724809"},{"taxonomy":"product_tag","embeddable":true,"href":"https:\/\/roveyayinevi.com.tr\/index.php\/wp-json\/wp\/v2\/product_tag?post=724809"}],"curies":[{"name":"wp","href":"https:\/\/api.w.org\/{rel}","templated":true}]}}