{"id":724807,"date":"2025-08-27T19:40:04","date_gmt":"2025-08-27T16:40:04","guid":{"rendered":"https:\/\/roveyayinevi.com.tr\/index.php\/urun\/tum-savaslari-bitirecek-savas\/"},"modified":"2026-04-16T02:32:45","modified_gmt":"2026-04-15T23:32:45","slug":"tum-savaslari-bitirecek-savas","status":"publish","type":"product","link":"https:\/\/roveyayinevi.com.tr\/index.php\/urun\/tum-savaslari-bitirecek-savas\/","title":{"rendered":"T\u00fcm Sava\u015flar\u0131 Bitirecek Sava\u015f"},"content":{"rendered":"<p>Yazar ve d\u00fc\u015f\u00fcn\u00fcr kimli\u011fiyle oldu\u011fu kadar gazeteci kimli\u011fiyle de \u00f6ne \u00e7\u0131kan H.G. Wells\u2019in Birinci D\u00fcnya Sava\u015f\u0131\u2019n\u0131n ilk y\u0131llar\u0131nda kaleme ald\u0131\u011f\u0131 on bir makale bu kitapta toplan\u0131yor.\u0130lk kez 1914 y\u0131l\u0131nda, \u00e7e\u015fitli gazetelerde yay\u0131mlanan bu makalelerde Wells, \u201ct\u00fcm sava\u015flar\u0131 bitirecek sava\u015f\u201d olarak tan\u0131mlad\u0131\u011f\u0131 Birinci D\u00fcnya Sava\u015f\u0131\u2019n\u0131n Avrupa halklar\u0131 \u00fczerindeki etkilerinden, geli\u015fen teknolojiyle ortaya \u00e7\u0131kan yeni sava\u015f makinelerine kadar bir\u00e7ok konuyu yak\u0131ndan irdeliyor. Sava\u015f s\u0131ras\u0131nda ba\u015fta \u0130ngilizler olmak \u00fczere halklar\u0131n g\u00f6\u011f\u00fcs germek zorunda kald\u0131klar\u0131 zorluklar\u0131 sade bir \u00fcslupla dile getiren Wells, bir yandan da sava\u015f\u0131n ard\u0131ndan Avrupa\u2019n\u0131n b\u00fcr\u00fcnece\u011fi hal \u00fczerine varsay\u0131mlarda bulunuyor. Sava\u015f\u0131n sona erip bar\u0131\u015f\u0131n gelmesini sa\u011flayabilecek ihtimallere geni\u015f yer vererek t\u00fcm insanl\u0131k i\u00e7in refah ve bar\u0131\u015f dolu bir d\u00fcnya ihtimalini \u00f6ne s\u00fcr\u00fcyor.T\u00fcm Sava\u015flar\u0131 Bitirecek Sava\u015f\u2019ta, d\u00f6nemin en b\u00fcy\u00fck f\u00fct\u00fcristlerinden birinin g\u00f6z\u00fcnden, Birinci D\u00fcnya Sava\u015f\u0131 yorumlar\u0131n\u0131 bulacaks\u0131n\u0131z.\u201cBu tarihin en b\u00fcy\u00fck sava\u015f\u0131. Bu uluslar\u0131n de\u011fil, insanl\u0131\u011f\u0131n sava\u015f\u0131d\u0131r. D\u00fcnyay\u0131 kap\u0131ld\u0131\u011f\u0131 \u00e7\u0131lg\u0131nl\u0131ktan kurtarmak ve bir \u00e7a\u011fa son vermek ad\u0131na yap\u0131lan bir sava\u015ft\u0131r.\u201d <\/p>\n","protected":false},"excerpt":{"rendered":"<p>Yazar ve d\u00fc\u015f\u00fcn\u00fcr kimli\u011fiyle oldu\u011fu kadar gazeteci kimli\u011fiyle de \u00f6ne \u00e7\u0131kan H.G. Wells\u2019in Birinci D\u00fcnya Sava\u015f\u0131\u2019n\u0131n ilk y\u0131llar\u0131nda kaleme ald\u0131\u011f\u0131 on bir makale bu kitapta toplan\u0131yor.\u0130lk<span class=\"excerpt-hellip\"> [\u2026]<\/span><\/p>\n","protected":false},"featured_media":0,"template":"","meta":{"_monsterinsights_skip_tracking":false,"_monsterinsights_sitenote_active":false,"_monsterinsights_sitenote_note":"","_monsterinsights_sitenote_category":0},"product_brand":[],"product_cat":[12305,12304],"product_tag":[],"class_list":{"0":"post-724807","1":"product","2":"type-product","3":"status-publish","5":"product_cat-dunya-tarihi","6":"product_cat-tarih","7":"pa_cilt-ciltsiz","8":"pa_tur-kitap","9":"pa_yayinevi-ithaki-yayinlari","10":"pa_yazar-h-g-wells","12":"first","13":"instock","14":"sale","15":"shipping-taxable","16":"purchasable","17":"product-type-simple"},"_links":{"self":[{"href":"https:\/\/roveyayinevi.com.tr\/index.php\/wp-json\/wp\/v2\/product\/724807","targetHints":{"allow":["GET"]}}],"collection":[{"href":"https:\/\/roveyayinevi.com.tr\/index.php\/wp-json\/wp\/v2\/product"}],"about":[{"href":"https:\/\/roveyayinevi.com.tr\/index.php\/wp-json\/wp\/v2\/types\/product"}],"wp:attachment":[{"href":"https:\/\/roveyayinevi.com.tr\/index.php\/wp-json\/wp\/v2\/media?parent=724807"}],"wp:term":[{"taxonomy":"product_brand","embeddable":true,"href":"https:\/\/roveyayinevi.com.tr\/index.php\/wp-json\/wp\/v2\/product_brand?post=724807"},{"taxonomy":"product_cat","embeddable":true,"href":"https:\/\/roveyayinevi.com.tr\/index.php\/wp-json\/wp\/v2\/product_cat?post=724807"},{"taxonomy":"product_tag","embeddable":true,"href":"https:\/\/roveyayinevi.com.tr\/index.php\/wp-json\/wp\/v2\/product_tag?post=724807"}],"curies":[{"name":"wp","href":"https:\/\/api.w.org\/{rel}","templated":true}]}}