{"id":724806,"date":"2025-08-27T19:40:03","date_gmt":"2025-08-27T16:40:03","guid":{"rendered":"https:\/\/roveyayinevi.com.tr\/index.php\/urun\/kumadam\/"},"modified":"2026-04-16T02:32:45","modified_gmt":"2026-04-15T23:32:45","slug":"kumadam","status":"publish","type":"product","link":"https:\/\/roveyayinevi.com.tr\/index.php\/urun\/kumadam\/","title":{"rendered":"Kumadam"},"content":{"rendered":"<p>\u201c\u2018Kumadam\u2019 b\u00fct\u00fcn\u00fcyle tekinsiz bir \u00f6yk\u00fc.\u201d \u2013Sigmund FreudE.T.A. Hoffmann, Alman gotik edebiyat\u0131n\u0131n en \u00f6nemli isimlerinden; belki de en \u00f6nemlisi. \u0130ki as\u0131rdan fazlad\u0131r okurlara musallat \u00f6yk\u00fcs\u00fc \u201cKumadam\u201d ise k\u00e2bus ve ger\u00e7ek aras\u0131ndaki ince \u00e7izgide duran \u00fcrk\u00fct\u00fcc\u00fc bir eser.Gece olunca gelip \u00e7ocuklar\u0131n g\u00f6zlerini \u00e7ald\u0131\u011f\u0131 s\u00f6ylenen, \u00e7ocukken babas\u0131n\u0131n \u00f6l\u00fcm\u00fcyle alakal\u0131 oldu\u011funu d\u00fc\u015f\u00fcnd\u00fc\u011f\u00fc Kumadam\u2019\u0131 hi\u00e7bir zaman unutamayan Nathanael&#8217;in hayat\u0131, e\u011fitim g\u00f6rd\u00fc\u011f\u00fc \u015fehre Coppola isminde bir sat\u0131c\u0131n\u0131n gelmesiyle alt\u00fcst olur. Coppola&#8217;n\u0131n Kumadam&#8217;la olan ili\u015fkisini \u00e7\u00f6zmeye \u00e7al\u0131\u015fan Nathanael, Profes\u00f6r Spallanzani&#8217;nin \u201ctuhaf\u201d k\u0131z\u0131 Olimpia&#8217;yla tan\u0131\u015f\u0131nca i\u015fler iyice \u00e7etrefil bir hal al\u0131r.Bu ciltte \u201cKumadam\u201da ek olarak Hoffmann&#8217;\u0131n \u201cIss\u0131z Ev\u201d adl\u0131 \u00f6yk\u00fcs\u00fcn\u00fc de bulacaks\u0131n\u0131z.Merdivenlerden gelen seslere kulak ver&#8230; Kumadam yakla\u015f\u0131yor.<\/p>\n","protected":false},"excerpt":{"rendered":"<p>\u201c\u2018Kumadam\u2019 b\u00fct\u00fcn\u00fcyle tekinsiz bir \u00f6yk\u00fc.\u201d \u2013Sigmund FreudE.T.A. Hoffmann, Alman gotik edebiyat\u0131n\u0131n en \u00f6nemli isimlerinden; belki de en \u00f6nemlisi. \u0130ki as\u0131rdan fazlad\u0131r okurlara musallat \u00f6yk\u00fcs\u00fc \u201cKumadam\u201d ise<span class=\"excerpt-hellip\"> [\u2026]<\/span><\/p>\n","protected":false},"featured_media":0,"template":"","meta":{"_monsterinsights_skip_tracking":false,"_monsterinsights_sitenote_active":false,"_monsterinsights_sitenote_note":"","_monsterinsights_sitenote_category":0},"product_brand":[],"product_cat":[12291,17033],"product_tag":[],"class_list":{"0":"post-724806","1":"product","2":"type-product","3":"status-publish","5":"product_cat-edebiyat","6":"product_cat-korku-gerilim","7":"pa_cilt-ciltsiz","8":"pa_tur-kitap","9":"pa_yayinevi-ithaki-yayinlari","10":"pa_yazar-e-t-a-hoffmann","12":"first","13":"instock","14":"sale","15":"shipping-taxable","16":"purchasable","17":"product-type-simple"},"_links":{"self":[{"href":"https:\/\/roveyayinevi.com.tr\/index.php\/wp-json\/wp\/v2\/product\/724806","targetHints":{"allow":["GET"]}}],"collection":[{"href":"https:\/\/roveyayinevi.com.tr\/index.php\/wp-json\/wp\/v2\/product"}],"about":[{"href":"https:\/\/roveyayinevi.com.tr\/index.php\/wp-json\/wp\/v2\/types\/product"}],"wp:attachment":[{"href":"https:\/\/roveyayinevi.com.tr\/index.php\/wp-json\/wp\/v2\/media?parent=724806"}],"wp:term":[{"taxonomy":"product_brand","embeddable":true,"href":"https:\/\/roveyayinevi.com.tr\/index.php\/wp-json\/wp\/v2\/product_brand?post=724806"},{"taxonomy":"product_cat","embeddable":true,"href":"https:\/\/roveyayinevi.com.tr\/index.php\/wp-json\/wp\/v2\/product_cat?post=724806"},{"taxonomy":"product_tag","embeddable":true,"href":"https:\/\/roveyayinevi.com.tr\/index.php\/wp-json\/wp\/v2\/product_tag?post=724806"}],"curies":[{"name":"wp","href":"https:\/\/api.w.org\/{rel}","templated":true}]}}