{"id":724805,"date":"2025-08-27T19:40:02","date_gmt":"2025-08-27T16:40:02","guid":{"rendered":"https:\/\/roveyayinevi.com.tr\/index.php\/urun\/kurtadam\/"},"modified":"2026-04-16T02:32:45","modified_gmt":"2026-04-15T23:32:45","slug":"kurtadam","status":"publish","type":"product","link":"https:\/\/roveyayinevi.com.tr\/index.php\/urun\/kurtadam\/","title":{"rendered":"Kurtadam"},"content":{"rendered":"<p>Otuz dokuz y\u0131ll\u0131k renkli ve verimli ya\u015fam\u0131 boyunca romanlar, \u015fiirler, \u015fark\u0131lar yazan, trompetten ve cazdan vazge\u00e7medi\u011fi gibi oyunculuk, \u015fark\u0131c\u0131l\u0131k, mucitlikten de geri kalmayan ve do\u011fal bir oyunbozan olan Vian\u2019\u0131n meslek hayat\u0131nda Frans\u0131z Standartlar\u0131 Enstit\u00fcs\u00fc\u2019n\u00fc se\u00e7mi\u015f olmas\u0131 belki de sanat d\u00fcnyas\u0131n\u0131n en parlak ironilerinden biridir. D\u00f6nemin di\u011fer baz\u0131 isimleri gibi do\u011fa\u00e7lama ya\u015fay\u0131p eser veren Vian bug\u00fcn as\u0131l olarak yazar kimli\u011fiyle ve antimilitarist bak\u0131\u015f a\u00e7\u0131s\u0131yla tan\u0131n\u0131yor.Raymond Queneau\u2019nun \u201cBoris Vian, bir g\u00fcn Boris Vian olacakt\u0131r,\u201d dedi\u011fi Vian\u2019\u0131n \u00f6l\u00fcm\u00fcnden sonra yay\u0131mlanan \u00f6yk\u00fc derlemesi Kurtadam\u2019da, insana d\u00f6n\u00fc\u015fen kurtlar, \u015fehre \u00e7\u00f6ken afrodizyak etkili bir sis, \u015famatac\u0131 m\u00fczisyenler, direksiyonu yolcusuna b\u0131rakan taksiciler ve duygularla tan\u0131\u015fan bir yapay zek\u00e2 geziniyor.Boris Vian\u2019\u0131n \u00f6yk\u00fclerinde abs\u00fcrt ile normal aras\u0131nda bir s\u0131n\u0131r yok, her an her \u015fey m\u00fcmk\u00fcn, mesela bir karakter aniden \u00f6rde\u011fe d\u00f6n\u00fc\u015febilir ve bunun kadar normal ba\u015fka ne olabilir ki?\u201cOnu dinledikten sonra farkl\u0131 bir \u015feyler denemeye karar verdim.\u201d\u2013Serge Gainsbourg\u201c\u0130leride ya\u015f\u0131yordu. Gelece\u011fin eksenindeydi, h\u00e2l\u00e2 da \u00f6yle.\u201d\u2013No\u00ebl Arnaud<\/p>\n","protected":false},"excerpt":{"rendered":"<p>Otuz dokuz y\u0131ll\u0131k renkli ve verimli ya\u015fam\u0131 boyunca romanlar, \u015fiirler, \u015fark\u0131lar yazan, trompetten ve cazdan vazge\u00e7medi\u011fi gibi oyunculuk, \u015fark\u0131c\u0131l\u0131k, mucitlikten de geri kalmayan ve do\u011fal bir<span class=\"excerpt-hellip\"> [\u2026]<\/span><\/p>\n","protected":false},"featured_media":0,"template":"","meta":{"_monsterinsights_skip_tracking":false,"_monsterinsights_sitenote_active":false,"_monsterinsights_sitenote_note":"","_monsterinsights_sitenote_category":0},"product_brand":[],"product_cat":[12291,12711],"product_tag":[],"class_list":{"0":"post-724805","1":"product","2":"type-product","3":"status-publish","5":"product_cat-edebiyat","6":"product_cat-roman-oyku","7":"pa_cilt-ciltsiz","8":"pa_tur-kitap","9":"pa_yayinevi-ithaki-yayinlari","10":"pa_yazar-boris-vian","12":"first","13":"instock","14":"sale","15":"shipping-taxable","16":"purchasable","17":"product-type-simple"},"_links":{"self":[{"href":"https:\/\/roveyayinevi.com.tr\/index.php\/wp-json\/wp\/v2\/product\/724805","targetHints":{"allow":["GET"]}}],"collection":[{"href":"https:\/\/roveyayinevi.com.tr\/index.php\/wp-json\/wp\/v2\/product"}],"about":[{"href":"https:\/\/roveyayinevi.com.tr\/index.php\/wp-json\/wp\/v2\/types\/product"}],"wp:attachment":[{"href":"https:\/\/roveyayinevi.com.tr\/index.php\/wp-json\/wp\/v2\/media?parent=724805"}],"wp:term":[{"taxonomy":"product_brand","embeddable":true,"href":"https:\/\/roveyayinevi.com.tr\/index.php\/wp-json\/wp\/v2\/product_brand?post=724805"},{"taxonomy":"product_cat","embeddable":true,"href":"https:\/\/roveyayinevi.com.tr\/index.php\/wp-json\/wp\/v2\/product_cat?post=724805"},{"taxonomy":"product_tag","embeddable":true,"href":"https:\/\/roveyayinevi.com.tr\/index.php\/wp-json\/wp\/v2\/product_tag?post=724805"}],"curies":[{"name":"wp","href":"https:\/\/api.w.org\/{rel}","templated":true}]}}