{"id":724794,"date":"2025-08-27T19:39:54","date_gmt":"2025-08-27T16:39:54","guid":{"rendered":"https:\/\/roveyayinevi.com.tr\/index.php\/urun\/todisin-bir-gunu-todisle-boyama-zamani\/"},"modified":"2026-04-16T02:32:44","modified_gmt":"2026-04-15T23:32:44","slug":"todisin-bir-gunu-todisle-boyama-zamani","status":"publish","type":"product","link":"https:\/\/roveyayinevi.com.tr\/index.php\/urun\/todisin-bir-gunu-todisle-boyama-zamani\/","title":{"rendered":"Todi\u015f&#8217;in Bir G\u00fcn\u00fc &#8211; Todi\u015f&#8217;le Boyama Zaman\u0131"},"content":{"rendered":"<p>Nesneleri tan\u0131tan, kavramlar\u0131 \u00f6\u011freten boyama dizisi: Boya Tan\u0131 \u00d6\u011fren Serisi!Boya: \u00c7ocu\u011fun Motor Becerilerini Geli\u015ftirir.Tan\u0131: \u00c7ocu\u011fa, Nesneleri Tan\u0131t\u0131r.\u00d6\u011fren: \u00c7ocu\u011fa, Ya\u015f Seviyesine Uygun Kavramlar\u0131 \u00d6\u011fretir.<\/p>\n","protected":false},"excerpt":{"rendered":"<p>Nesneleri tan\u0131tan, kavramlar\u0131 \u00f6\u011freten boyama dizisi: Boya Tan\u0131 \u00d6\u011fren Serisi!Boya: \u00c7ocu\u011fun Motor Becerilerini Geli\u015ftirir.Tan\u0131: \u00c7ocu\u011fa, Nesneleri Tan\u0131t\u0131r.\u00d6\u011fren: \u00c7ocu\u011fa, Ya\u015f Seviyesine Uygun Kavramlar\u0131 \u00d6\u011fretir.<\/p>\n","protected":false},"featured_media":0,"template":"","meta":{"_monsterinsights_skip_tracking":false,"_monsterinsights_sitenote_active":false,"_monsterinsights_sitenote_note":"","_monsterinsights_sitenote_category":0},"product_brand":[],"product_cat":[12644,12274],"product_tag":[],"class_list":{"0":"post-724794","1":"product","2":"type-product","3":"status-publish","5":"product_cat-boyama-kitaplari","6":"product_cat-cocuk-ve-genclik-kitaplari","7":"pa_cilt-ciltsiz","8":"pa_tur-kitap","9":"pa_yayinevi-timas-cocuk","10":"pa_yazar-suleyman-ozkonuk","12":"first","13":"instock","14":"sale","15":"shipping-taxable","16":"purchasable","17":"product-type-simple"},"_links":{"self":[{"href":"https:\/\/roveyayinevi.com.tr\/index.php\/wp-json\/wp\/v2\/product\/724794","targetHints":{"allow":["GET"]}}],"collection":[{"href":"https:\/\/roveyayinevi.com.tr\/index.php\/wp-json\/wp\/v2\/product"}],"about":[{"href":"https:\/\/roveyayinevi.com.tr\/index.php\/wp-json\/wp\/v2\/types\/product"}],"wp:attachment":[{"href":"https:\/\/roveyayinevi.com.tr\/index.php\/wp-json\/wp\/v2\/media?parent=724794"}],"wp:term":[{"taxonomy":"product_brand","embeddable":true,"href":"https:\/\/roveyayinevi.com.tr\/index.php\/wp-json\/wp\/v2\/product_brand?post=724794"},{"taxonomy":"product_cat","embeddable":true,"href":"https:\/\/roveyayinevi.com.tr\/index.php\/wp-json\/wp\/v2\/product_cat?post=724794"},{"taxonomy":"product_tag","embeddable":true,"href":"https:\/\/roveyayinevi.com.tr\/index.php\/wp-json\/wp\/v2\/product_tag?post=724794"}],"curies":[{"name":"wp","href":"https:\/\/api.w.org\/{rel}","templated":true}]}}