{"id":724792,"date":"2025-08-27T19:39:52","date_gmt":"2025-08-27T16:39:52","guid":{"rendered":"https:\/\/roveyayinevi.com.tr\/index.php\/urun\/dinozorlarin-tukenmeyen-soyu\/"},"modified":"2026-04-16T02:32:44","modified_gmt":"2026-04-15T23:32:44","slug":"dinozorlarin-tukenmeyen-soyu","status":"publish","type":"product","link":"https:\/\/roveyayinevi.com.tr\/index.php\/urun\/dinozorlarin-tukenmeyen-soyu\/","title":{"rendered":"Dinozorlar\u0131n T\u00fckenmeyen Soyu"},"content":{"rendered":"<p>Britanyal\u0131 anatomist Richard Owen 180 y\u0131l \u00f6nce onlara isim koydu\u011fundan beri dinozorlar bir ku\u0308lt olup \u00e7\u0131kt\u0131. Son y\u0131llarda ula\u015f\u0131lan heyecan verici fosil bulgular\u0131 ve yeni bilimsel bilgiler zihnimizdeki dinozor imgesini bir kez daha k\u00f6kten de\u011fi\u015ftirmek zorunda oldu\u011fumuzu g\u00f6steriyor. Onlar\u0131 \u00f6nceleri dev su\u0308ru\u0308ngenler olarak g\u00f6ru\u0308rken, iki ayaklar\u0131 u\u0308zerinde duran ejderhalar olarak g\u00f6rmeye ba\u015flad\u0131k; onlar\u0131 hantal ve ilkel hayvanlar olarak du\u0308\u015fu\u0308nu\u0308rken \u00e7evik ve zeki avc\u0131lar olarak tasarlamaya ba\u015flad\u0131k; bir zamanlar onlar bizim i\u00e7in pullu dev kertenkelelerdi ama sonra onlar\u0131 tu\u0308ylu\u0308 dev tavuklar olarak g\u00f6ru\u0308r olduk.Bugu\u0308n art\u0131k soylar\u0131n\u0131n tam olarak tu\u0308kenmedi\u011fini biliyoruz. Dinozorlar bugu\u0308n du\u0308nyam\u0131zda mevcut olan en ba\u015far\u0131l\u0131 hayvan gruplar\u0131ndan birine d\u00f6nu\u0308\u015ferek hayatlar\u0131n\u0131 su\u0308rdu\u0308rdu\u0308ler: Evet, hi\u00e7 \u015fu\u0308phesiz ku\u015flar dinozorlar\u0131n tu\u0308kenmeyen soyunu temsil ediyor.Bernhard Kegel paleontoloji tarihi, dinozor fosillerinin paleontoloji i\u00e7indeki yeri ve en son bilimsel bulgular hakk\u0131nda pek \u00e7ok bilgi i\u00e7eren bu kitab\u0131nda keyifli ve e\u011flenceli bir okuma deneyimi vaat ediyor.\u201cBernhard Kegel dinozorlar\u0131 konu alan bu \u015fa\u015f\u0131rt\u0131c\u0131 kitab\u0131nda, kan d\u00f6ku\u0308cu\u0308 canavarlar\u0131n \u00f6nce kanguru benzeri devlere, ard\u0131ndan da, tu\u0308m gezegeni dost\u00e7a i\u015fgal etmi\u015f olan ku\u0308\u00e7u\u0308cu\u0308k tu\u0308ylu\u0308 hayvanlara nas\u0131l d\u00f6nu\u0308\u015ftu\u0308\u011fu\u0308nu\u0308 betimliyor.\u201d\u2014 Frank Vorpahl, ZDF Aspekte<\/p>\n","protected":false},"excerpt":{"rendered":"<p>Britanyal\u0131 anatomist Richard Owen 180 y\u0131l \u00f6nce onlara isim koydu\u011fundan beri dinozorlar bir ku\u0308lt olup \u00e7\u0131kt\u0131. Son y\u0131llarda ula\u015f\u0131lan heyecan verici fosil bulgular\u0131 ve yeni bilimsel<span class=\"excerpt-hellip\"> [\u2026]<\/span><\/p>\n","protected":false},"featured_media":0,"template":"","meta":{"_monsterinsights_skip_tracking":false,"_monsterinsights_sitenote_active":false,"_monsterinsights_sitenote_note":"","_monsterinsights_sitenote_category":0},"product_brand":[],"product_cat":[13005,13006],"product_tag":[],"class_list":{"0":"post-724792","1":"product","2":"type-product","3":"status-publish","5":"product_cat-bilim-muhendislik","6":"product_cat-populer-bilim","7":"pa_cilt-ciltsiz","8":"pa_tur-kitap","9":"pa_yayinevi-say-yayinlari","10":"pa_yazar-bernhard-kegel","12":"first","13":"instock","14":"sale","15":"shipping-taxable","16":"purchasable","17":"product-type-simple"},"_links":{"self":[{"href":"https:\/\/roveyayinevi.com.tr\/index.php\/wp-json\/wp\/v2\/product\/724792","targetHints":{"allow":["GET"]}}],"collection":[{"href":"https:\/\/roveyayinevi.com.tr\/index.php\/wp-json\/wp\/v2\/product"}],"about":[{"href":"https:\/\/roveyayinevi.com.tr\/index.php\/wp-json\/wp\/v2\/types\/product"}],"wp:attachment":[{"href":"https:\/\/roveyayinevi.com.tr\/index.php\/wp-json\/wp\/v2\/media?parent=724792"}],"wp:term":[{"taxonomy":"product_brand","embeddable":true,"href":"https:\/\/roveyayinevi.com.tr\/index.php\/wp-json\/wp\/v2\/product_brand?post=724792"},{"taxonomy":"product_cat","embeddable":true,"href":"https:\/\/roveyayinevi.com.tr\/index.php\/wp-json\/wp\/v2\/product_cat?post=724792"},{"taxonomy":"product_tag","embeddable":true,"href":"https:\/\/roveyayinevi.com.tr\/index.php\/wp-json\/wp\/v2\/product_tag?post=724792"}],"curies":[{"name":"wp","href":"https:\/\/api.w.org\/{rel}","templated":true}]}}