{"id":724790,"date":"2025-08-27T19:39:51","date_gmt":"2025-08-27T16:39:51","guid":{"rendered":"https:\/\/roveyayinevi.com.tr\/index.php\/urun\/icsel-yolculuk\/"},"modified":"2026-04-16T02:32:44","modified_gmt":"2026-04-15T23:32:44","slug":"icsel-yolculuk","status":"publish","type":"product","link":"https:\/\/roveyayinevi.com.tr\/index.php\/urun\/icsel-yolculuk\/","title":{"rendered":"\u0130\u00e7sel Yolculuk"},"content":{"rendered":"<p>Osho, \u0130\u00e7sel Yolculuk kitab\u0131nda dinamik meditasyon sisteminden, bu yolun getirdi\u011fi hediyelerden ve bu yolda kar\u015f\u0131m\u0131za \u00e7\u0131kabilecek tuzaklardan bahsediyor. \u0130nsan\u0131n bu du\u0308nyadaki yolculu\u011funu, duygular\u0131n\u0131 ve du\u0308\u015fu\u0308ncelerini derinden etkileyen dinamik meditasyonun bizlere sundu\u011fu hediyeleri nas\u0131l kabul edece\u011fimiz ile ilgili \u00f6nerilerin de yer ald\u0131\u011f\u0131 bu kitap, okuru, \u015fimdiye kadar kar\u015f\u0131s\u0131na \u00e7\u0131kan tekniklerle, ustalarla ve kendisiyle derin bir sohbete \u00e7a\u011f\u0131ran, insan\u0131 d\u00f6nu\u0308\u015ftu\u0308ren bir yolculuk daveti olarak da de\u011ferlendirilebilir.\u015eu an oldu\u011fun halde ya\u015fam bir feryat gibi geliyor. De\u011fil. Sen rahats\u0131z oldu\u011fun i\u00e7in bir feryat gibi geliyor. Ya\u015fam bir \u015fark\u0131 ama \u015fark\u0131y\u0131 duymak i\u00e7in bizzat sen bir \u015fark\u0131 olmal\u0131s\u0131n, \u00e7u\u0308nku\u0308 ancak benzer benzeri anlayabilir.Sen bir feryats\u0131n. \u0130\u015fte o yu\u0308zden ya\u015fam \u015fark\u0131s\u0131 bir feryat ve bir \u00e7\u0131\u011fl\u0131k gibi geliyor. Buna sen neden oluyorsun. Sen onu y\u0131k\u0131yor, bozuyor, mahvediyorsun. O sana gelirken bir \u015fark\u0131 olarak geliyor ama sana \u00e7arpt\u0131\u011f\u0131nda feryada d\u00f6nu\u0308\u015fu\u0308yor, \u00e7u\u0308nku\u0308 sen bir feryats\u0131n. Hastas\u0131n, rahats\u0131zlanm\u0131\u015fs\u0131n. B\u00f6lu\u0308k p\u00f6r\u00e7u\u0308ksu\u0308n; bu\u0308tu\u0308n de\u011filsin. \u015eark\u0131 senin i\u00e7inde y\u0131k\u0131lm\u0131\u015f.Sen kendin \u015fark\u0131 ol ve o zaman bu\u0308tu\u0308n ya\u015fam bir \u015fark\u0131 gibi gelir. O zaman hi\u00e7bir olumsuzluk kalmaz. Sen olumlu olursan bu\u0308tu\u0308n ya\u015fam olumlu olur.<\/p>\n","protected":false},"excerpt":{"rendered":"<p>Osho, \u0130\u00e7sel Yolculuk kitab\u0131nda dinamik meditasyon sisteminden, bu yolun getirdi\u011fi hediyelerden ve bu yolda kar\u015f\u0131m\u0131za \u00e7\u0131kabilecek tuzaklardan bahsediyor. \u0130nsan\u0131n bu du\u0308nyadaki yolculu\u011funu, duygular\u0131n\u0131 ve du\u0308\u015fu\u0308ncelerini derinden<span class=\"excerpt-hellip\"> [\u2026]<\/span><\/p>\n","protected":false},"featured_media":0,"template":"","meta":{"_monsterinsights_skip_tracking":false,"_monsterinsights_sitenote_active":false,"_monsterinsights_sitenote_note":"","_monsterinsights_sitenote_category":0},"product_brand":[],"product_cat":[13365,19822],"product_tag":[],"class_list":{"0":"post-724790","1":"product","2":"type-product","3":"status-publish","5":"product_cat-saglik","6":"product_cat-yoga-meditasyon","7":"pa_cilt-ciltsiz","8":"pa_tur-kitap","9":"pa_yayinevi-omega","10":"pa_yazar-osho","12":"first","13":"instock","14":"sale","15":"shipping-taxable","16":"purchasable","17":"product-type-simple"},"_links":{"self":[{"href":"https:\/\/roveyayinevi.com.tr\/index.php\/wp-json\/wp\/v2\/product\/724790","targetHints":{"allow":["GET"]}}],"collection":[{"href":"https:\/\/roveyayinevi.com.tr\/index.php\/wp-json\/wp\/v2\/product"}],"about":[{"href":"https:\/\/roveyayinevi.com.tr\/index.php\/wp-json\/wp\/v2\/types\/product"}],"wp:attachment":[{"href":"https:\/\/roveyayinevi.com.tr\/index.php\/wp-json\/wp\/v2\/media?parent=724790"}],"wp:term":[{"taxonomy":"product_brand","embeddable":true,"href":"https:\/\/roveyayinevi.com.tr\/index.php\/wp-json\/wp\/v2\/product_brand?post=724790"},{"taxonomy":"product_cat","embeddable":true,"href":"https:\/\/roveyayinevi.com.tr\/index.php\/wp-json\/wp\/v2\/product_cat?post=724790"},{"taxonomy":"product_tag","embeddable":true,"href":"https:\/\/roveyayinevi.com.tr\/index.php\/wp-json\/wp\/v2\/product_tag?post=724790"}],"curies":[{"name":"wp","href":"https:\/\/api.w.org\/{rel}","templated":true}]}}