{"id":724787,"date":"2025-08-27T19:39:48","date_gmt":"2025-08-27T16:39:48","guid":{"rendered":"https:\/\/roveyayinevi.com.tr\/index.php\/urun\/gulmek-var-donmek-yok-acayip-isler-takimi\/"},"modified":"2026-04-16T02:32:44","modified_gmt":"2026-04-15T23:32:44","slug":"gulmek-var-donmek-yok-acayip-isler-takimi","status":"publish","type":"product","link":"https:\/\/roveyayinevi.com.tr\/index.php\/urun\/gulmek-var-donmek-yok-acayip-isler-takimi\/","title":{"rendered":"G\u00fclmek Var D\u00f6nmek Yok &#8211; Acayip \u0130\u015fler Tak\u0131m\u0131"},"content":{"rendered":"<p>Ta ta ta tamm! Acayip \u0130\u015fler Tak\u0131m\u0131, yine acayip komik bir macerayla kar\u015f\u0131n\u0131zda!!Efe ve arkada\u015flar\u0131 bu sefer okulda d\u00fczenlenen bir sosyal sorumluk yar\u0131\u015fmas\u0131na kat\u0131l\u0131yorlar. Afrika\u2019da su kuyusu a\u00e7ma fikriyle yar\u0131\u015fmaya kat\u0131lan ekibimizin, projelerinin se\u00e7ilmesi i\u00e7in \u00e7evirmedikleri film kalm\u0131yor.Ekip ruhu ile tuz ruhunu kar\u0131\u015ft\u0131r\u0131p bol tuzlu \u00c7orum leblebisiyle empati kurdurma \u00e7abalar\u0131, b\u00fct\u00fcn okulun resmen su kaynatmas\u0131yla sonu\u00e7lan\u0131yor.\u0130yilik ve yard\u0131mla\u015fman\u0131n ko\u015fulsuz kazand\u0131\u011f\u0131, \u015famata ve e\u011flencenin su olup akt\u0131\u011f\u0131, \u201cAllah iyili\u011fimizi versin!\u201d dedirten bu kitab\u0131 okurken g\u00fcr\u00fclt\u00fcl\u00fc kahkahalar koparmak tamamen serbest.\u00c7\u00fcnk\u00fc kuyu a\u00e7\u0131l\u0131\u015f\u0131 i\u00e7in hep birlikte Afrika\u2019ya giden ekibimiz, bu kitapta tam anlam\u0131yla maceran\u0131n suyunu \u00e7\u0131kar\u0131yor.<\/p>\n","protected":false},"excerpt":{"rendered":"<p>Ta ta ta tamm! Acayip \u0130\u015fler Tak\u0131m\u0131, yine acayip komik bir macerayla kar\u015f\u0131n\u0131zda!!Efe ve arkada\u015flar\u0131 bu sefer okulda d\u00fczenlenen bir sosyal sorumluk yar\u0131\u015fmas\u0131na kat\u0131l\u0131yorlar. Afrika\u2019da su<span class=\"excerpt-hellip\"> [\u2026]<\/span><\/p>\n","protected":false},"featured_media":0,"template":"","meta":{"_monsterinsights_skip_tracking":false,"_monsterinsights_sitenote_active":false,"_monsterinsights_sitenote_note":"","_monsterinsights_sitenote_category":0},"product_brand":[],"product_cat":[12274,12284],"product_tag":[],"class_list":{"0":"post-724787","1":"product","2":"type-product","3":"status-publish","5":"product_cat-cocuk-ve-genclik-kitaplari","6":"product_cat-hikayeler","7":"pa_cilt-ciltsiz","8":"pa_tur-kitap","9":"pa_yayinevi-carpe-diem-kitaplari","10":"pa_yazar-salih-uyan","12":"first","13":"instock","14":"sale","15":"shipping-taxable","16":"purchasable","17":"product-type-simple"},"_links":{"self":[{"href":"https:\/\/roveyayinevi.com.tr\/index.php\/wp-json\/wp\/v2\/product\/724787","targetHints":{"allow":["GET"]}}],"collection":[{"href":"https:\/\/roveyayinevi.com.tr\/index.php\/wp-json\/wp\/v2\/product"}],"about":[{"href":"https:\/\/roveyayinevi.com.tr\/index.php\/wp-json\/wp\/v2\/types\/product"}],"wp:attachment":[{"href":"https:\/\/roveyayinevi.com.tr\/index.php\/wp-json\/wp\/v2\/media?parent=724787"}],"wp:term":[{"taxonomy":"product_brand","embeddable":true,"href":"https:\/\/roveyayinevi.com.tr\/index.php\/wp-json\/wp\/v2\/product_brand?post=724787"},{"taxonomy":"product_cat","embeddable":true,"href":"https:\/\/roveyayinevi.com.tr\/index.php\/wp-json\/wp\/v2\/product_cat?post=724787"},{"taxonomy":"product_tag","embeddable":true,"href":"https:\/\/roveyayinevi.com.tr\/index.php\/wp-json\/wp\/v2\/product_tag?post=724787"}],"curies":[{"name":"wp","href":"https:\/\/api.w.org\/{rel}","templated":true}]}}