{"id":724786,"date":"2025-08-27T19:39:47","date_gmt":"2025-08-27T16:39:47","guid":{"rendered":"https:\/\/roveyayinevi.com.tr\/index.php\/urun\/medeniyetler-diyalogu\/"},"modified":"2026-04-16T02:32:44","modified_gmt":"2026-04-15T23:32:44","slug":"medeniyetler-diyalogu","status":"publish","type":"product","link":"https:\/\/roveyayinevi.com.tr\/index.php\/urun\/medeniyetler-diyalogu\/","title":{"rendered":"Medeniyetler Diyalo\u011fu"},"content":{"rendered":"<p>Roger Garaudy bu eseri M\u00fcsl\u00fcman olmadan be\u015f sene \u00f6nce yazd\u0131.Yay\u0131nlan\u0131r yay\u0131nlanmaz bir\u00e7ok d\u00fcnya diline \u00e7evrildi. Pek \u00e7ok \u00fclkede defalarca bas\u0131ld\u0131. \u0130nsanl\u0131\u011f\u0131n gelece\u011fi i\u00e7in kafa yoranlar\u0131n kaynak kitab\u0131 oldu.Bu kitapta savunulan tez \u015fudur: Bat\u0131l\u0131lar taraf\u0131ndan y\u00fcz milyonlarca Amerikan yerlisine o korkun\u00e7 soyk\u0131r\u0131m yap\u0131lmasayd\u0131&#8230; Avrupal\u0131lar\u0131n k\u00f6le ticareti y\u00fcz\u00fcnden yine y\u00fcz milyonlarca Afrikal\u0131 b\u00fcy\u00fck bir katliama t\u00e2bi tutulmasayd\u0131&#8230; Emperyalist Bat\u0131, b\u00fct\u00fcn d\u00fcnyay\u0131 d\u00f6rt as\u0131r boyunca insafs\u0131zca s\u00f6m\u00fcrmeseydi&#8230; O s\u00f6m\u00fcr\u00fcy\u00fc h\u00e2l\u00e2 \u00e7e\u015fitli yollarla devam ettirmenin yollar\u0131n\u0131 aramasayd\u0131&#8230; S\u00f6m\u00fcrgecilik, ya\u011fma ve zul\u00fcm yerine, ah bir \u201cMedeniyetler Diyalo\u011fu\u201d ger\u00e7ekle\u015ftirilebilseydi!&#8230; \u0130nsanl\u0131k \u015fimdi insanca ya\u015faman\u0131n doruklar\u0131nda olurdu!Bu kitap, b\u00fct\u00fcn din, inan\u0131\u015f ve bilgelikler \u00fczerinde yeterli bilgi edinmi\u015f ve bunlardan hareketle evrensel boyutta bir insan\u00ee karde\u015flik ve payla\u015f\u0131m\u0131n nas\u0131l ger\u00e7ekle\u015ftirilmesi gerekti\u011fi konusunda kafa yormu\u015f bir d\u00fc\u015f\u00fcn\u00fcr\u00fcn kl\u00e2sikle\u015fmi\u015f \u015faheseridir<\/p>\n","protected":false},"excerpt":{"rendered":"<p>Roger Garaudy bu eseri M\u00fcsl\u00fcman olmadan be\u015f sene \u00f6nce yazd\u0131.Yay\u0131nlan\u0131r yay\u0131nlanmaz bir\u00e7ok d\u00fcnya diline \u00e7evrildi. Pek \u00e7ok \u00fclkede defalarca bas\u0131ld\u0131. \u0130nsanl\u0131\u011f\u0131n gelece\u011fi i\u00e7in kafa yoranlar\u0131n kaynak<span class=\"excerpt-hellip\"> [\u2026]<\/span><\/p>\n","protected":false},"featured_media":0,"template":"","meta":{"_monsterinsights_skip_tracking":false,"_monsterinsights_sitenote_active":false,"_monsterinsights_sitenote_note":"","_monsterinsights_sitenote_category":0},"product_brand":[],"product_cat":[13590,12337],"product_tag":[],"class_list":{"0":"post-724786","1":"product","2":"type-product","3":"status-publish","5":"product_cat-arastirma-inceleme-politika-siyaset","6":"product_cat-politika-siyaset","7":"pa_cilt-ciltsiz","8":"pa_tur-kitap","9":"pa_yayinevi-timas-yayinlari","10":"pa_yazar-roger-garaudy","12":"first","13":"instock","14":"sale","15":"shipping-taxable","16":"purchasable","17":"product-type-simple"},"_links":{"self":[{"href":"https:\/\/roveyayinevi.com.tr\/index.php\/wp-json\/wp\/v2\/product\/724786","targetHints":{"allow":["GET"]}}],"collection":[{"href":"https:\/\/roveyayinevi.com.tr\/index.php\/wp-json\/wp\/v2\/product"}],"about":[{"href":"https:\/\/roveyayinevi.com.tr\/index.php\/wp-json\/wp\/v2\/types\/product"}],"wp:attachment":[{"href":"https:\/\/roveyayinevi.com.tr\/index.php\/wp-json\/wp\/v2\/media?parent=724786"}],"wp:term":[{"taxonomy":"product_brand","embeddable":true,"href":"https:\/\/roveyayinevi.com.tr\/index.php\/wp-json\/wp\/v2\/product_brand?post=724786"},{"taxonomy":"product_cat","embeddable":true,"href":"https:\/\/roveyayinevi.com.tr\/index.php\/wp-json\/wp\/v2\/product_cat?post=724786"},{"taxonomy":"product_tag","embeddable":true,"href":"https:\/\/roveyayinevi.com.tr\/index.php\/wp-json\/wp\/v2\/product_tag?post=724786"}],"curies":[{"name":"wp","href":"https:\/\/api.w.org\/{rel}","templated":true}]}}