{"id":724785,"date":"2025-08-27T19:39:46","date_gmt":"2025-08-27T16:39:46","guid":{"rendered":"https:\/\/roveyayinevi.com.tr\/index.php\/urun\/kudusteki-son-osmanli\/"},"modified":"2026-04-16T02:32:44","modified_gmt":"2026-04-15T23:32:44","slug":"kudusteki-son-osmanli","status":"publish","type":"product","link":"https:\/\/roveyayinevi.com.tr\/index.php\/urun\/kudusteki-son-osmanli\/","title":{"rendered":"Kud\u00fcs&#8217;teki Son Osmanl\u0131"},"content":{"rendered":"<p>Kud\u00fcs&#8217;te, son nefesini verene kadar n\u00f6bete duran I\u011fd\u0131rl\u0131 Hasan Onba\u015f\u0131&#8230; Y\u0131llar sonra bir foto\u011fraf\u0131n pe\u015finden Kud\u00fcs yollar\u0131na d\u00fc\u015fen yazar Ahmet Kalemo\u011flu&#8230;&#8221;A\u015fk, bu topraklarda \u00f6l\u00fcm\u00fcnedir&#8230;&#8221;\u00c7\u00f6l\u00fcn kavuran s\u0131ca\u011f\u0131nda ilerleyen T\u00fcrk Ordusu&#8230; Direndikleri kum f\u0131rt\u0131nalar\u0131, sava\u015ft\u0131klar\u0131 susuzluk, \u00e7aresini bulamad\u0131klar\u0131 g\u00fcne\u015f&#8230; \u00c7\u00f6l\u00fcn ortas\u0131nda kalacaklar\u0131n\u0131 d\u00fc\u015f\u00fcn\u00fcrken feraha erdiklerinin i\u015fareti diye g\u00f6rd\u00fckleri hurma a\u011fa\u00e7lar\u0131&#8230; A\u011fa\u00e7lar\u0131n ard\u0131ndaysa d\u00fc\u015fman askerleri&#8230;\u00c7\u00f6l, askerin hen\u00fcz cepheye varmadan sava\u015ft\u0131\u011f\u0131 ilk d\u00fc\u015fman&#8230; Kanal Cephesi ve \u0130ngiliz askerleriyle girilen o \u00e7etin muharebe&#8230;&#8221;\u00d6l\u00fcm bizim pe\u015fimizde de\u011fil, biz onun pe\u015findeyiz.&#8221;Pay\u0131na d\u00fc\u015fen t\u00fcm m\u00fccadeleleri verdikten sonra, d\u00f6n\u00fc\u015fe haz\u0131r beklerken verilen son g\u00f6reve ilk g\u00f6n\u00fcll\u00fc oydu&#8230; I\u011fd\u0131rl\u0131 Hasan Onba\u015f\u0131!Mescid-i Aksa&#8217;n\u0131n, Kud\u00fcs&#8217;\u00fcn yetim kalan M\u00fcsl\u00fcmanlar\u0131n\u0131n tutunacaklar\u0131 son umut&#8230; Ard\u0131nda b\u0131rakt\u0131\u011f\u0131 b\u00fcy\u00fck fedakarl\u0131k \u00f6yk\u00fcs\u00fcn\u00fcn pe\u015fine tak\u0131lan vefal\u0131 bir yazar&#8230;\u0130smail Bilgin, bir kere daha T\u00fcrk tarihinin unutulan kahramanlar\u0131n\u0131 bize hat\u0131rlatmak i\u00e7in yaz\u0131yor&#8230; Kud\u00fcs&#8217;\u00fcn hik\u00e2yesini I\u011fd\u0131rl\u0131 Hasan Onba\u015f\u0131&#8217;n\u0131n n\u00f6betinden izleyece\u011fiz!<\/p>\n","protected":false},"excerpt":{"rendered":"<p>Kud\u00fcs&#8217;te, son nefesini verene kadar n\u00f6bete duran I\u011fd\u0131rl\u0131 Hasan Onba\u015f\u0131&#8230; Y\u0131llar sonra bir foto\u011fraf\u0131n pe\u015finden Kud\u00fcs yollar\u0131na d\u00fc\u015fen yazar Ahmet Kalemo\u011flu&#8230;&#8221;A\u015fk, bu topraklarda \u00f6l\u00fcm\u00fcnedir&#8230;&#8221;\u00c7\u00f6l\u00fcn kavuran s\u0131ca\u011f\u0131nda<span class=\"excerpt-hellip\"> [\u2026]<\/span><\/p>\n","protected":false},"featured_media":0,"template":"","meta":{"_monsterinsights_skip_tracking":false,"_monsterinsights_sitenote_active":false,"_monsterinsights_sitenote_note":"","_monsterinsights_sitenote_category":0},"product_brand":[],"product_cat":[12291,12711],"product_tag":[],"class_list":{"0":"post-724785","1":"product","2":"type-product","3":"status-publish","5":"product_cat-edebiyat","6":"product_cat-roman-oyku","7":"pa_cilt-ciltsiz","8":"pa_tur-kitap","9":"pa_yayinevi-timas-yayinlari","10":"pa_yazar-ismail-bilgin","12":"first","13":"instock","14":"sale","15":"shipping-taxable","16":"purchasable","17":"product-type-simple"},"_links":{"self":[{"href":"https:\/\/roveyayinevi.com.tr\/index.php\/wp-json\/wp\/v2\/product\/724785","targetHints":{"allow":["GET"]}}],"collection":[{"href":"https:\/\/roveyayinevi.com.tr\/index.php\/wp-json\/wp\/v2\/product"}],"about":[{"href":"https:\/\/roveyayinevi.com.tr\/index.php\/wp-json\/wp\/v2\/types\/product"}],"wp:attachment":[{"href":"https:\/\/roveyayinevi.com.tr\/index.php\/wp-json\/wp\/v2\/media?parent=724785"}],"wp:term":[{"taxonomy":"product_brand","embeddable":true,"href":"https:\/\/roveyayinevi.com.tr\/index.php\/wp-json\/wp\/v2\/product_brand?post=724785"},{"taxonomy":"product_cat","embeddable":true,"href":"https:\/\/roveyayinevi.com.tr\/index.php\/wp-json\/wp\/v2\/product_cat?post=724785"},{"taxonomy":"product_tag","embeddable":true,"href":"https:\/\/roveyayinevi.com.tr\/index.php\/wp-json\/wp\/v2\/product_tag?post=724785"}],"curies":[{"name":"wp","href":"https:\/\/api.w.org\/{rel}","templated":true}]}}