{"id":724784,"date":"2025-08-27T19:39:45","date_gmt":"2025-08-27T16:39:45","guid":{"rendered":"https:\/\/roveyayinevi.com.tr\/index.php\/urun\/noropolis\/"},"modified":"2026-04-16T02:32:44","modified_gmt":"2026-04-15T23:32:44","slug":"noropolis","status":"publish","type":"product","link":"https:\/\/roveyayinevi.com.tr\/index.php\/urun\/noropolis\/","title":{"rendered":"N\u00f6ropolis"},"content":{"rendered":"<p>obert Newman\u2019\u0131n stand-up g\u00f6sterisi ve BBC Radio 4 programlar\u0131na dayanan N\u00f6ropolis, beyin bilimi \u00fczerine \u00f6n kabulleri alt\u00fcst eden bilimsel bulu\u015flar\u0131 ara\u015ft\u0131r\u0131yor.Newman N\u00f6ropolis\u2019te, beynin sadece karma\u015f\u0131k bir bilgisayar oldu\u011fu iddias\u0131n\u0131n yanl\u0131\u015f oldu\u011funu savunuyor. N\u00f6robilimdeki ger\u00e7ekten heyecan verici geli\u015fmeler, antik okyanuslardaki belle\u011fin k\u00f6kenleri hakk\u0131nda hayranl\u0131k uyand\u0131ran ke\u015fifler gibi, beyin biliminin neden bu kadar tuhaf bir indirgemeci d\u00fcnya g\u00f6r\u00fc\u015f\u00fcne adanm\u0131\u015f oldu\u011funu sorguluyor. Beyin biliminin \u201cbeyinsiz\u201d yorumlar\u0131n\u0131 ortadan kald\u0131rarak daha ilgi \u00e7ekici ve az bilinen geli\u015fmeleri, keyifli bir anlat\u0131mla okura sunuyor.\u201cBo\u015f bilime, kapitalistlere ve Brian Cox\u2019a cevab\u0131n\u0131 veren Newman\u2019\u0131n n\u00f6robilim merak\u0131n\u0131n, zihni-tetikleyen sonu\u00e7lar\u0131 bu kitap.\u201d\u2013 Guardian\u201cB\u00fcy\u00fcleyici ve son derece orijinal bir kitap, elinize ald\u0131ktan sonra iki saatin nas\u0131l ge\u00e7ti\u011fini anlam\u0131yorsunuz.\u201d\u2013 The Spectator\u201cNewman, bilimsel birikimini g\u00f6z kama\u015ft\u0131ran zek\u00e2 manevralar\u0131yla birle\u015ftiriyor.\u201d \u2013 The Times\u201cKomik\u2026 eksantrik\u2026 ustal\u0131kla kaleme al\u0131nm\u0131\u015f.\u201d\u2013 Nature<\/p>\n","protected":false},"excerpt":{"rendered":"<p>obert Newman\u2019\u0131n stand-up g\u00f6sterisi ve BBC Radio 4 programlar\u0131na dayanan N\u00f6ropolis, beyin bilimi \u00fczerine \u00f6n kabulleri alt\u00fcst eden bilimsel bulu\u015flar\u0131 ara\u015ft\u0131r\u0131yor.Newman N\u00f6ropolis\u2019te, beynin sadece karma\u015f\u0131k bir<span class=\"excerpt-hellip\"> [\u2026]<\/span><\/p>\n","protected":false},"featured_media":0,"template":"","meta":{"_monsterinsights_skip_tracking":false,"_monsterinsights_sitenote_active":false,"_monsterinsights_sitenote_note":"","_monsterinsights_sitenote_category":0},"product_brand":[],"product_cat":[13005,13006],"product_tag":[],"class_list":{"0":"post-724784","1":"product","2":"type-product","3":"status-publish","5":"product_cat-bilim-muhendislik","6":"product_cat-populer-bilim","7":"pa_cilt-ciltsiz","8":"pa_tur-kitap","9":"pa_yayinevi-timas-yayinlari","10":"pa_yazar-robert-newman","12":"first","13":"instock","14":"sale","15":"shipping-taxable","16":"purchasable","17":"product-type-simple"},"_links":{"self":[{"href":"https:\/\/roveyayinevi.com.tr\/index.php\/wp-json\/wp\/v2\/product\/724784","targetHints":{"allow":["GET"]}}],"collection":[{"href":"https:\/\/roveyayinevi.com.tr\/index.php\/wp-json\/wp\/v2\/product"}],"about":[{"href":"https:\/\/roveyayinevi.com.tr\/index.php\/wp-json\/wp\/v2\/types\/product"}],"wp:attachment":[{"href":"https:\/\/roveyayinevi.com.tr\/index.php\/wp-json\/wp\/v2\/media?parent=724784"}],"wp:term":[{"taxonomy":"product_brand","embeddable":true,"href":"https:\/\/roveyayinevi.com.tr\/index.php\/wp-json\/wp\/v2\/product_brand?post=724784"},{"taxonomy":"product_cat","embeddable":true,"href":"https:\/\/roveyayinevi.com.tr\/index.php\/wp-json\/wp\/v2\/product_cat?post=724784"},{"taxonomy":"product_tag","embeddable":true,"href":"https:\/\/roveyayinevi.com.tr\/index.php\/wp-json\/wp\/v2\/product_tag?post=724784"}],"curies":[{"name":"wp","href":"https:\/\/api.w.org\/{rel}","templated":true}]}}