{"id":724779,"date":"2025-08-27T19:39:41","date_gmt":"2025-08-27T16:39:41","guid":{"rendered":"https:\/\/roveyayinevi.com.tr\/index.php\/urun\/salgin-sonrasi-yeni-dunya-duzeni\/"},"modified":"2026-04-16T02:32:29","modified_gmt":"2026-04-15T23:32:29","slug":"salgin-sonrasi-yeni-dunya-duzeni","status":"publish","type":"product","link":"https:\/\/roveyayinevi.com.tr\/index.php\/urun\/salgin-sonrasi-yeni-dunya-duzeni\/","title":{"rendered":"Salg\u0131n Sonras\u0131 Yeni D\u00fcnya D\u00fczeni"},"content":{"rendered":"<p>\u201cT\u00fcrkiye, salg\u0131n s\u00fcrecinde \u00e7arp\u0131c\u0131 bir \u015feyi ya\u015fad\u0131. \u00dclkenin bilim ve sa\u011fl\u0131k kadrolar\u0131 ve onlara her d\u00fczeyde yard\u0131mc\u0131 olan emek\u00e7iler bir b\u00fct\u00fcnl\u00fck halinde itfaiyeci gibi \u00e7al\u0131\u015ft\u0131lar. Bu bir siyasal karar mekanizmas\u0131n\u0131n kuru ve maddi te\u015fviklerle \u00e7al\u0131\u015fan b\u00fcrokrasisine benziyor mu? Benzemiyor. Bu, salg\u0131nda olu\u015fan emek \u00f6rg\u00fctlenmesidir. Bir b\u00fcy\u00fck \u201cSa\u011fl\u0131k Emek\u00e7ileri Toplumu\u201ddur. Hekimlerden laboratuvar uzmanlar\u0131na, hem\u015firelere, hastabak\u0131c\u0131lara, tan\u0131 ve bak\u0131mda \u00e7al\u0131\u015fanlara, idari personele, ta\u015f\u0131y\u0131c\u0131 ve temizlik\u00e7ilere, yemekhane \u00e7al\u0131\u015fanlar\u0131na, \u015fof\u00f6rlere, g\u00fcvenlik\u00e7ilere, defindekilere, k\u0131sacas\u0131 t\u00fcm\u00fcne uzanan, t\u00fcm\u00fcn\u00fc tek ortak hedefte birle\u015ftiren bir topluluk. Birbirini tamamlayan bir emek zinciriyle olu\u015fan kolektif \u00e7aban\u0131n insanlar\u0131.\u201d Cumhuriyet gazetesi do\u011fru bir zamanlama ile, ya\u015fad\u0131\u011f\u0131m\u0131z g\u00fcnlerin gelecek i\u00e7in ba\u015flang\u0131\u00e7 olaca\u011f\u0131n\u0131 vurgulayan diziyi yapt\u0131; diziyi kitapla\u015ft\u0131rd\u0131.\u201d Prof. Dr. Bilsay Kuru\u00e7 Ankara \u00dcniversitesi Siyasal Bilgiler Fak\u00fcltesi\ufffcTan\u0131t\u0131m Metni<\/p>\n","protected":false},"excerpt":{"rendered":"<p>\u201cT\u00fcrkiye, salg\u0131n s\u00fcrecinde \u00e7arp\u0131c\u0131 bir \u015feyi ya\u015fad\u0131. \u00dclkenin bilim ve sa\u011fl\u0131k kadrolar\u0131 ve onlara her d\u00fczeyde yard\u0131mc\u0131 olan emek\u00e7iler bir b\u00fct\u00fcnl\u00fck halinde itfaiyeci gibi \u00e7al\u0131\u015ft\u0131lar. Bu<span class=\"excerpt-hellip\"> [\u2026]<\/span><\/p>\n","protected":false},"featured_media":0,"template":"","meta":{"_monsterinsights_skip_tracking":false,"_monsterinsights_sitenote_active":false,"_monsterinsights_sitenote_note":"","_monsterinsights_sitenote_category":0},"product_brand":[],"product_cat":[13590,12337],"product_tag":[],"class_list":{"0":"post-724779","1":"product","2":"type-product","3":"status-publish","5":"product_cat-arastirma-inceleme-politika-siyaset","6":"product_cat-politika-siyaset","7":"pa_cilt-ciltsiz","8":"pa_tur-kitap","9":"pa_yayinevi-cumhuriyet-kitaplari","10":"pa_yazar-kolektif","12":"first","13":"instock","14":"sale","15":"shipping-taxable","16":"purchasable","17":"product-type-simple"},"_links":{"self":[{"href":"https:\/\/roveyayinevi.com.tr\/index.php\/wp-json\/wp\/v2\/product\/724779","targetHints":{"allow":["GET"]}}],"collection":[{"href":"https:\/\/roveyayinevi.com.tr\/index.php\/wp-json\/wp\/v2\/product"}],"about":[{"href":"https:\/\/roveyayinevi.com.tr\/index.php\/wp-json\/wp\/v2\/types\/product"}],"wp:attachment":[{"href":"https:\/\/roveyayinevi.com.tr\/index.php\/wp-json\/wp\/v2\/media?parent=724779"}],"wp:term":[{"taxonomy":"product_brand","embeddable":true,"href":"https:\/\/roveyayinevi.com.tr\/index.php\/wp-json\/wp\/v2\/product_brand?post=724779"},{"taxonomy":"product_cat","embeddable":true,"href":"https:\/\/roveyayinevi.com.tr\/index.php\/wp-json\/wp\/v2\/product_cat?post=724779"},{"taxonomy":"product_tag","embeddable":true,"href":"https:\/\/roveyayinevi.com.tr\/index.php\/wp-json\/wp\/v2\/product_tag?post=724779"}],"curies":[{"name":"wp","href":"https:\/\/api.w.org\/{rel}","templated":true}]}}