{"id":724778,"date":"2025-08-27T19:39:41","date_gmt":"2025-08-27T16:39:41","guid":{"rendered":"https:\/\/roveyayinevi.com.tr\/index.php\/urun\/icimizdeki-yabanci-virus\/"},"modified":"2026-04-16T02:32:29","modified_gmt":"2026-04-15T23:32:29","slug":"icimizdeki-yabanci-virus","status":"publish","type":"product","link":"https:\/\/roveyayinevi.com.tr\/index.php\/urun\/icimizdeki-yabanci-virus\/","title":{"rendered":"\u0130\u00e7imizdeki Yabanc\u0131: Vir\u00fcs"},"content":{"rendered":"<p>Elle tutulmayan, g\u00f6zle g\u00f6r\u00fclmeyen bir protein sarmal\u0131 d\u00fcnyay\u0131 de\u011fil ama kendisini d\u00fcnyan\u0131n efendisisayan insan\u0131 titretti, \u00fcrk\u00fctt\u00fc, korkuttu.\u00d6ld\u00fcrd\u00fc de\u2026Koronayla sava\u015f \u00e7\u0131\u011fl\u0131klar\u0131n\u0131n yank\u0131land\u0131\u011f\u0131 yerk\u00fcrede neredeyse d\u00fcnyadaki ya\u015fam\u0131n ba\u015f\u0131ndan bu yanavarl\u0131\u011f\u0131n\u0131 s\u00fcrd\u00fcren vir\u00fcslerden birinin sald\u0131\u011f\u0131 korku anla\u015f\u0131ld\u0131 da, vermek istedi\u011fi ileti anla\u015f\u0131ld\u0131 m\u0131?<\/p>\n","protected":false},"excerpt":{"rendered":"<p>Elle tutulmayan, g\u00f6zle g\u00f6r\u00fclmeyen bir protein sarmal\u0131 d\u00fcnyay\u0131 de\u011fil ama kendisini d\u00fcnyan\u0131n efendisisayan insan\u0131 titretti, \u00fcrk\u00fctt\u00fc, korkuttu.\u00d6ld\u00fcrd\u00fc de\u2026Koronayla sava\u015f \u00e7\u0131\u011fl\u0131klar\u0131n\u0131n yank\u0131land\u0131\u011f\u0131 yerk\u00fcrede neredeyse d\u00fcnyadaki ya\u015fam\u0131n ba\u015f\u0131ndan<span class=\"excerpt-hellip\"> [\u2026]<\/span><\/p>\n","protected":false},"featured_media":0,"template":"","meta":{"_monsterinsights_skip_tracking":false,"_monsterinsights_sitenote_active":false,"_monsterinsights_sitenote_note":"","_monsterinsights_sitenote_category":0},"product_brand":[],"product_cat":[52477],"product_tag":[],"class_list":{"0":"post-724778","1":"product","2":"type-product","3":"status-publish","5":"product_cat-arastirma","6":"pa_cilt-ciltsiz","7":"pa_tur-kitap","8":"pa_yayinevi-cumhuriyet-kitaplari","9":"pa_yazar-ceyhun-balci","11":"first","12":"instock","13":"sale","14":"shipping-taxable","15":"purchasable","16":"product-type-simple"},"_links":{"self":[{"href":"https:\/\/roveyayinevi.com.tr\/index.php\/wp-json\/wp\/v2\/product\/724778","targetHints":{"allow":["GET"]}}],"collection":[{"href":"https:\/\/roveyayinevi.com.tr\/index.php\/wp-json\/wp\/v2\/product"}],"about":[{"href":"https:\/\/roveyayinevi.com.tr\/index.php\/wp-json\/wp\/v2\/types\/product"}],"wp:attachment":[{"href":"https:\/\/roveyayinevi.com.tr\/index.php\/wp-json\/wp\/v2\/media?parent=724778"}],"wp:term":[{"taxonomy":"product_brand","embeddable":true,"href":"https:\/\/roveyayinevi.com.tr\/index.php\/wp-json\/wp\/v2\/product_brand?post=724778"},{"taxonomy":"product_cat","embeddable":true,"href":"https:\/\/roveyayinevi.com.tr\/index.php\/wp-json\/wp\/v2\/product_cat?post=724778"},{"taxonomy":"product_tag","embeddable":true,"href":"https:\/\/roveyayinevi.com.tr\/index.php\/wp-json\/wp\/v2\/product_tag?post=724778"}],"curies":[{"name":"wp","href":"https:\/\/api.w.org\/{rel}","templated":true}]}}